{"id":4220,"date":"2016-05-25T10:31:38","date_gmt":"2016-05-25T09:31:38","guid":{"rendered":"http:\/\/www.mylene.net\/mfv3atw\/galeries-photos-mf\/?page_id=4220"},"modified":"2025-08-10T20:29:31","modified_gmt":"2025-08-10T18:29:31","slug":"photographe-marianne-rosenstiehl-avril-1991-2","status":"publish","type":"page","link":"https:\/\/mig.mylene.net\/galeries-photos-mylene-farmer\/photographe-marianne-rosenstiehl-avril-1991-2","title":{"rendered":"Myl\u00e8ne Farmer &#8211; Photographe Marianne Rosenstiehl &#8211; Avril 1991 (2)"},"content":{"rendered":"<p>ngg_shortcode_0_placeholder<br \/>\nngg_shortcode_1_placeholder<\/p>\n<div class=\"galerie_description\">\n<div class=\"galerie_description_table\">\n<div class=\"galerie_description_line\">\n<div class=\"title themecolored\">Photographe<\/div>\n<div class=\"content\">Marianne Rosenstiehl<\/div>\n<\/div>\n<div class=\"galerie_description_line\">\n<div class=\"title themecolored\">Date<\/div>\n<div class=\"content\">15 avril 1991<\/div>\n<\/div>\n<div class=\"galerie_description_line\">\n<div class=\"title themecolored\">Lieu<\/div>\n<div class=\"content\">Paris, France<\/div>\n<\/div>\n<\/div>\n<\/div>\n<p>&nbsp;<\/p>\n<div class=\"galerie_description_fullline with_border\">\n<p>S\u00e9ance photo pour la promotion de l&rsquo;album <em>L&rsquo;autre&#8230;<\/em><br \/>\nMyl\u00e8ne pose avec la sc\u00e9nariste et r\u00e9alisatrice Dani\u00e8le Thompson sur certaines photos. <a href=\"http:\/\/www.mylene.net\/presse-mylene-farmer\/tag\/madame-figaro\">\u00ab\u00a0Madame Figaro\u00a0\u00bb publiera un entretien entre les deux artistes le 01er novembre 1991 qui sera notamment illustr\u00e9 par l&rsquo;une des photos de cette s\u00e9rie.<\/a>.<br \/>\nMyl\u00e8ne porte une tenue d&rsquo;Issey Miyak\u00e9.<\/p>\n<\/div>\n","protected":false},"excerpt":{"rendered":"<p>Photographe Marianne Rosenstiehl Date 15 avril 1991 Lieu Paris, France &nbsp; S\u00e9ance photo pour la promotion de l&rsquo;album L&rsquo;autre&#8230; Myl\u00e8ne pose avec la sc\u00e9nariste et r\u00e9alisatrice Dani\u00e8le Thompson sur certaines photos. \u00ab\u00a0Madame Figaro\u00a0\u00bb publiera un entretien entre les deux artistes le 01er novembre 1991 qui sera notamment illustr\u00e9 par l&rsquo;une des photos de cette s\u00e9rie.. &hellip; <a href=\"https:\/\/mig.mylene.net\/galeries-photos-mylene-farmer\/photographe-marianne-rosenstiehl-avril-1991-2\" class=\"more-link\">Continue reading<span class=\"screen-reader-text\"> \u00ab\u00a0Myl\u00e8ne Farmer &#8211; Photographe Marianne Rosenstiehl &#8211; Avril 1991 (2)\u00a0\u00bb<\/span><\/a><\/p>\n","protected":false},"author":2,"featured_media":0,"parent":0,"menu_order":0,"comment_status":"closed","ping_status":"closed","template":"","meta":{"_acf_changed":false,"ngg_post_thumbnail":0,"footnotes":""},"class_list":["post-4220","page","type-page","status-publish","hentry"],"acf":[],"_links":{"self":[{"href":"https:\/\/mig.mylene.net\/galeries-photos-mylene-farmer\/wp-json\/wp\/v2\/pages\/4220","targetHints":{"allow":["GET"]}}],"collection":[{"href":"https:\/\/mig.mylene.net\/galeries-photos-mylene-farmer\/wp-json\/wp\/v2\/pages"}],"about":[{"href":"https:\/\/mig.mylene.net\/galeries-photos-mylene-farmer\/wp-json\/wp\/v2\/types\/page"}],"author":[{"embeddable":true,"href":"https:\/\/mig.mylene.net\/galeries-photos-mylene-farmer\/wp-json\/wp\/v2\/users\/2"}],"replies":[{"embeddable":true,"href":"https:\/\/mig.mylene.net\/galeries-photos-mylene-farmer\/wp-json\/wp\/v2\/comments?post=4220"}],"version-history":[{"count":1,"href":"https:\/\/mig.mylene.net\/galeries-photos-mylene-farmer\/wp-json\/wp\/v2\/pages\/4220\/revisions"}],"predecessor-version":[{"id":24881,"href":"https:\/\/mig.mylene.net\/galeries-photos-mylene-farmer\/wp-json\/wp\/v2\/pages\/4220\/revisions\/24881"}],"wp:attachment":[{"href":"https:\/\/mig.mylene.net\/galeries-photos-mylene-farmer\/wp-json\/wp\/v2\/media?parent=4220"}],"curies":[{"name":"wp","href":"https:\/\/api.w.org\/{rel}","templated":true}]}}