{"id":4130,"date":"2016-05-25T10:25:45","date_gmt":"2016-05-25T09:25:45","guid":{"rendered":"http:\/\/www.mylene.net\/mfv3atw\/galeries-photos-mf\/?page_id=4130"},"modified":"2025-07-29T21:04:53","modified_gmt":"2025-07-29T19:04:53","slug":"photographe-marianne-rosenstiehl-janvier-1991","status":"publish","type":"page","link":"https:\/\/mig.mylene.net\/galeries-photos-mylene-farmer\/photographe-marianne-rosenstiehl-janvier-1991","title":{"rendered":"Mylene Farmer &#8211; Photographe Marianne Rosenstiehl &#8211; Janvier 1991"},"content":{"rendered":"<p>ngg_shortcode_0_placeholder<br \/>\nngg_shortcode_1_placeholder<\/p>\n<div class=\"galerie_description\">\n<div class=\"galerie_description_table\">\n<div class=\"galerie_description_line\">\n<div class=\"title themecolored\">Photographe<\/div>\n<div class=\"content\">Marianne Rosenstiehl<\/div>\n<\/div>\n<div class=\"galerie_description_line\">\n<div class=\"title themecolored\">Dates<\/div>\n<div class=\"content\">11 et 12 janvier 1991<\/div>\n<\/div>\n<div class=\"galerie_description_line\">\n<div class=\"title themecolored\">Lieu<\/div>\n<div class=\"content\">Paris, France<\/div>\n<\/div>\n<\/div>\n<\/div>\n<p>&nbsp;<\/p>\n<div class=\"galerie_description_fullline with_border\">\n<p>Myl\u00e8ne change de coiffure et d\u00e9cide d&rsquo;adopter une coupe courte pour la sortie de l&rsquo;album <em>L&rsquo;autre&#8230;<\/em><\/p>\n<p>La coupe se d\u00e9roule dans le salon parisien du coiffeur Jean-Marc Maniatis.<\/p>\n<p>Myl\u00e8ne avait pr\u00e9venu !<br \/>\nInvit\u00e9e de l&rsquo;\u00e9mission \u00ab\u00a0Nulle Part Ailleurs\u00a0\u00bb sur Canal + le 7 octobre 1988 Myl\u00e8ne avait d\u00e9clar\u00e9 : \u00ab\u00a0C\u2019est les cheveux l\u00e2ch\u00e9s ou le catogan. Et un jour, les cheveux tr\u00e8s, tr\u00e8s courts !\u00a0\u00bb. Puis, dans le magazine \u00ab\u00a0Coiffure Beaut\u00e9 Internationale\u00a0\u00bb en d\u00e9cembre 1989 : \u00ab\u00a0Je vais peut-\u00eatre couper mes cheveux ! La d\u00e9cision n\u2019est pas facile \u00e0 prendre mais j\u2019aime beaucoup le style gar\u00e7onne qu\u2019avait Jane Birkin au temps de Je t\u2019aime moi non plus. Vous me verrez avec des cheveux courts mais pas avant un an.\u00a0\u00bb<\/p>\n<\/div>\n","protected":false},"excerpt":{"rendered":"<p>Photographe Marianne Rosenstiehl Dates 11 et 12 janvier 1991 Lieu Paris, France &nbsp; Myl\u00e8ne change de coiffure et d\u00e9cide d&rsquo;adopter une coupe courte pour la sortie de l&rsquo;album L&rsquo;autre&#8230; La coupe se d\u00e9roule dans le salon parisien du coiffeur Jean-Marc Maniatis. Myl\u00e8ne avait pr\u00e9venu ! Invit\u00e9e de l&rsquo;\u00e9mission \u00ab\u00a0Nulle Part Ailleurs\u00a0\u00bb sur Canal + le &hellip; <a href=\"https:\/\/mig.mylene.net\/galeries-photos-mylene-farmer\/photographe-marianne-rosenstiehl-janvier-1991\" class=\"more-link\">Continue reading<span class=\"screen-reader-text\"> \u00ab\u00a0Mylene Farmer &#8211; Photographe Marianne Rosenstiehl &#8211; Janvier 1991\u00a0\u00bb<\/span><\/a><\/p>\n","protected":false},"author":2,"featured_media":0,"parent":0,"menu_order":0,"comment_status":"closed","ping_status":"closed","template":"","meta":{"_acf_changed":false,"ngg_post_thumbnail":0,"footnotes":""},"class_list":["post-4130","page","type-page","status-publish","hentry"],"acf":[],"_links":{"self":[{"href":"https:\/\/mig.mylene.net\/galeries-photos-mylene-farmer\/wp-json\/wp\/v2\/pages\/4130","targetHints":{"allow":["GET"]}}],"collection":[{"href":"https:\/\/mig.mylene.net\/galeries-photos-mylene-farmer\/wp-json\/wp\/v2\/pages"}],"about":[{"href":"https:\/\/mig.mylene.net\/galeries-photos-mylene-farmer\/wp-json\/wp\/v2\/types\/page"}],"author":[{"embeddable":true,"href":"https:\/\/mig.mylene.net\/galeries-photos-mylene-farmer\/wp-json\/wp\/v2\/users\/2"}],"replies":[{"embeddable":true,"href":"https:\/\/mig.mylene.net\/galeries-photos-mylene-farmer\/wp-json\/wp\/v2\/comments?post=4130"}],"version-history":[{"count":2,"href":"https:\/\/mig.mylene.net\/galeries-photos-mylene-farmer\/wp-json\/wp\/v2\/pages\/4130\/revisions"}],"predecessor-version":[{"id":24876,"href":"https:\/\/mig.mylene.net\/galeries-photos-mylene-farmer\/wp-json\/wp\/v2\/pages\/4130\/revisions\/24876"}],"wp:attachment":[{"href":"https:\/\/mig.mylene.net\/galeries-photos-mylene-farmer\/wp-json\/wp\/v2\/media?parent=4130"}],"curies":[{"name":"wp","href":"https:\/\/api.w.org\/{rel}","templated":true}]}}