{"id":3548,"date":"2016-05-24T11:02:43","date_gmt":"2016-05-24T10:02:43","guid":{"rendered":"http:\/\/www.mylene.net\/mfv3atw\/galeries-photos-mf\/?page_id=3548"},"modified":"2025-07-29T21:00:56","modified_gmt":"2025-07-29T19:00:56","slug":"interchallenges-tf1-20-novembre-1988","status":"publish","type":"page","link":"https:\/\/mig.mylene.net\/galeries-photos-mylene-farmer\/interchallenges-tf1-20-novembre-1988","title":{"rendered":"Myl\u00e8ne Farmer &#8211; Interchallenges &#8211; TF1 &#8211; 20 novembre 1988"},"content":{"rendered":"ngg_shortcode_0_placeholder\nngg_shortcode_1_placeholder\n<div class=\"galerie_description\">\n<div class=\"galerie_description_table\">\n<div class=\"galerie_description_line\">\n<div class=\"title themecolored\">Photographes<\/div>\n<div class=\"content\">Divers<\/div>\n<\/div>\n<div class=\"galerie_description_line\">\n<div class=\"title themecolored\">Date<\/div>\n<div class=\"content\">20 novembre 1988<\/div>\n<\/div>\n<div class=\"galerie_description_line\">\n<div class=\"title themecolored\">Lieu<\/div>\n<div class=\"content\">Paris, France<\/div>\n<\/div>\n<\/div>\n<\/div>\n<p>&nbsp;<\/p>\n<div class=\"galerie_description_fullline with_border\">\n<p>Emission diffus\u00e9e en prime time et en direct sur TF1 le 20 novembre 1988, pr\u00e9sent\u00e9e par Bernard Montiel.<br \/>\nMyl\u00e8ne interpr\u00e8te <em>Pourvu qu&rsquo;elles soient douces<\/em> puis r\u00e9pond \u00e0 une tr\u00e8s tr\u00e8s br\u00e8ve interview.<\/p>\n<p><a href=\"http:\/\/www.mylene.net\/modules\/index.php?r=432\">\u00ab\u00a0Interchallenges\u00a0\u00bb le 20 novembre 1988 &#8211; Infos &amp; Vid\u00e9o<\/a><\/p>\n<\/div>\n","protected":false},"excerpt":{"rendered":"<p>&nbsp; Photographes Divers Date 20 novembre 1988 Lieu Paris, France &nbsp; Emission diffus\u00e9e en prime time et en direct sur TF1 le 20 novembre 1988, pr\u00e9sent\u00e9e par Bernard Montiel. Myl\u00e8ne interpr\u00e8te Pourvu qu&rsquo;elles soient douces puis r\u00e9pond \u00e0 une tr\u00e8s tr\u00e8s br\u00e8ve interview. \u00ab\u00a0Interchallenges\u00a0\u00bb le 20 novembre 1988 &#8211; Infos &amp; Vid\u00e9o<\/p>\n","protected":false},"author":2,"featured_media":0,"parent":0,"menu_order":0,"comment_status":"closed","ping_status":"closed","template":"","meta":{"_acf_changed":false,"ngg_post_thumbnail":0,"footnotes":""},"class_list":["post-3548","page","type-page","status-publish","hentry"],"acf":[],"_links":{"self":[{"href":"https:\/\/mig.mylene.net\/galeries-photos-mylene-farmer\/wp-json\/wp\/v2\/pages\/3548","targetHints":{"allow":["GET"]}}],"collection":[{"href":"https:\/\/mig.mylene.net\/galeries-photos-mylene-farmer\/wp-json\/wp\/v2\/pages"}],"about":[{"href":"https:\/\/mig.mylene.net\/galeries-photos-mylene-farmer\/wp-json\/wp\/v2\/types\/page"}],"author":[{"embeddable":true,"href":"https:\/\/mig.mylene.net\/galeries-photos-mylene-farmer\/wp-json\/wp\/v2\/users\/2"}],"replies":[{"embeddable":true,"href":"https:\/\/mig.mylene.net\/galeries-photos-mylene-farmer\/wp-json\/wp\/v2\/comments?post=3548"}],"version-history":[{"count":1,"href":"https:\/\/mig.mylene.net\/galeries-photos-mylene-farmer\/wp-json\/wp\/v2\/pages\/3548\/revisions"}],"predecessor-version":[{"id":24871,"href":"https:\/\/mig.mylene.net\/galeries-photos-mylene-farmer\/wp-json\/wp\/v2\/pages\/3548\/revisions\/24871"}],"wp:attachment":[{"href":"https:\/\/mig.mylene.net\/galeries-photos-mylene-farmer\/wp-json\/wp\/v2\/media?parent=3548"}],"curies":[{"name":"wp","href":"https:\/\/api.w.org\/{rel}","templated":true}]}}