{"id":3527,"date":"2016-05-24T11:01:55","date_gmt":"2016-05-24T10:01:55","guid":{"rendered":"http:\/\/www.mylene.net\/mfv3atw\/galeries-photos-mf\/?page_id=3527"},"modified":"2025-03-25T13:47:05","modified_gmt":"2025-03-25T12:47:05","slug":"victoires-de-la-musique-19-novembre-1988","status":"publish","type":"page","link":"https:\/\/mig.mylene.net\/galeries-photos-mylene-farmer\/victoires-de-la-musique-19-novembre-1988","title":{"rendered":"Myl\u00e8ne Farmer &#8211; Victoires de la Musique &#8211; 19 novembre 1988"},"content":{"rendered":"ngg_shortcode_0_placeholder\n<div class=\"galerie_description\">\n<div class=\"galerie_description_table\">\n<div class=\"galerie_description_line\">\n<div class=\"title themecolored\">Photographes<\/div>\n<div class=\"content\">Divers<\/div>\n<\/div>\n<div class=\"galerie_description_line\">\n<div class=\"title themecolored\">Dates<\/div>\n<div class=\"content\">19 novembre 1988<\/div>\n<\/div>\n<div class=\"galerie_description_line\">\n<div class=\"title themecolored\">Lieu<\/div>\n<div class=\"content\">Paris, France<\/div>\n<\/div>\n<\/div>\n<\/div>\n<p>&nbsp;<\/p>\n<div class=\"galerie_description_fullline with_border\">\n<p>C\u00e9r\u00e9monie diffus\u00e9e en direct sur TF1 et pr\u00e9sent\u00e9e par Patrick Sabatier.<br \/>\nMyl\u00e8ne remporte la Victoire de l&rsquo;interpr\u00e8te f\u00e9minine de l&rsquo;ann\u00e9e.<br \/>\n<a href=\"http:\/\/www.mylene.net\/modules\/index.php?r=635\">Vid\u00e9o des Victoires de la musique 1988<\/a><br \/>\n<a href=\"http:\/\/mylene.net\/mylene\/mylene-farmer-victoires-de-la-musique-dossier.php\">Dossier sur Myl\u00e8ne Farmer &amp; les Victoires de la Musique<\/a><\/p>\n<\/div>\n","protected":false},"excerpt":{"rendered":"<p>Photographes Divers Dates 19 novembre 1988 Lieu Paris, France &nbsp; C\u00e9r\u00e9monie diffus\u00e9e en direct sur TF1 et pr\u00e9sent\u00e9e par Patrick Sabatier. Myl\u00e8ne remporte la Victoire de l&rsquo;interpr\u00e8te f\u00e9minine de l&rsquo;ann\u00e9e. Vid\u00e9o des Victoires de la musique 1988 Dossier sur Myl\u00e8ne Farmer &amp; les Victoires de la Musique<\/p>\n","protected":false},"author":2,"featured_media":0,"parent":0,"menu_order":0,"comment_status":"closed","ping_status":"closed","template":"","meta":{"_acf_changed":false,"ngg_post_thumbnail":0,"footnotes":""},"class_list":["post-3527","page","type-page","status-publish","hentry"],"acf":[],"_links":{"self":[{"href":"https:\/\/mig.mylene.net\/galeries-photos-mylene-farmer\/wp-json\/wp\/v2\/pages\/3527","targetHints":{"allow":["GET"]}}],"collection":[{"href":"https:\/\/mig.mylene.net\/galeries-photos-mylene-farmer\/wp-json\/wp\/v2\/pages"}],"about":[{"href":"https:\/\/mig.mylene.net\/galeries-photos-mylene-farmer\/wp-json\/wp\/v2\/types\/page"}],"author":[{"embeddable":true,"href":"https:\/\/mig.mylene.net\/galeries-photos-mylene-farmer\/wp-json\/wp\/v2\/users\/2"}],"replies":[{"embeddable":true,"href":"https:\/\/mig.mylene.net\/galeries-photos-mylene-farmer\/wp-json\/wp\/v2\/comments?post=3527"}],"version-history":[{"count":1,"href":"https:\/\/mig.mylene.net\/galeries-photos-mylene-farmer\/wp-json\/wp\/v2\/pages\/3527\/revisions"}],"predecessor-version":[{"id":24465,"href":"https:\/\/mig.mylene.net\/galeries-photos-mylene-farmer\/wp-json\/wp\/v2\/pages\/3527\/revisions\/24465"}],"wp:attachment":[{"href":"https:\/\/mig.mylene.net\/galeries-photos-mylene-farmer\/wp-json\/wp\/v2\/media?parent=3527"}],"curies":[{"name":"wp","href":"https:\/\/api.w.org\/{rel}","templated":true}]}}