{"id":3480,"date":"2016-05-24T10:59:56","date_gmt":"2016-05-24T09:59:56","guid":{"rendered":"http:\/\/www.mylene.net\/mfv3atw\/galeries-photos-mf\/?page_id=3480"},"modified":"2025-07-29T20:59:55","modified_gmt":"2025-07-29T18:59:55","slug":"le-monde-est-a-vous-antenne-2-06-novembre-1988","status":"publish","type":"page","link":"https:\/\/mig.mylene.net\/galeries-photos-mylene-farmer\/le-monde-est-a-vous-antenne-2-06-novembre-1988","title":{"rendered":"Myl\u00e8ne Farmer &#8211; Le monde est \u00e0 vous &#8211; Antenne 2 &#8211; 06 novembre 1988"},"content":{"rendered":"ngg_shortcode_0_placeholder\nngg_shortcode_1_placeholder\n<div class=\"galerie_description\">\n<div class=\"galerie_description_table\">\n<div class=\"galerie_description_line\">\n<div class=\"title themecolored\">Photographes<\/div>\n<div class=\"content\">Divers<\/div>\n<\/div>\n<div class=\"galerie_description_line\">\n<div class=\"title themecolored\">Date<\/div>\n<div class=\"content\">06 novembre 1988 (diffusion)<\/div>\n<\/div>\n<div class=\"galerie_description_line\">\n<div class=\"title themecolored\">Lieu<\/div>\n<div class=\"content\">Paris, France<\/div>\n<\/div>\n<\/div>\n<\/div>\n<p>&nbsp;<\/p>\n<div class=\"galerie_description_fullline with_border\">\n<p>Emission diffus\u00e9e le dimanche en d\u00e9but d&rsquo;apr\u00e8s-midi et pr\u00e9sent\u00e9e par Jacques Martin.<br \/>\nMyl\u00e8ne interpr\u00e8te <em>Pourvu qu&rsquo;elles soient douces<\/em> accompagn\u00e9e par ses deux danseuses Dominique Martinelli et Sophie Tellier.<\/p>\n<p><a href=\"http:\/\/www.mylene.net\/modules\/index.php?r=96\">\u00ab\u00a0Le monde est \u00e0 vous\u00a0\u00bb le 6 novembre 1988 &#8211; Infos &amp; Vid\u00e9o<\/a><\/p>\n<\/div>\n","protected":false},"excerpt":{"rendered":"<p>&nbsp; Photographes Divers Date 06 novembre 1988 (diffusion) Lieu Paris, France &nbsp; Emission diffus\u00e9e le dimanche en d\u00e9but d&rsquo;apr\u00e8s-midi et pr\u00e9sent\u00e9e par Jacques Martin. Myl\u00e8ne interpr\u00e8te Pourvu qu&rsquo;elles soient douces accompagn\u00e9e par ses deux danseuses Dominique Martinelli et Sophie Tellier. \u00ab\u00a0Le monde est \u00e0 vous\u00a0\u00bb le 6 novembre 1988 &#8211; Infos &amp; Vid\u00e9o<\/p>\n","protected":false},"author":2,"featured_media":0,"parent":0,"menu_order":0,"comment_status":"closed","ping_status":"closed","template":"","meta":{"_acf_changed":false,"ngg_post_thumbnail":0,"footnotes":""},"class_list":["post-3480","page","type-page","status-publish","hentry"],"acf":[],"_links":{"self":[{"href":"https:\/\/mig.mylene.net\/galeries-photos-mylene-farmer\/wp-json\/wp\/v2\/pages\/3480","targetHints":{"allow":["GET"]}}],"collection":[{"href":"https:\/\/mig.mylene.net\/galeries-photos-mylene-farmer\/wp-json\/wp\/v2\/pages"}],"about":[{"href":"https:\/\/mig.mylene.net\/galeries-photos-mylene-farmer\/wp-json\/wp\/v2\/types\/page"}],"author":[{"embeddable":true,"href":"https:\/\/mig.mylene.net\/galeries-photos-mylene-farmer\/wp-json\/wp\/v2\/users\/2"}],"replies":[{"embeddable":true,"href":"https:\/\/mig.mylene.net\/galeries-photos-mylene-farmer\/wp-json\/wp\/v2\/comments?post=3480"}],"version-history":[{"count":2,"href":"https:\/\/mig.mylene.net\/galeries-photos-mylene-farmer\/wp-json\/wp\/v2\/pages\/3480\/revisions"}],"predecessor-version":[{"id":24870,"href":"https:\/\/mig.mylene.net\/galeries-photos-mylene-farmer\/wp-json\/wp\/v2\/pages\/3480\/revisions\/24870"}],"wp:attachment":[{"href":"https:\/\/mig.mylene.net\/galeries-photos-mylene-farmer\/wp-json\/wp\/v2\/media?parent=3480"}],"curies":[{"name":"wp","href":"https:\/\/api.w.org\/{rel}","templated":true}]}}