{"id":3461,"date":"2016-05-24T10:55:23","date_gmt":"2016-05-24T09:55:23","guid":{"rendered":"http:\/\/www.mylene.net\/mfv3atw\/galeries-photos-mf\/?page_id=3461"},"modified":"2025-03-25T13:43:50","modified_gmt":"2025-03-25T12:43:50","slug":"lahaye-dhonneur-tf1-24-aout-1988","status":"publish","type":"page","link":"https:\/\/mig.mylene.net\/galeries-photos-mylene-farmer\/lahaye-dhonneur-tf1-24-aout-1988","title":{"rendered":"Myl\u00e8ne Farmer &#8211; Lahaye d&rsquo;honneur &#8211; TF1 &#8211; 24 ao\u00fbt 1988"},"content":{"rendered":"ngg_shortcode_0_placeholder\n<div class=\"galerie_description\">\n<div class=\"galerie_description_table\">\n<div class=\"galerie_description_line\">\n<div class=\"title themecolored\">Photographe<\/div>\n<div class=\"content\">&#8211;<\/div>\n<\/div>\n<div class=\"galerie_description_line\">\n<div class=\"title themecolored\">Date<\/div>\n<div class=\"content\">24 ao\u00fbt 1988 (diffusion)<\/div>\n<\/div>\n<div class=\"galerie_description_line\">\n<div class=\"title themecolored\">Lieu<\/div>\n<div class=\"content\">Paris, France<\/div>\n<\/div>\n<\/div>\n<\/div>\n<p>&nbsp;<\/p>\n<div class=\"galerie_description_fullline with_border\">\n<p>Emission pr\u00e9sent\u00e9e par Jean-Luc Lahaye et diffus\u00e9e certains vendredis en prime time sur TF1.<br \/>\nMyl\u00e8ne interpr\u00e8te<em> Ainsi soit je&#8230;<\/em><\/p>\n<p><a href=\"http:\/\/www.mylene.net\/modules\/index.php?r=322\">\u00ab\u00a0Lahaye d&rsquo;honneur\u00a0\u00bb le 24 ao\u00fbt 1988 &#8211; Infos &amp; Vid\u00e9o<\/a><\/p>\n<\/div>\n","protected":false},"excerpt":{"rendered":"<p>Photographe &#8211; Date 24 ao\u00fbt 1988 (diffusion) Lieu Paris, France &nbsp; Emission pr\u00e9sent\u00e9e par Jean-Luc Lahaye et diffus\u00e9e certains vendredis en prime time sur TF1. Myl\u00e8ne interpr\u00e8te Ainsi soit je&#8230; \u00ab\u00a0Lahaye d&rsquo;honneur\u00a0\u00bb le 24 ao\u00fbt 1988 &#8211; Infos &amp; Vid\u00e9o<\/p>\n","protected":false},"author":2,"featured_media":0,"parent":0,"menu_order":0,"comment_status":"closed","ping_status":"closed","template":"","meta":{"_acf_changed":false,"ngg_post_thumbnail":0,"footnotes":""},"class_list":["post-3461","page","type-page","status-publish","hentry"],"acf":[],"_links":{"self":[{"href":"https:\/\/mig.mylene.net\/galeries-photos-mylene-farmer\/wp-json\/wp\/v2\/pages\/3461","targetHints":{"allow":["GET"]}}],"collection":[{"href":"https:\/\/mig.mylene.net\/galeries-photos-mylene-farmer\/wp-json\/wp\/v2\/pages"}],"about":[{"href":"https:\/\/mig.mylene.net\/galeries-photos-mylene-farmer\/wp-json\/wp\/v2\/types\/page"}],"author":[{"embeddable":true,"href":"https:\/\/mig.mylene.net\/galeries-photos-mylene-farmer\/wp-json\/wp\/v2\/users\/2"}],"replies":[{"embeddable":true,"href":"https:\/\/mig.mylene.net\/galeries-photos-mylene-farmer\/wp-json\/wp\/v2\/comments?post=3461"}],"version-history":[{"count":1,"href":"https:\/\/mig.mylene.net\/galeries-photos-mylene-farmer\/wp-json\/wp\/v2\/pages\/3461\/revisions"}],"predecessor-version":[{"id":24462,"href":"https:\/\/mig.mylene.net\/galeries-photos-mylene-farmer\/wp-json\/wp\/v2\/pages\/3461\/revisions\/24462"}],"wp:attachment":[{"href":"https:\/\/mig.mylene.net\/galeries-photos-mylene-farmer\/wp-json\/wp\/v2\/media?parent=3461"}],"curies":[{"name":"wp","href":"https:\/\/api.w.org\/{rel}","templated":true}]}}