{"id":3404,"date":"2016-05-24T10:53:25","date_gmt":"2016-05-24T09:53:25","guid":{"rendered":"http:\/\/www.mylene.net\/mfv3atw\/galeries-photos-mf\/?page_id=3404"},"modified":"2025-03-25T13:43:00","modified_gmt":"2025-03-25T12:43:00","slug":"a-la-folie-pas-du-tout-tf1-19-juin-1988","status":"publish","type":"page","link":"https:\/\/mig.mylene.net\/galeries-photos-mylene-farmer\/a-la-folie-pas-du-tout-tf1-19-juin-1988","title":{"rendered":"Myl\u00e8ne Farmer &#8211; A la folie pas du tout &#8211; TF1 &#8211; 19 juin 1988"},"content":{"rendered":"ngg_shortcode_0_placeholder\n<div class=\"galerie_description\">\n<div class=\"galerie_description_table\">\n<div class=\"galerie_description_line\">\n<div class=\"title themecolored\">Photographes<\/div>\n<div class=\"content\">Divers<\/div>\n<\/div>\n<div class=\"galerie_description_line\">\n<div class=\"title themecolored\">Date<\/div>\n<div class=\"content\">19 juin 1988 (diffusion)<\/div>\n<\/div>\n<div class=\"galerie_description_line\">\n<div class=\"title themecolored\">Lieu<\/div>\n<div class=\"content\">Paris, France<\/div>\n<\/div>\n<\/div>\n<\/div>\n<p>&nbsp;<\/p>\n<div class=\"galerie_description_fullline with_border\">\n<p>Myl\u00e8ne interpr\u00e8te <em>Ainsi soit je&#8230;<\/em> dans cette \u00e9mission dominicale diffus\u00e9e l&rsquo;apr\u00e8s-midi et pr\u00e9sent\u00e9e par Patrick Poivre d&rsquo;Arvor.<\/p>\n<p><a href=\"http:\/\/www.mylene.net\/modules\/index.php?r=320\">\u00ab\u00a0\u00c0 la folie, pas du tout\u00a0\u00bb le 19 juin 1988 &#8211; Infos &amp; Vid\u00e9os<\/a><\/p>\n<\/div>\n","protected":false},"excerpt":{"rendered":"<p>Photographes Divers Date 19 juin 1988 (diffusion) Lieu Paris, France &nbsp; Myl\u00e8ne interpr\u00e8te Ainsi soit je&#8230; dans cette \u00e9mission dominicale diffus\u00e9e l&rsquo;apr\u00e8s-midi et pr\u00e9sent\u00e9e par Patrick Poivre d&rsquo;Arvor. \u00ab\u00a0\u00c0 la folie, pas du tout\u00a0\u00bb le 19 juin 1988 &#8211; Infos &amp; Vid\u00e9os<\/p>\n","protected":false},"author":2,"featured_media":0,"parent":0,"menu_order":0,"comment_status":"closed","ping_status":"closed","template":"","meta":{"_acf_changed":false,"ngg_post_thumbnail":0,"footnotes":""},"class_list":["post-3404","page","type-page","status-publish","hentry"],"acf":[],"_links":{"self":[{"href":"https:\/\/mig.mylene.net\/galeries-photos-mylene-farmer\/wp-json\/wp\/v2\/pages\/3404","targetHints":{"allow":["GET"]}}],"collection":[{"href":"https:\/\/mig.mylene.net\/galeries-photos-mylene-farmer\/wp-json\/wp\/v2\/pages"}],"about":[{"href":"https:\/\/mig.mylene.net\/galeries-photos-mylene-farmer\/wp-json\/wp\/v2\/types\/page"}],"author":[{"embeddable":true,"href":"https:\/\/mig.mylene.net\/galeries-photos-mylene-farmer\/wp-json\/wp\/v2\/users\/2"}],"replies":[{"embeddable":true,"href":"https:\/\/mig.mylene.net\/galeries-photos-mylene-farmer\/wp-json\/wp\/v2\/comments?post=3404"}],"version-history":[{"count":1,"href":"https:\/\/mig.mylene.net\/galeries-photos-mylene-farmer\/wp-json\/wp\/v2\/pages\/3404\/revisions"}],"predecessor-version":[{"id":24461,"href":"https:\/\/mig.mylene.net\/galeries-photos-mylene-farmer\/wp-json\/wp\/v2\/pages\/3404\/revisions\/24461"}],"wp:attachment":[{"href":"https:\/\/mig.mylene.net\/galeries-photos-mylene-farmer\/wp-json\/wp\/v2\/media?parent=3404"}],"curies":[{"name":"wp","href":"https:\/\/api.w.org\/{rel}","templated":true}]}}