{"id":3400,"date":"2016-05-24T10:52:34","date_gmt":"2016-05-24T09:52:34","guid":{"rendered":"http:\/\/www.mylene.net\/mfv3atw\/galeries-photos-mf\/?page_id=3400"},"modified":"2025-08-17T10:02:51","modified_gmt":"2025-08-17T08:02:51","slug":"sacree-soiree-tf1-18-mai-1988","status":"publish","type":"page","link":"https:\/\/mig.mylene.net\/galeries-photos-mylene-farmer\/sacree-soiree-tf1-18-mai-1988","title":{"rendered":"Myl\u00e8ne Farmer &#8211; Sacr\u00e9e Soir\u00e9e &#8211; TF1 &#8211; 18 mai 1988"},"content":{"rendered":"ngg_shortcode_0_placeholder\nngg_shortcode_1_placeholder\nngg_shortcode_2_placeholder\n<div class=\"galerie_description\">\n<div class=\"galerie_description_table\">\n<div class=\"galerie_description_line\">\n<div class=\"title themecolored\">Photographes<\/div>\n<div class=\"content\">Divers<\/div>\n<\/div>\n<div class=\"galerie_description_line\">\n<div class=\"title themecolored\">Date<\/div>\n<div class=\"content\">18 mai 1988<\/div>\n<\/div>\n<div class=\"galerie_description_line\">\n<div class=\"title themecolored\">Lieu<\/div>\n<div class=\"content\">Paris, France<\/div>\n<\/div>\n<\/div>\n<\/div>\n<p>&nbsp;<\/p>\n<div class=\"galerie_description_fullline with_border\">\n<p>Emission diffus\u00e9e en direct en prime time sur TF1 et anim\u00e9e par Jean-Pierre Foucault.<br \/>\nMyl\u00e8ne est l&rsquo;invit\u00e9e d&rsquo;honneur et interpr\u00e8te <em>Ainsi soit je&#8230;<\/em><\/p>\n<p><a href=\"http:\/\/www.mylene.net\/modules\/index.php?r=316\">\u00ab\u00a0Sacr\u00e9e Soir\u00e9e\u00a0\u00bb le 18 mai 1988 &#8211; Infos &amp; Vid\u00e9os<\/a><\/p>\n<\/div>\n","protected":false},"excerpt":{"rendered":"<p>&nbsp; &nbsp; Photographes Divers Date 18 mai 1988 Lieu Paris, France &nbsp; Emission diffus\u00e9e en direct en prime time sur TF1 et anim\u00e9e par Jean-Pierre Foucault. Myl\u00e8ne est l&rsquo;invit\u00e9e d&rsquo;honneur et interpr\u00e8te Ainsi soit je&#8230; \u00ab\u00a0Sacr\u00e9e Soir\u00e9e\u00a0\u00bb le 18 mai 1988 &#8211; Infos &amp; Vid\u00e9os<\/p>\n","protected":false},"author":2,"featured_media":0,"parent":0,"menu_order":0,"comment_status":"closed","ping_status":"closed","template":"","meta":{"_acf_changed":false,"ngg_post_thumbnail":0,"footnotes":""},"class_list":["post-3400","page","type-page","status-publish","hentry"],"acf":[],"_links":{"self":[{"href":"https:\/\/mig.mylene.net\/galeries-photos-mylene-farmer\/wp-json\/wp\/v2\/pages\/3400","targetHints":{"allow":["GET"]}}],"collection":[{"href":"https:\/\/mig.mylene.net\/galeries-photos-mylene-farmer\/wp-json\/wp\/v2\/pages"}],"about":[{"href":"https:\/\/mig.mylene.net\/galeries-photos-mylene-farmer\/wp-json\/wp\/v2\/types\/page"}],"author":[{"embeddable":true,"href":"https:\/\/mig.mylene.net\/galeries-photos-mylene-farmer\/wp-json\/wp\/v2\/users\/2"}],"replies":[{"embeddable":true,"href":"https:\/\/mig.mylene.net\/galeries-photos-mylene-farmer\/wp-json\/wp\/v2\/comments?post=3400"}],"version-history":[{"count":2,"href":"https:\/\/mig.mylene.net\/galeries-photos-mylene-farmer\/wp-json\/wp\/v2\/pages\/3400\/revisions"}],"predecessor-version":[{"id":24926,"href":"https:\/\/mig.mylene.net\/galeries-photos-mylene-farmer\/wp-json\/wp\/v2\/pages\/3400\/revisions\/24926"}],"wp:attachment":[{"href":"https:\/\/mig.mylene.net\/galeries-photos-mylene-farmer\/wp-json\/wp\/v2\/media?parent=3400"}],"curies":[{"name":"wp","href":"https:\/\/api.w.org\/{rel}","templated":true}]}}