{"id":3298,"date":"2016-05-23T20:34:11","date_gmt":"2016-05-23T19:34:11","guid":{"rendered":"http:\/\/www.mylene.net\/mfv3atw\/galeries-photos-mf\/?page_id=3298"},"modified":"2025-03-25T13:39:35","modified_gmt":"2025-03-25T12:39:35","slug":"photographe-dominique-doumax-automne-1988","status":"publish","type":"page","link":"https:\/\/mig.mylene.net\/galeries-photos-mylene-farmer\/photographe-dominique-doumax-automne-1988","title":{"rendered":"Myl\u00e8ne Farmer &#8211; Photographe Dominique Doumax &#8211; Automne 1988"},"content":{"rendered":"ngg_shortcode_0_placeholder\n<div class=\"galerie_description\">\n<div class=\"galerie_description_table\">\n<div class=\"galerie_description_line\">\n<div class=\"title themecolored\">Photographe<\/div>\n<div class=\"content\">Dominique Doumax<\/div>\n<\/div>\n<div class=\"galerie_description_line\">\n<div class=\"title themecolored\">Date<\/div>\n<div class=\"content\">Automne 1988<\/div>\n<\/div>\n<div class=\"galerie_description_line\">\n<div class=\"title themecolored\">Lieu<\/div>\n<div class=\"content\">Bois de Boulogne &amp; Paris, France<\/div>\n<\/div>\n<\/div>\n<p>&nbsp;<\/p>\n<div class=\"galerie_description_fullline with_border\">\n<p>\u00a9 DOMINIQUE DOUMAX\/TELE7JOURS\/SCOOP<\/p>\n<p>S\u00e9ance photo pendant les pr\u00e9paratifs de Myl\u00e8ne pour sa premi\u00e8re tourn\u00e9e le <em>Tour 89<\/em> et destin\u00e9 \u00e0 illustrer un reportage publi\u00e9 dans le magazine \u00ab\u00a0T\u00e9l\u00e9 7 Jours\u00a0\u00bb le 05 d\u00e9cembre 1988.<\/p>\n<\/div>\n<\/div>\n","protected":false},"excerpt":{"rendered":"<p>Photographe Dominique Doumax Date Automne 1988 Lieu Bois de Boulogne &amp; Paris, France &nbsp; \u00a9 DOMINIQUE DOUMAX\/TELE7JOURS\/SCOOP S\u00e9ance photo pendant les pr\u00e9paratifs de Myl\u00e8ne pour sa premi\u00e8re tourn\u00e9e le Tour 89 et destin\u00e9 \u00e0 illustrer un reportage publi\u00e9 dans le magazine \u00ab\u00a0T\u00e9l\u00e9 7 Jours\u00a0\u00bb le 05 d\u00e9cembre 1988.<\/p>\n","protected":false},"author":2,"featured_media":0,"parent":0,"menu_order":0,"comment_status":"closed","ping_status":"closed","template":"","meta":{"_acf_changed":false,"ngg_post_thumbnail":0,"footnotes":""},"class_list":["post-3298","page","type-page","status-publish","hentry"],"acf":[],"_links":{"self":[{"href":"https:\/\/mig.mylene.net\/galeries-photos-mylene-farmer\/wp-json\/wp\/v2\/pages\/3298","targetHints":{"allow":["GET"]}}],"collection":[{"href":"https:\/\/mig.mylene.net\/galeries-photos-mylene-farmer\/wp-json\/wp\/v2\/pages"}],"about":[{"href":"https:\/\/mig.mylene.net\/galeries-photos-mylene-farmer\/wp-json\/wp\/v2\/types\/page"}],"author":[{"embeddable":true,"href":"https:\/\/mig.mylene.net\/galeries-photos-mylene-farmer\/wp-json\/wp\/v2\/users\/2"}],"replies":[{"embeddable":true,"href":"https:\/\/mig.mylene.net\/galeries-photos-mylene-farmer\/wp-json\/wp\/v2\/comments?post=3298"}],"version-history":[{"count":1,"href":"https:\/\/mig.mylene.net\/galeries-photos-mylene-farmer\/wp-json\/wp\/v2\/pages\/3298\/revisions"}],"predecessor-version":[{"id":24458,"href":"https:\/\/mig.mylene.net\/galeries-photos-mylene-farmer\/wp-json\/wp\/v2\/pages\/3298\/revisions\/24458"}],"wp:attachment":[{"href":"https:\/\/mig.mylene.net\/galeries-photos-mylene-farmer\/wp-json\/wp\/v2\/media?parent=3298"}],"curies":[{"name":"wp","href":"https:\/\/api.w.org\/{rel}","templated":true}]}}