{"id":3151,"date":"2016-05-23T18:48:06","date_gmt":"2016-05-23T17:48:06","guid":{"rendered":"http:\/\/www.mylene.net\/mfv3atw\/galeries-photos-mf\/?page_id=3151"},"modified":"2025-03-25T13:25:36","modified_gmt":"2025-03-25T12:25:36","slug":"quebec-photographe-elsa-trillat-ete-1988","status":"publish","type":"page","link":"https:\/\/mig.mylene.net\/galeries-photos-mylene-farmer\/quebec-photographe-elsa-trillat-ete-1988","title":{"rendered":"Myl\u00e8ne Farmer &#8211; Qu\u00e9bec &#8211; Photographe Elsa Trillat &#8211; Et\u00e9 1988"},"content":{"rendered":"\nngg_shortcode_0_placeholder\n\n\n\n<div class=\"galerie_description\">\n<div class=\"galerie_description_table\">\n<div class=\"galerie_description_line\">\n<div class=\"title themecolored\">Photographe<\/div>\n<div class=\"content\">&#8211;<\/div>\n<\/div>\n<div class=\"galerie_description_line\">\n<div class=\"title themecolored\">Date<\/div>\n<div class=\"content\">Ao\u00fbt 1988<\/div>\n<\/div>\n<div class=\"galerie_description_line\">\n<div class=\"title themecolored\">Lieu<\/div>\n<div class=\"content\">Devant la maison d&rsquo;enfance de Myl\u00e8ne, Pierrefond, Qu\u00e9bec, Canada<\/div>\n<\/div>\n<\/div>\n&nbsp;\n<div class=\"galerie_description_fullline with_border\">\n\n\u00a9 ELSA TRILLAT\/ARCHIVES FILIPACCHI SCOOP\n\nS\u00e9ance photo pour l&rsquo;hebdomadaire \u00ab\u00a0Paris Match\u00a0\u00bb (publi\u00e9 le 01er d\u00e9cembre 1988).\n\n<\/div>\n<\/div>\n","protected":false},"excerpt":{"rendered":"<p>Photographe &#8211; Date Ao\u00fbt 1988 Lieu Devant la maison d&rsquo;enfance de Myl\u00e8ne, Pierrefond, Qu\u00e9bec, Canada &nbsp; \u00a9 ELSA TRILLAT\/ARCHIVES FILIPACCHI SCOOP S\u00e9ance photo pour l&rsquo;hebdomadaire \u00ab\u00a0Paris Match\u00a0\u00bb (publi\u00e9 le 01er d\u00e9cembre 1988).<\/p>\n","protected":false},"author":2,"featured_media":0,"parent":0,"menu_order":0,"comment_status":"closed","ping_status":"closed","template":"","meta":{"_acf_changed":false,"ngg_post_thumbnail":0,"footnotes":""},"class_list":["post-3151","page","type-page","status-publish","hentry"],"acf":[],"_links":{"self":[{"href":"https:\/\/mig.mylene.net\/galeries-photos-mylene-farmer\/wp-json\/wp\/v2\/pages\/3151","targetHints":{"allow":["GET"]}}],"collection":[{"href":"https:\/\/mig.mylene.net\/galeries-photos-mylene-farmer\/wp-json\/wp\/v2\/pages"}],"about":[{"href":"https:\/\/mig.mylene.net\/galeries-photos-mylene-farmer\/wp-json\/wp\/v2\/types\/page"}],"author":[{"embeddable":true,"href":"https:\/\/mig.mylene.net\/galeries-photos-mylene-farmer\/wp-json\/wp\/v2\/users\/2"}],"replies":[{"embeddable":true,"href":"https:\/\/mig.mylene.net\/galeries-photos-mylene-farmer\/wp-json\/wp\/v2\/comments?post=3151"}],"version-history":[{"count":6,"href":"https:\/\/mig.mylene.net\/galeries-photos-mylene-farmer\/wp-json\/wp\/v2\/pages\/3151\/revisions"}],"predecessor-version":[{"id":24447,"href":"https:\/\/mig.mylene.net\/galeries-photos-mylene-farmer\/wp-json\/wp\/v2\/pages\/3151\/revisions\/24447"}],"wp:attachment":[{"href":"https:\/\/mig.mylene.net\/galeries-photos-mylene-farmer\/wp-json\/wp\/v2\/media?parent=3151"}],"curies":[{"name":"wp","href":"https:\/\/api.w.org\/{rel}","templated":true}]}}