{"id":2977,"date":"2016-05-22T18:58:57","date_gmt":"2016-05-22T17:58:57","guid":{"rendered":"http:\/\/www.mylene.net\/mfv3atw\/galeries-photos-mf\/?page_id=2977"},"modified":"2025-03-25T12:41:49","modified_gmt":"2025-03-25T11:41:49","slug":"avant-premiere-kean-fevrier-1987","status":"publish","type":"page","link":"https:\/\/mig.mylene.net\/galeries-photos-mylene-farmer\/avant-premiere-kean-fevrier-1987","title":{"rendered":"Myl\u00e8ne Farmer &#8211; Avant-premi\u00e8re Kean &#8211; F\u00e9vrier 1987"},"content":{"rendered":"ngg_shortcode_0_placeholder\n<div class=\"galerie_description\">\n<div class=\"galerie_description_table\">\n<div class=\"galerie_description_line\">\n<div class=\"title themecolored\">Photographes<\/div>\n<div class=\"content\">Divers<\/div>\n<\/div>\n<div class=\"galerie_description_line\">\n<div class=\"title themecolored\">Date<\/div>\n<div class=\"content\">F\u00e9vrier 1987<\/div>\n<\/div>\n<div class=\"galerie_description_line\">\n<div class=\"title themecolored\">Lieu<\/div>\n<div class=\"content\">Th\u00e9\u00e2tre Marigny, Paris, France<\/div>\n<\/div>\n<\/div>\n<\/div>\n<p>&nbsp;<\/p>\n<div class=\"galerie_description_fullline with_border\">\n<p>Avant-premi\u00e8re de la pi\u00e8ce de th\u00e9\u00e2tre \u00ab\u00a0Kean\u00a0\u00bb mise en sc\u00e8ne par Robert Hossein avec Jean-Paul Belmondo.<br \/>\nMyl\u00e8ne est accompagn\u00e9e sur certaines photos par le chanteur Francis Lalanne.<\/p>\n<\/div>\n","protected":false},"excerpt":{"rendered":"<p>Photographes Divers Date F\u00e9vrier 1987 Lieu Th\u00e9\u00e2tre Marigny, Paris, France &nbsp; Avant-premi\u00e8re de la pi\u00e8ce de th\u00e9\u00e2tre \u00ab\u00a0Kean\u00a0\u00bb mise en sc\u00e8ne par Robert Hossein avec Jean-Paul Belmondo. Myl\u00e8ne est accompagn\u00e9e sur certaines photos par le chanteur Francis Lalanne.<\/p>\n","protected":false},"author":2,"featured_media":0,"parent":0,"menu_order":0,"comment_status":"closed","ping_status":"closed","template":"","meta":{"_acf_changed":false,"ngg_post_thumbnail":0,"footnotes":""},"class_list":["post-2977","page","type-page","status-publish","hentry"],"acf":[],"_links":{"self":[{"href":"https:\/\/mig.mylene.net\/galeries-photos-mylene-farmer\/wp-json\/wp\/v2\/pages\/2977","targetHints":{"allow":["GET"]}}],"collection":[{"href":"https:\/\/mig.mylene.net\/galeries-photos-mylene-farmer\/wp-json\/wp\/v2\/pages"}],"about":[{"href":"https:\/\/mig.mylene.net\/galeries-photos-mylene-farmer\/wp-json\/wp\/v2\/types\/page"}],"author":[{"embeddable":true,"href":"https:\/\/mig.mylene.net\/galeries-photos-mylene-farmer\/wp-json\/wp\/v2\/users\/2"}],"replies":[{"embeddable":true,"href":"https:\/\/mig.mylene.net\/galeries-photos-mylene-farmer\/wp-json\/wp\/v2\/comments?post=2977"}],"version-history":[{"count":1,"href":"https:\/\/mig.mylene.net\/galeries-photos-mylene-farmer\/wp-json\/wp\/v2\/pages\/2977\/revisions"}],"predecessor-version":[{"id":24432,"href":"https:\/\/mig.mylene.net\/galeries-photos-mylene-farmer\/wp-json\/wp\/v2\/pages\/2977\/revisions\/24432"}],"wp:attachment":[{"href":"https:\/\/mig.mylene.net\/galeries-photos-mylene-farmer\/wp-json\/wp\/v2\/media?parent=2977"}],"curies":[{"name":"wp","href":"https:\/\/api.w.org\/{rel}","templated":true}]}}