{"id":2846,"date":"2016-05-22T17:20:31","date_gmt":"2016-05-22T16:20:31","guid":{"rendered":"http:\/\/www.mylene.net\/mfv3atw\/galeries-photos-mf\/?page_id=2846"},"modified":"2025-08-17T10:00:21","modified_gmt":"2025-08-17T08:00:21","slug":"lahaye-dhonneur-tf1-13-novembre-1987","status":"publish","type":"page","link":"https:\/\/mig.mylene.net\/galeries-photos-mylene-farmer\/lahaye-dhonneur-tf1-13-novembre-1987","title":{"rendered":"Mylene Farmer &#8211; Lahaye d&rsquo;honneur &#8211; TF1 &#8211; 13 novembre 1987"},"content":{"rendered":"<p>ngg_shortcode_0_placeholder<br \/>\nngg_shortcode_1_placeholder<br \/>\nngg_shortcode_2_placeholder<\/p>\n<div class=\"galerie_description\">\n<div class=\"galerie_description_table\">\n<div class=\"galerie_description_line\">\n<div class=\"title themecolored\">Photographes<\/div>\n<div class=\"content\">Divers<\/div>\n<\/div>\n<div class=\"galerie_description_line\">\n<div class=\"title themecolored\">Date<\/div>\n<div class=\"content\">13 novembre 1987 (diffusion)<\/div>\n<\/div>\n<div class=\"galerie_description_line\">\n<div class=\"title themecolored\">Lieu<\/div>\n<div class=\"content\">Paris, France<\/div>\n<\/div>\n<\/div>\n<\/div>\n<p>&nbsp;<\/p>\n<div class=\"galerie_description_fullline with_border\">\n<p>Myl\u00e8ne interpr\u00e8te pour la premi\u00e8re fois <em>Sans contrefa\u00e7on<\/em> et r\u00e9pond \u00e0 quelques questions de Jean-Luc Lahaye dans cette \u00e9mission diffus\u00e9e en prime time sur TF1.<\/p>\n<p><a href=\"http:\/\/www.mylene.net\/modules\/index.php?r=537\">\u00ab\u00a0Lahaye d&rsquo;honneur du 13 novembre 1987\u00a0\u00bb &#8211; Infos &amp; Vid\u00e9o<\/a><\/p>\n<\/div>\n","protected":false},"excerpt":{"rendered":"<p>Photographes Divers Date 13 novembre 1987 (diffusion) Lieu Paris, France &nbsp; Myl\u00e8ne interpr\u00e8te pour la premi\u00e8re fois Sans contrefa\u00e7on et r\u00e9pond \u00e0 quelques questions de Jean-Luc Lahaye dans cette \u00e9mission diffus\u00e9e en prime time sur TF1. \u00ab\u00a0Lahaye d&rsquo;honneur du 13 novembre 1987\u00a0\u00bb &#8211; Infos &amp; Vid\u00e9o<\/p>\n","protected":false},"author":2,"featured_media":0,"parent":0,"menu_order":0,"comment_status":"closed","ping_status":"closed","template":"","meta":{"_acf_changed":false,"ngg_post_thumbnail":0,"footnotes":""},"class_list":["post-2846","page","type-page","status-publish","hentry"],"acf":[],"_links":{"self":[{"href":"https:\/\/mig.mylene.net\/galeries-photos-mylene-farmer\/wp-json\/wp\/v2\/pages\/2846","targetHints":{"allow":["GET"]}}],"collection":[{"href":"https:\/\/mig.mylene.net\/galeries-photos-mylene-farmer\/wp-json\/wp\/v2\/pages"}],"about":[{"href":"https:\/\/mig.mylene.net\/galeries-photos-mylene-farmer\/wp-json\/wp\/v2\/types\/page"}],"author":[{"embeddable":true,"href":"https:\/\/mig.mylene.net\/galeries-photos-mylene-farmer\/wp-json\/wp\/v2\/users\/2"}],"replies":[{"embeddable":true,"href":"https:\/\/mig.mylene.net\/galeries-photos-mylene-farmer\/wp-json\/wp\/v2\/comments?post=2846"}],"version-history":[{"count":2,"href":"https:\/\/mig.mylene.net\/galeries-photos-mylene-farmer\/wp-json\/wp\/v2\/pages\/2846\/revisions"}],"predecessor-version":[{"id":24924,"href":"https:\/\/mig.mylene.net\/galeries-photos-mylene-farmer\/wp-json\/wp\/v2\/pages\/2846\/revisions\/24924"}],"wp:attachment":[{"href":"https:\/\/mig.mylene.net\/galeries-photos-mylene-farmer\/wp-json\/wp\/v2\/media?parent=2846"}],"curies":[{"name":"wp","href":"https:\/\/api.w.org\/{rel}","templated":true}]}}