{"id":2802,"date":"2016-05-22T17:13:04","date_gmt":"2016-05-22T16:13:04","guid":{"rendered":"http:\/\/www.mylene.net\/mfv3atw\/galeries-photos-mf\/?page_id=2802"},"modified":"2025-03-25T12:18:37","modified_gmt":"2025-03-25T11:18:37","slug":"a-l-occasion-de-la-fete-de-la-musique-antenne-2-19-juin-1987","status":"publish","type":"page","link":"https:\/\/mig.mylene.net\/galeries-photos-mylene-farmer\/a-l-occasion-de-la-fete-de-la-musique-antenne-2-19-juin-1987","title":{"rendered":"Myl\u00e8ne Farmer &#8211; \u00c0 l&rsquo;occasion de la f\u00eate de la musique &#8211; Antenne 2 &#8211; 19 juin 1987"},"content":{"rendered":"ngg_shortcode_0_placeholder\n<div class=\"galerie_description\">\n<div class=\"galerie_description_table\">\n<div class=\"galerie_description_line\">\n<div class=\"title themecolored\">Photographe<\/div>\n<div class=\"content\">&#8211;<\/div>\n<\/div>\n<div class=\"galerie_description_line\">\n<div class=\"title themecolored\">Date<\/div>\n<div class=\"content\">19 juin 1987<\/div>\n<\/div>\n<div class=\"galerie_description_line\">\n<div class=\"title themecolored\">Lieu<\/div>\n<div class=\"content\">Trocad\u00e9ro, Paris, France<\/div>\n<\/div>\n<\/div>\n<\/div>\n<p>&nbsp;<\/p>\n<div class=\"galerie_description_fullline with_border\">\n<p>Emission diffus\u00e9e en direct sur Antenne2.<br \/>\nMyl\u00e8ne interpr\u00e8te <em>Tristana <\/em>entour\u00e9e de ses danseuses.<\/p>\n<p><a href=\"http:\/\/www.mylene.net\/modules\/index.php?r=382\">\u00ab\u00a0\u00c0 l&rsquo;occasion de la F\u00eate de la Musique\u00a0\u00bb &#8211; Infos &amp; Vid\u00e9o<\/a><\/p>\n<\/div>\n","protected":false},"excerpt":{"rendered":"<p>Photographe &#8211; Date 19 juin 1987 Lieu Trocad\u00e9ro, Paris, France &nbsp; Emission diffus\u00e9e en direct sur Antenne2. Myl\u00e8ne interpr\u00e8te Tristana entour\u00e9e de ses danseuses. \u00ab\u00a0\u00c0 l&rsquo;occasion de la F\u00eate de la Musique\u00a0\u00bb &#8211; Infos &amp; Vid\u00e9o<\/p>\n","protected":false},"author":2,"featured_media":0,"parent":0,"menu_order":0,"comment_status":"closed","ping_status":"closed","template":"","meta":{"_acf_changed":false,"ngg_post_thumbnail":0,"footnotes":""},"class_list":["post-2802","page","type-page","status-publish","hentry"],"acf":[],"_links":{"self":[{"href":"https:\/\/mig.mylene.net\/galeries-photos-mylene-farmer\/wp-json\/wp\/v2\/pages\/2802","targetHints":{"allow":["GET"]}}],"collection":[{"href":"https:\/\/mig.mylene.net\/galeries-photos-mylene-farmer\/wp-json\/wp\/v2\/pages"}],"about":[{"href":"https:\/\/mig.mylene.net\/galeries-photos-mylene-farmer\/wp-json\/wp\/v2\/types\/page"}],"author":[{"embeddable":true,"href":"https:\/\/mig.mylene.net\/galeries-photos-mylene-farmer\/wp-json\/wp\/v2\/users\/2"}],"replies":[{"embeddable":true,"href":"https:\/\/mig.mylene.net\/galeries-photos-mylene-farmer\/wp-json\/wp\/v2\/comments?post=2802"}],"version-history":[{"count":1,"href":"https:\/\/mig.mylene.net\/galeries-photos-mylene-farmer\/wp-json\/wp\/v2\/pages\/2802\/revisions"}],"predecessor-version":[{"id":24419,"href":"https:\/\/mig.mylene.net\/galeries-photos-mylene-farmer\/wp-json\/wp\/v2\/pages\/2802\/revisions\/24419"}],"wp:attachment":[{"href":"https:\/\/mig.mylene.net\/galeries-photos-mylene-farmer\/wp-json\/wp\/v2\/media?parent=2802"}],"curies":[{"name":"wp","href":"https:\/\/api.w.org\/{rel}","templated":true}]}}