{"id":2731,"date":"2016-05-22T10:57:54","date_gmt":"2016-05-22T09:57:54","guid":{"rendered":"http:\/\/www.mylene.net\/mfv3atw\/galeries-photos-mf\/?page_id=2731"},"modified":"2025-03-25T12:16:35","modified_gmt":"2025-03-25T11:16:35","slug":"c-est-aujourdhui-demain-fr3-27-mai-1987","status":"publish","type":"page","link":"https:\/\/mig.mylene.net\/galeries-photos-mylene-farmer\/c-est-aujourdhui-demain-fr3-27-mai-1987","title":{"rendered":"Myl\u00e8ne Farmer &#8211; C&rsquo;est aujourd&rsquo;hui demain &#8211; FR3 &#8211; 27 mai 1987"},"content":{"rendered":"ngg_shortcode_0_placeholder\n<div class=\"galerie_description\">\n<div class=\"galerie_description_table\">\n<div class=\"galerie_description_line\">\n<div class=\"title themecolored\">Photographes<\/div>\n<div class=\"content\">Divers<\/div>\n<\/div>\n<div class=\"galerie_description_line\">\n<div class=\"title themecolored\">Date<\/div>\n<div class=\"content\">27 mai 1987 (diffusion)<\/div>\n<\/div>\n<div class=\"galerie_description_line\">\n<div class=\"title themecolored\">Lieu<\/div>\n<div class=\"content\">Paris, France<\/div>\n<\/div>\n<\/div>\n<p>&nbsp;<\/p>\n<div class=\"galerie_description_fullline with_border\">\n<p>Emission pr\u00e9sent\u00e9e par Guy Lux et diffus\u00e9e en prime time sur FR3.<br \/>\nMyl\u00e8ne interpr\u00e8te <em>Tristana<\/em> accompagn\u00e9e de ses deux danseuses Dominique Martinelli et Sophie Tellier.<\/p>\n<p><a href=\"http:\/\/www.mylene.net\/modules\/index.php?r=380\">\u00ab\u00a0C&rsquo;est aujourd&rsquo;hui demain\u00a0\u00bb sur FR3 le 27 mai 1987 &#8211; Infos &amp; Vid\u00e9o<\/a><\/p>\n<\/div>\n<\/div>\n","protected":false},"excerpt":{"rendered":"<p>Photographes Divers Date 27 mai 1987 (diffusion) Lieu Paris, France &nbsp; Emission pr\u00e9sent\u00e9e par Guy Lux et diffus\u00e9e en prime time sur FR3. Myl\u00e8ne interpr\u00e8te Tristana accompagn\u00e9e de ses deux danseuses Dominique Martinelli et Sophie Tellier. \u00ab\u00a0C&rsquo;est aujourd&rsquo;hui demain\u00a0\u00bb sur FR3 le 27 mai 1987 &#8211; Infos &amp; Vid\u00e9o<\/p>\n","protected":false},"author":2,"featured_media":0,"parent":0,"menu_order":0,"comment_status":"closed","ping_status":"closed","template":"","meta":{"_acf_changed":false,"ngg_post_thumbnail":0,"footnotes":""},"class_list":["post-2731","page","type-page","status-publish","hentry"],"acf":[],"_links":{"self":[{"href":"https:\/\/mig.mylene.net\/galeries-photos-mylene-farmer\/wp-json\/wp\/v2\/pages\/2731","targetHints":{"allow":["GET"]}}],"collection":[{"href":"https:\/\/mig.mylene.net\/galeries-photos-mylene-farmer\/wp-json\/wp\/v2\/pages"}],"about":[{"href":"https:\/\/mig.mylene.net\/galeries-photos-mylene-farmer\/wp-json\/wp\/v2\/types\/page"}],"author":[{"embeddable":true,"href":"https:\/\/mig.mylene.net\/galeries-photos-mylene-farmer\/wp-json\/wp\/v2\/users\/2"}],"replies":[{"embeddable":true,"href":"https:\/\/mig.mylene.net\/galeries-photos-mylene-farmer\/wp-json\/wp\/v2\/comments?post=2731"}],"version-history":[{"count":1,"href":"https:\/\/mig.mylene.net\/galeries-photos-mylene-farmer\/wp-json\/wp\/v2\/pages\/2731\/revisions"}],"predecessor-version":[{"id":24417,"href":"https:\/\/mig.mylene.net\/galeries-photos-mylene-farmer\/wp-json\/wp\/v2\/pages\/2731\/revisions\/24417"}],"wp:attachment":[{"href":"https:\/\/mig.mylene.net\/galeries-photos-mylene-farmer\/wp-json\/wp\/v2\/media?parent=2731"}],"curies":[{"name":"wp","href":"https:\/\/api.w.org\/{rel}","templated":true}]}}