{"id":2711,"date":"2016-05-22T10:56:32","date_gmt":"2016-05-22T09:56:32","guid":{"rendered":"http:\/\/www.mylene.net\/mfv3atw\/galeries-photos-mf\/?page_id=2711"},"modified":"2025-03-25T12:15:55","modified_gmt":"2025-03-25T11:15:55","slug":"c-est-encore-mieux-l-apres-midi-antenne-2-11-mai-1987","status":"publish","type":"page","link":"https:\/\/mig.mylene.net\/galeries-photos-mylene-farmer\/c-est-encore-mieux-l-apres-midi-antenne-2-11-mai-1987","title":{"rendered":"Myl\u00e8ne Farmer &#8211; C&rsquo;est encore mieux l&rsquo;apr\u00e8s-midi &#8211; Antenne 2 &#8211; 11 mai 1987"},"content":{"rendered":"ngg_shortcode_0_placeholder\n<div class=\"galerie_description\">\n<div class=\"galerie_description_table\">\n<div class=\"galerie_description_line\">\n<div class=\"title themecolored\">Photographes<\/div>\n<div class=\"content\">Divers<\/div>\n<\/div>\n<div class=\"galerie_description_line\">\n<div class=\"title themecolored\">Date<\/div>\n<div class=\"content\">11 mai 1987<\/div>\n<\/div>\n<div class=\"galerie_description_line\">\n<div class=\"title themecolored\">Lieu<\/div>\n<div class=\"content\">Cannes, France<\/div>\n<\/div>\n<\/div>\n<\/div>\n<p>&nbsp;<\/p>\n<div class=\"galerie_description_fullline with_border\">\n<p>Myl\u00e8ne interpr\u00e8te <em>Tristana<\/em> avec ses deux danseuses Sophie Tellier et Dominique Martinelli.<br \/>\nL&rsquo;\u00e9mission se d\u00e9roule en direct du Festival de Cannes.<\/p>\n<p><a href=\"http:\/\/www.mylene.net\/modules\/index.php?r=379\">\u00ab\u00a0C&rsquo;est encore mieux l&rsquo;apr\u00e8s-midi du 11 mai 1987\u00a0\u00bb &#8211; Infos &amp; Vid\u00e9o<\/a><\/p>\n<\/div>\n","protected":false},"excerpt":{"rendered":"<p>Photographes Divers Date 11 mai 1987 Lieu Cannes, France &nbsp; Myl\u00e8ne interpr\u00e8te Tristana avec ses deux danseuses Sophie Tellier et Dominique Martinelli. L&rsquo;\u00e9mission se d\u00e9roule en direct du Festival de Cannes. \u00ab\u00a0C&rsquo;est encore mieux l&rsquo;apr\u00e8s-midi du 11 mai 1987\u00a0\u00bb &#8211; Infos &amp; Vid\u00e9o<\/p>\n","protected":false},"author":2,"featured_media":0,"parent":0,"menu_order":0,"comment_status":"closed","ping_status":"closed","template":"","meta":{"_acf_changed":false,"ngg_post_thumbnail":0,"footnotes":""},"class_list":["post-2711","page","type-page","status-publish","hentry"],"acf":[],"_links":{"self":[{"href":"https:\/\/mig.mylene.net\/galeries-photos-mylene-farmer\/wp-json\/wp\/v2\/pages\/2711","targetHints":{"allow":["GET"]}}],"collection":[{"href":"https:\/\/mig.mylene.net\/galeries-photos-mylene-farmer\/wp-json\/wp\/v2\/pages"}],"about":[{"href":"https:\/\/mig.mylene.net\/galeries-photos-mylene-farmer\/wp-json\/wp\/v2\/types\/page"}],"author":[{"embeddable":true,"href":"https:\/\/mig.mylene.net\/galeries-photos-mylene-farmer\/wp-json\/wp\/v2\/users\/2"}],"replies":[{"embeddable":true,"href":"https:\/\/mig.mylene.net\/galeries-photos-mylene-farmer\/wp-json\/wp\/v2\/comments?post=2711"}],"version-history":[{"count":1,"href":"https:\/\/mig.mylene.net\/galeries-photos-mylene-farmer\/wp-json\/wp\/v2\/pages\/2711\/revisions"}],"predecessor-version":[{"id":24416,"href":"https:\/\/mig.mylene.net\/galeries-photos-mylene-farmer\/wp-json\/wp\/v2\/pages\/2711\/revisions\/24416"}],"wp:attachment":[{"href":"https:\/\/mig.mylene.net\/galeries-photos-mylene-farmer\/wp-json\/wp\/v2\/media?parent=2711"}],"curies":[{"name":"wp","href":"https:\/\/api.w.org\/{rel}","templated":true}]}}