{"id":2703,"date":"2016-05-22T10:54:58","date_gmt":"2016-05-22T09:54:58","guid":{"rendered":"http:\/\/www.mylene.net\/mfv3atw\/galeries-photos-mf\/?page_id=2703"},"modified":"2025-03-25T12:15:19","modified_gmt":"2025-03-25T11:15:19","slug":"mylene-farmer-cocoricocoboy-tf1-17-avril-1987","status":"publish","type":"page","link":"https:\/\/mig.mylene.net\/galeries-photos-mylene-farmer\/mylene-farmer-cocoricocoboy-tf1-17-avril-1987","title":{"rendered":"Myl\u00e8ne Farmer &#8211; Cocoricocoboy &#8211; TF1 &#8211; 17 avril 1987"},"content":{"rendered":"ngg_shortcode_0_placeholder\n<div class=\"galerie_description\">\n<div class=\"galerie_description_table\">\n<div class=\"galerie_description_line\">\n<div class=\"title themecolored\">Photographes<\/div>\n<div class=\"content\">Divers<\/div>\n<\/div>\n<div class=\"galerie_description_line\">\n<div class=\"title themecolored\">Date<\/div>\n<div class=\"content\">17 avril 1987 (diffusion)<\/div>\n<\/div>\n<div class=\"galerie_description_line\">\n<div class=\"title themecolored\">Lieu<\/div>\n<div class=\"content\">Paris, France<\/div>\n<\/div>\n<\/div>\n<p>&nbsp;<\/p>\n<div class=\"galerie_description_fullline with_border\">\n<p>Myl\u00e8ne interpr\u00e8te <em>Tristana <\/em>accompagn\u00e9e de ses deux danseuses Dominique Martinelli et Sophie Tellier et participe \u00e0 un sketch.<\/p>\n<p><a href=\"http:\/\/www.mylene.net\/modules\/index.php?r=377\">\u00ab\u00a0Cocoricocoboy\u00a0\u00bb sur TF1 le 17 avril 1987 &#8211; Infos &amp; Vid\u00e9o<\/a><\/p>\n<\/div>\n<\/div>\n","protected":false},"excerpt":{"rendered":"<p>Photographes Divers Date 17 avril 1987 (diffusion) Lieu Paris, France &nbsp; Myl\u00e8ne interpr\u00e8te Tristana accompagn\u00e9e de ses deux danseuses Dominique Martinelli et Sophie Tellier et participe \u00e0 un sketch. \u00ab\u00a0Cocoricocoboy\u00a0\u00bb sur TF1 le 17 avril 1987 &#8211; Infos &amp; Vid\u00e9o<\/p>\n","protected":false},"author":2,"featured_media":0,"parent":0,"menu_order":0,"comment_status":"closed","ping_status":"closed","template":"","meta":{"_acf_changed":false,"ngg_post_thumbnail":0,"footnotes":""},"class_list":["post-2703","page","type-page","status-publish","hentry"],"acf":[],"_links":{"self":[{"href":"https:\/\/mig.mylene.net\/galeries-photos-mylene-farmer\/wp-json\/wp\/v2\/pages\/2703","targetHints":{"allow":["GET"]}}],"collection":[{"href":"https:\/\/mig.mylene.net\/galeries-photos-mylene-farmer\/wp-json\/wp\/v2\/pages"}],"about":[{"href":"https:\/\/mig.mylene.net\/galeries-photos-mylene-farmer\/wp-json\/wp\/v2\/types\/page"}],"author":[{"embeddable":true,"href":"https:\/\/mig.mylene.net\/galeries-photos-mylene-farmer\/wp-json\/wp\/v2\/users\/2"}],"replies":[{"embeddable":true,"href":"https:\/\/mig.mylene.net\/galeries-photos-mylene-farmer\/wp-json\/wp\/v2\/comments?post=2703"}],"version-history":[{"count":1,"href":"https:\/\/mig.mylene.net\/galeries-photos-mylene-farmer\/wp-json\/wp\/v2\/pages\/2703\/revisions"}],"predecessor-version":[{"id":24415,"href":"https:\/\/mig.mylene.net\/galeries-photos-mylene-farmer\/wp-json\/wp\/v2\/pages\/2703\/revisions\/24415"}],"wp:attachment":[{"href":"https:\/\/mig.mylene.net\/galeries-photos-mylene-farmer\/wp-json\/wp\/v2\/media?parent=2703"}],"curies":[{"name":"wp","href":"https:\/\/api.w.org\/{rel}","templated":true}]}}