{"id":2686,"date":"2016-05-22T10:53:15","date_gmt":"2016-05-22T09:53:15","guid":{"rendered":"http:\/\/www.mylene.net\/mfv3atw\/galeries-photos-mf\/?page_id=2686"},"modified":"2025-03-25T12:14:39","modified_gmt":"2025-03-25T11:14:39","slug":"a-la-folie-pas-du-tout-tf1-12-avril-1987","status":"publish","type":"page","link":"https:\/\/mig.mylene.net\/galeries-photos-mylene-farmer\/a-la-folie-pas-du-tout-tf1-12-avril-1987","title":{"rendered":"Myl\u00e8ne Farmer &#8211; A la folie pas du tout &#8211; TF1 &#8211; 12 avril 1987"},"content":{"rendered":"ngg_shortcode_0_placeholder\n<div class=\"galerie_description\">\n<div class=\"galerie_description_table\">\n<div class=\"galerie_description_line\">\n<div class=\"title themecolored\">Photographes<\/div>\n<div class=\"content\">Divers<\/div>\n<\/div>\n<div class=\"galerie_description_line\">\n<div class=\"title themecolored\">Date<\/div>\n<div class=\"content\">12 avril 1987 (diffusion)<\/div>\n<\/div>\n<div class=\"galerie_description_line\">\n<div class=\"title themecolored\">Lieu<\/div>\n<div class=\"content\">Paris, France<\/div>\n<\/div>\n<\/div>\n<\/div>\n<p>&nbsp;<\/p>\n<div class=\"galerie_description_fullline with_border\">\n<p>Emission diffus\u00e9e sur TF1 le dimanche apr\u00e8s-midi et pr\u00e9sent\u00e9e par Patrick Poivre d&rsquo;Arvor.<br \/>\nMyl\u00e8ne interpr\u00e8te <em>Tristana<\/em> avec ses deux danseuses Dominique Martinelli et Sophie Tellier.<\/p>\n<\/div>\n","protected":false},"excerpt":{"rendered":"<p>Photographes Divers Date 12 avril 1987 (diffusion) Lieu Paris, France &nbsp; Emission diffus\u00e9e sur TF1 le dimanche apr\u00e8s-midi et pr\u00e9sent\u00e9e par Patrick Poivre d&rsquo;Arvor. Myl\u00e8ne interpr\u00e8te Tristana avec ses deux danseuses Dominique Martinelli et Sophie Tellier.<\/p>\n","protected":false},"author":2,"featured_media":0,"parent":0,"menu_order":0,"comment_status":"closed","ping_status":"closed","template":"","meta":{"_acf_changed":false,"ngg_post_thumbnail":0,"footnotes":""},"class_list":["post-2686","page","type-page","status-publish","hentry"],"acf":[],"_links":{"self":[{"href":"https:\/\/mig.mylene.net\/galeries-photos-mylene-farmer\/wp-json\/wp\/v2\/pages\/2686","targetHints":{"allow":["GET"]}}],"collection":[{"href":"https:\/\/mig.mylene.net\/galeries-photos-mylene-farmer\/wp-json\/wp\/v2\/pages"}],"about":[{"href":"https:\/\/mig.mylene.net\/galeries-photos-mylene-farmer\/wp-json\/wp\/v2\/types\/page"}],"author":[{"embeddable":true,"href":"https:\/\/mig.mylene.net\/galeries-photos-mylene-farmer\/wp-json\/wp\/v2\/users\/2"}],"replies":[{"embeddable":true,"href":"https:\/\/mig.mylene.net\/galeries-photos-mylene-farmer\/wp-json\/wp\/v2\/comments?post=2686"}],"version-history":[{"count":1,"href":"https:\/\/mig.mylene.net\/galeries-photos-mylene-farmer\/wp-json\/wp\/v2\/pages\/2686\/revisions"}],"predecessor-version":[{"id":24414,"href":"https:\/\/mig.mylene.net\/galeries-photos-mylene-farmer\/wp-json\/wp\/v2\/pages\/2686\/revisions\/24414"}],"wp:attachment":[{"href":"https:\/\/mig.mylene.net\/galeries-photos-mylene-farmer\/wp-json\/wp\/v2\/media?parent=2686"}],"curies":[{"name":"wp","href":"https:\/\/api.w.org\/{rel}","templated":true}]}}