{"id":2659,"date":"2016-05-22T10:52:02","date_gmt":"2016-05-22T09:52:02","guid":{"rendered":"http:\/\/www.mylene.net\/mfv3atw\/galeries-photos-mf\/?page_id=2659"},"modified":"2025-08-14T19:55:21","modified_gmt":"2025-08-14T17:55:21","slug":"c-est-encore-mieux-l-apres-midi-antenne-2-09-avril-1987","status":"publish","type":"page","link":"https:\/\/mig.mylene.net\/galeries-photos-mylene-farmer\/c-est-encore-mieux-l-apres-midi-antenne-2-09-avril-1987","title":{"rendered":"Myl\u00e8ne Farmer &#8211; C&rsquo;est encore mieux l&rsquo;apr\u00e8s-midi &#8211; Antenne 2 &#8211; 09 avril 1987"},"content":{"rendered":"<p>ngg_shortcode_0_placeholder<br \/>\nngg_shortcode_1_placeholder<br \/>\nngg_shortcode_2_placeholder<\/p>\n<div class=\"galerie_description\">\n<div class=\"galerie_description_table\">\n<div class=\"galerie_description_line\">\n<div class=\"title themecolored\">Photographes<\/div>\n<div class=\"content\">Divers<\/div>\n<\/div>\n<div class=\"galerie_description_line\">\n<div class=\"title themecolored\">Date<\/div>\n<div class=\"content\">09 avril 1987<\/div>\n<\/div>\n<div class=\"galerie_description_line\">\n<div class=\"title themecolored\">Lieu<\/div>\n<div class=\"content\">Paris, France<\/div>\n<\/div>\n<\/div>\n<\/div>\n<p>&nbsp;<\/p>\n<div class=\"galerie_description_fullline with_border\">\n<p>Emission pr\u00e9sent\u00e9e par Christophe Dechavanne et diffus\u00e9e l&rsquo;apr\u00e8s-midi en direct sur Antenne 2.<br \/>\nMyl\u00e8ne interpr\u00e8te <em>Au bout de la nuit<\/em> puis <em>Tristana<\/em> (accompagn\u00e9e par ses deux danseuses Sophie Tellier et Dominique Martinelli) et participe \u00e0 diff\u00e9rentes rubriques de l&rsquo;\u00e9mission.<\/p>\n<p><a href=\"http:\/\/www.mylene.net\/modules\/index.php?r=376\">\u00ab\u00a0C&rsquo;est encore mieux l&rsquo;apr\u00e8s-midi du 9 avril 1987\u00a0\u00bb &#8211; Infos &amp; Vid\u00e9os<\/a><\/p>\n<\/div>\n","protected":false},"excerpt":{"rendered":"<p>Photographes Divers Date 09 avril 1987 Lieu Paris, France &nbsp; Emission pr\u00e9sent\u00e9e par Christophe Dechavanne et diffus\u00e9e l&rsquo;apr\u00e8s-midi en direct sur Antenne 2. Myl\u00e8ne interpr\u00e8te Au bout de la nuit puis Tristana (accompagn\u00e9e par ses deux danseuses Sophie Tellier et Dominique Martinelli) et participe \u00e0 diff\u00e9rentes rubriques de l&rsquo;\u00e9mission. \u00ab\u00a0C&rsquo;est encore mieux l&rsquo;apr\u00e8s-midi du 9 &hellip; <a href=\"https:\/\/mig.mylene.net\/galeries-photos-mylene-farmer\/c-est-encore-mieux-l-apres-midi-antenne-2-09-avril-1987\" class=\"more-link\">Continue reading<span class=\"screen-reader-text\"> \u00ab\u00a0Myl\u00e8ne Farmer &#8211; C&rsquo;est encore mieux l&rsquo;apr\u00e8s-midi &#8211; Antenne 2 &#8211; 09 avril 1987\u00a0\u00bb<\/span><\/a><\/p>\n","protected":false},"author":2,"featured_media":0,"parent":0,"menu_order":0,"comment_status":"closed","ping_status":"closed","template":"","meta":{"_acf_changed":false,"ngg_post_thumbnail":0,"footnotes":""},"class_list":["post-2659","page","type-page","status-publish","hentry"],"acf":[],"_links":{"self":[{"href":"https:\/\/mig.mylene.net\/galeries-photos-mylene-farmer\/wp-json\/wp\/v2\/pages\/2659","targetHints":{"allow":["GET"]}}],"collection":[{"href":"https:\/\/mig.mylene.net\/galeries-photos-mylene-farmer\/wp-json\/wp\/v2\/pages"}],"about":[{"href":"https:\/\/mig.mylene.net\/galeries-photos-mylene-farmer\/wp-json\/wp\/v2\/types\/page"}],"author":[{"embeddable":true,"href":"https:\/\/mig.mylene.net\/galeries-photos-mylene-farmer\/wp-json\/wp\/v2\/users\/2"}],"replies":[{"embeddable":true,"href":"https:\/\/mig.mylene.net\/galeries-photos-mylene-farmer\/wp-json\/wp\/v2\/comments?post=2659"}],"version-history":[{"count":2,"href":"https:\/\/mig.mylene.net\/galeries-photos-mylene-farmer\/wp-json\/wp\/v2\/pages\/2659\/revisions"}],"predecessor-version":[{"id":24920,"href":"https:\/\/mig.mylene.net\/galeries-photos-mylene-farmer\/wp-json\/wp\/v2\/pages\/2659\/revisions\/24920"}],"wp:attachment":[{"href":"https:\/\/mig.mylene.net\/galeries-photos-mylene-farmer\/wp-json\/wp\/v2\/media?parent=2659"}],"curies":[{"name":"wp","href":"https:\/\/api.w.org\/{rel}","templated":true}]}}