{"id":2622,"date":"2016-05-22T07:04:13","date_gmt":"2016-05-22T06:04:13","guid":{"rendered":"http:\/\/www.mylene.net\/mfv3atw\/galeries-photos-mf\/?page_id=2622"},"modified":"2025-07-14T16:23:26","modified_gmt":"2025-07-14T14:23:26","slug":"c-est-encore-mieux-l-apres-midi-antenne-2-19-fevrier-1987","status":"publish","type":"page","link":"https:\/\/mig.mylene.net\/galeries-photos-mylene-farmer\/c-est-encore-mieux-l-apres-midi-antenne-2-19-fevrier-1987","title":{"rendered":"Myl\u00e8ne Farmer &#8211; C&rsquo;est encore mieux l&rsquo;apr\u00e8s-midi &#8211; Antenne 2 &#8211; 19 f\u00e9vrier 1987"},"content":{"rendered":"<p>ngg_shortcode_0_placeholder<br \/>\nngg_shortcode_1_placeholder<\/p>\n<div class=\"galerie_description\">\n<div class=\"galerie_description_table\">\n<div class=\"galerie_description_line\">\n<div class=\"title themecolored\">Photographes<\/div>\n<div class=\"content\">Divers<\/div>\n<\/div>\n<div class=\"galerie_description_line\">\n<div class=\"title themecolored\">Date<\/div>\n<div class=\"content\">19 f\u00e9vrier 1987<\/div>\n<\/div>\n<div class=\"galerie_description_line\">\n<div class=\"title themecolored\">Lieu<\/div>\n<div class=\"content\">Paris, France<\/div>\n<\/div>\n<\/div>\n<\/div>\n<p>&nbsp;<\/p>\n<div class=\"galerie_description_fullline with_border\">\n<p>Myl\u00e8ne interpr\u00e8te <em>Tristana<\/em> avec ses deux danseuses Sophie Tellier et Dominique Martinelli.<br \/>\nC&rsquo;est la premi\u00e8re prestation t\u00e9l\u00e9vis\u00e9e de Myl\u00e8ne sur <em>Tristana<\/em>.<br \/>\nIl s&rsquo;agit \u00e9galement de la premi\u00e8re prestation tv de Myl\u00e8ne avec des danseurs ou danseuses.<br \/>\nElle participe \u00e9galement \u00e0 plusieurs s\u00e9quences de l&rsquo;\u00e9mission aux c\u00f4t\u00e9s de Christophe Dechavanne.<\/p>\n<p><a href=\"http:\/\/www.mylene.net\/modules\/index.php?r=368\">\u00ab\u00a0C&rsquo;est encore mieux l&rsquo;apr\u00e8s-midi du 19 f\u00e9vrier 1987\u00a0\u00bb &#8211; Infos &amp; Vid\u00e9os<\/a><\/p>\n<\/div>\n","protected":false},"excerpt":{"rendered":"<p>Photographes Divers Date 19 f\u00e9vrier 1987 Lieu Paris, France &nbsp; Myl\u00e8ne interpr\u00e8te Tristana avec ses deux danseuses Sophie Tellier et Dominique Martinelli. C&rsquo;est la premi\u00e8re prestation t\u00e9l\u00e9vis\u00e9e de Myl\u00e8ne sur Tristana. Il s&rsquo;agit \u00e9galement de la premi\u00e8re prestation tv de Myl\u00e8ne avec des danseurs ou danseuses. Elle participe \u00e9galement \u00e0 plusieurs s\u00e9quences de l&rsquo;\u00e9mission aux &hellip; <a href=\"https:\/\/mig.mylene.net\/galeries-photos-mylene-farmer\/c-est-encore-mieux-l-apres-midi-antenne-2-19-fevrier-1987\" class=\"more-link\">Continue reading<span class=\"screen-reader-text\"> \u00ab\u00a0Myl\u00e8ne Farmer &#8211; C&rsquo;est encore mieux l&rsquo;apr\u00e8s-midi &#8211; Antenne 2 &#8211; 19 f\u00e9vrier 1987\u00a0\u00bb<\/span><\/a><\/p>\n","protected":false},"author":2,"featured_media":0,"parent":0,"menu_order":0,"comment_status":"closed","ping_status":"closed","template":"","meta":{"_acf_changed":false,"ngg_post_thumbnail":0,"footnotes":""},"class_list":["post-2622","page","type-page","status-publish","hentry"],"acf":[],"_links":{"self":[{"href":"https:\/\/mig.mylene.net\/galeries-photos-mylene-farmer\/wp-json\/wp\/v2\/pages\/2622","targetHints":{"allow":["GET"]}}],"collection":[{"href":"https:\/\/mig.mylene.net\/galeries-photos-mylene-farmer\/wp-json\/wp\/v2\/pages"}],"about":[{"href":"https:\/\/mig.mylene.net\/galeries-photos-mylene-farmer\/wp-json\/wp\/v2\/types\/page"}],"author":[{"embeddable":true,"href":"https:\/\/mig.mylene.net\/galeries-photos-mylene-farmer\/wp-json\/wp\/v2\/users\/2"}],"replies":[{"embeddable":true,"href":"https:\/\/mig.mylene.net\/galeries-photos-mylene-farmer\/wp-json\/wp\/v2\/comments?post=2622"}],"version-history":[{"count":2,"href":"https:\/\/mig.mylene.net\/galeries-photos-mylene-farmer\/wp-json\/wp\/v2\/pages\/2622\/revisions"}],"predecessor-version":[{"id":24856,"href":"https:\/\/mig.mylene.net\/galeries-photos-mylene-farmer\/wp-json\/wp\/v2\/pages\/2622\/revisions\/24856"}],"wp:attachment":[{"href":"https:\/\/mig.mylene.net\/galeries-photos-mylene-farmer\/wp-json\/wp\/v2\/media?parent=2622"}],"curies":[{"name":"wp","href":"https:\/\/api.w.org\/{rel}","templated":true}]}}