{"id":2608,"date":"2016-05-22T07:01:36","date_gmt":"2016-05-22T06:01:36","guid":{"rendered":"http:\/\/www.mylene.net\/mfv3atw\/galeries-photos-mf\/?page_id=2608"},"modified":"2025-03-25T12:13:23","modified_gmt":"2025-03-25T11:13:23","slug":"embarquement-immediat-fr3-janvier-1987","status":"publish","type":"page","link":"https:\/\/mig.mylene.net\/galeries-photos-mylene-farmer\/embarquement-immediat-fr3-janvier-1987","title":{"rendered":"Myl\u00e8ne Farmer &#8211; Embarquement Imm\u00e9diat &#8211; FR3 &#8211; Janvier 1987"},"content":{"rendered":"ngg_shortcode_0_placeholder\n<div class=\"galerie_description\">\n<div class=\"galerie_description_table\">\n<div class=\"galerie_description_line\">\n<div class=\"title themecolored\">Photographes<\/div>\n<div class=\"content\">Divers<\/div>\n<\/div>\n<div class=\"galerie_description_line\">\n<div class=\"title themecolored\">Dates<\/div>\n<div class=\"content\">Janvier 1987 (enregistrement) \/ 11 f\u00e9vrier 1987 (diffusion)<\/div>\n<\/div>\n<div class=\"galerie_description_line\">\n<div class=\"title themecolored\">Lieu<\/div>\n<div class=\"content\">Un manoir en France<\/div>\n<\/div>\n<\/div>\n<\/div>\n<p>&nbsp;<\/p>\n<div class=\"galerie_description_fullline with_border\">\n<p>Emission de Maritie et Gilbert Carpentier diffus\u00e9e en prime time sur FR3 et dont Alain Souchon \u00e9tait l&rsquo;invit\u00e9 d&rsquo;honneur pour ce num\u00e9ro.<br \/>\nMyl\u00e8ne interpr\u00e8te <em>Tristana<\/em> avec ses deux danseuses, Sophie Tellier et Dominique Martinelli.<\/p>\n<p><a href=\"http:\/\/www.mylene.net\/modules\/index.php?r=370\">\u00ab\u00a0Embarquement imm\u00e9diat\u00a0\u00bb &#8211; Infos &amp; Vid\u00e9os<\/a><\/p>\n<\/div>\n","protected":false},"excerpt":{"rendered":"<p>Photographes Divers Dates Janvier 1987 (enregistrement) \/ 11 f\u00e9vrier 1987 (diffusion) Lieu Un manoir en France &nbsp; Emission de Maritie et Gilbert Carpentier diffus\u00e9e en prime time sur FR3 et dont Alain Souchon \u00e9tait l&rsquo;invit\u00e9 d&rsquo;honneur pour ce num\u00e9ro. Myl\u00e8ne interpr\u00e8te Tristana avec ses deux danseuses, Sophie Tellier et Dominique Martinelli. \u00ab\u00a0Embarquement imm\u00e9diat\u00a0\u00bb &#8211; Infos &hellip; <a href=\"https:\/\/mig.mylene.net\/galeries-photos-mylene-farmer\/embarquement-immediat-fr3-janvier-1987\" class=\"more-link\">Continue reading<span class=\"screen-reader-text\"> \u00ab\u00a0Myl\u00e8ne Farmer &#8211; Embarquement Imm\u00e9diat &#8211; FR3 &#8211; Janvier 1987\u00a0\u00bb<\/span><\/a><\/p>\n","protected":false},"author":2,"featured_media":0,"parent":0,"menu_order":0,"comment_status":"closed","ping_status":"closed","template":"","meta":{"_acf_changed":false,"ngg_post_thumbnail":0,"footnotes":""},"class_list":["post-2608","page","type-page","status-publish","hentry"],"acf":[],"_links":{"self":[{"href":"https:\/\/mig.mylene.net\/galeries-photos-mylene-farmer\/wp-json\/wp\/v2\/pages\/2608","targetHints":{"allow":["GET"]}}],"collection":[{"href":"https:\/\/mig.mylene.net\/galeries-photos-mylene-farmer\/wp-json\/wp\/v2\/pages"}],"about":[{"href":"https:\/\/mig.mylene.net\/galeries-photos-mylene-farmer\/wp-json\/wp\/v2\/types\/page"}],"author":[{"embeddable":true,"href":"https:\/\/mig.mylene.net\/galeries-photos-mylene-farmer\/wp-json\/wp\/v2\/users\/2"}],"replies":[{"embeddable":true,"href":"https:\/\/mig.mylene.net\/galeries-photos-mylene-farmer\/wp-json\/wp\/v2\/comments?post=2608"}],"version-history":[{"count":1,"href":"https:\/\/mig.mylene.net\/galeries-photos-mylene-farmer\/wp-json\/wp\/v2\/pages\/2608\/revisions"}],"predecessor-version":[{"id":24412,"href":"https:\/\/mig.mylene.net\/galeries-photos-mylene-farmer\/wp-json\/wp\/v2\/pages\/2608\/revisions\/24412"}],"wp:attachment":[{"href":"https:\/\/mig.mylene.net\/galeries-photos-mylene-farmer\/wp-json\/wp\/v2\/media?parent=2608"}],"curies":[{"name":"wp","href":"https:\/\/api.w.org\/{rel}","templated":true}]}}