{"id":2573,"date":"2016-05-22T06:59:46","date_gmt":"2016-05-22T05:59:46","guid":{"rendered":"http:\/\/www.mylene.net\/mfv3atw\/galeries-photos-mf\/?page_id=2573"},"modified":"2025-08-14T19:53:10","modified_gmt":"2025-08-14T17:53:10","slug":"c-est-encore-mieux-l-apres-midi-antenne-2-22-janvier-1987","status":"publish","type":"page","link":"https:\/\/mig.mylene.net\/galeries-photos-mylene-farmer\/c-est-encore-mieux-l-apres-midi-antenne-2-22-janvier-1987","title":{"rendered":"Myl\u00e8ne Farmer &#8211; C&rsquo;est encore mieux l&rsquo;apr\u00e8s-midi &#8211; Antenne 2 &#8211; 22 janvier 1987"},"content":{"rendered":"<p>ngg_shortcode_0_placeholder<br \/>\nngg_shortcode_1_placeholder<br \/>\nngg_shortcode_2_placeholder<\/p>\n<div class=\"galerie_description\">\n<div class=\"galerie_description_table\">\n<div class=\"galerie_description_line\">\n<div class=\"title themecolored\">Photographes<\/div>\n<div class=\"content\">Divers<\/div>\n<\/div>\n<div class=\"galerie_description_line\">\n<div class=\"title themecolored\">Date<\/div>\n<div class=\"content\">22 janvier 1987<\/div>\n<\/div>\n<div class=\"galerie_description_line\">\n<div class=\"title themecolored\">Lieu<\/div>\n<div class=\"content\">Paris, France<\/div>\n<\/div>\n<\/div>\n<\/div>\n<p>&nbsp;<\/p>\n<div class=\"galerie_description_fullline with_border\">\n<p>Emission diffus\u00e9e en direct sur Antenne 2 l&rsquo;apr\u00e8s-midi et pr\u00e9sent\u00e9e par Christophe Dechavanne.<br \/>\nMyl\u00e8ne est l&rsquo;invit\u00e9e principale de l&rsquo;\u00e9mission et interpr\u00e8te <em>Greta<\/em> (dont c&rsquo;est l&rsquo;unique prestation t\u00e9l\u00e9vis\u00e9e connue) et <em>Libertine<\/em>.<\/p>\n<p><a href=\"http:\/\/www.mylene.net\/modules\/index.php?r=426\">Vid\u00e9o<\/a><\/p>\n<\/div>\n","protected":false},"excerpt":{"rendered":"<p>Photographes Divers Date 22 janvier 1987 Lieu Paris, France &nbsp; Emission diffus\u00e9e en direct sur Antenne 2 l&rsquo;apr\u00e8s-midi et pr\u00e9sent\u00e9e par Christophe Dechavanne. Myl\u00e8ne est l&rsquo;invit\u00e9e principale de l&rsquo;\u00e9mission et interpr\u00e8te Greta (dont c&rsquo;est l&rsquo;unique prestation t\u00e9l\u00e9vis\u00e9e connue) et Libertine. Vid\u00e9o<\/p>\n","protected":false},"author":2,"featured_media":0,"parent":0,"menu_order":0,"comment_status":"closed","ping_status":"closed","template":"","meta":{"_acf_changed":false,"ngg_post_thumbnail":0,"footnotes":""},"class_list":["post-2573","page","type-page","status-publish","hentry"],"acf":[],"_links":{"self":[{"href":"https:\/\/mig.mylene.net\/galeries-photos-mylene-farmer\/wp-json\/wp\/v2\/pages\/2573","targetHints":{"allow":["GET"]}}],"collection":[{"href":"https:\/\/mig.mylene.net\/galeries-photos-mylene-farmer\/wp-json\/wp\/v2\/pages"}],"about":[{"href":"https:\/\/mig.mylene.net\/galeries-photos-mylene-farmer\/wp-json\/wp\/v2\/types\/page"}],"author":[{"embeddable":true,"href":"https:\/\/mig.mylene.net\/galeries-photos-mylene-farmer\/wp-json\/wp\/v2\/users\/2"}],"replies":[{"embeddable":true,"href":"https:\/\/mig.mylene.net\/galeries-photos-mylene-farmer\/wp-json\/wp\/v2\/comments?post=2573"}],"version-history":[{"count":2,"href":"https:\/\/mig.mylene.net\/galeries-photos-mylene-farmer\/wp-json\/wp\/v2\/pages\/2573\/revisions"}],"predecessor-version":[{"id":24918,"href":"https:\/\/mig.mylene.net\/galeries-photos-mylene-farmer\/wp-json\/wp\/v2\/pages\/2573\/revisions\/24918"}],"wp:attachment":[{"href":"https:\/\/mig.mylene.net\/galeries-photos-mylene-farmer\/wp-json\/wp\/v2\/media?parent=2573"}],"curies":[{"name":"wp","href":"https:\/\/api.w.org\/{rel}","templated":true}]}}