{"id":2453,"date":"2016-05-22T06:51:56","date_gmt":"2016-05-22T05:51:56","guid":{"rendered":"http:\/\/www.mylene.net\/mfv3atw\/galeries-photos-mf\/?page_id=2453"},"modified":"2025-03-25T12:09:09","modified_gmt":"2025-03-25T11:09:09","slug":"mylene-farmer-photographe-f-vonkarl-1987","status":"publish","type":"page","link":"https:\/\/mig.mylene.net\/galeries-photos-mylene-farmer\/mylene-farmer-photographe-f-vonkarl-1987","title":{"rendered":"Myl\u00e8ne Farmer &#8211; Photographe : F. Vonkarl &#8211; 1987"},"content":{"rendered":"ngg_shortcode_0_placeholder\n<div class=\"galerie_description\">\n<div class=\"galerie_description_table\">\n<div class=\"galerie_description_line\">\n<div class=\"title themecolored\">Photographe<\/div>\n<div class=\"content\">F. Vonkarl<\/div>\n<\/div>\n<div class=\"galerie_description_line\">\n<div class=\"title themecolored\">Date<\/div>\n<div class=\"content\">1987<\/div>\n<\/div>\n<\/div>\n<\/div>\n<p>&nbsp;<\/p>\n<div class=\"galerie_description_fullline with_border\">\n<p>S\u00e9ance photos pour la presse.<br \/>\nPremi\u00e8re publication connue dans le magazine \u00ab\u00a0Psychologie\u00a0\u00bb en juin 1988.<br \/>\nUne photo a \u00e9t\u00e9 publi\u00e9e dans la biographie \u00ab\u00a0Ainsi soit elle\u00a0\u00bb de Philippe S\u00e9guy en 1991.<\/p>\n<\/div>\n","protected":false},"excerpt":{"rendered":"<p>Photographe F. Vonkarl Date 1987 &nbsp; S\u00e9ance photos pour la presse. Premi\u00e8re publication connue dans le magazine \u00ab\u00a0Psychologie\u00a0\u00bb en juin 1988. Une photo a \u00e9t\u00e9 publi\u00e9e dans la biographie \u00ab\u00a0Ainsi soit elle\u00a0\u00bb de Philippe S\u00e9guy en 1991.<\/p>\n","protected":false},"author":2,"featured_media":0,"parent":0,"menu_order":0,"comment_status":"closed","ping_status":"closed","template":"","meta":{"_acf_changed":false,"ngg_post_thumbnail":0,"footnotes":""},"class_list":["post-2453","page","type-page","status-publish","hentry"],"acf":[],"_links":{"self":[{"href":"https:\/\/mig.mylene.net\/galeries-photos-mylene-farmer\/wp-json\/wp\/v2\/pages\/2453","targetHints":{"allow":["GET"]}}],"collection":[{"href":"https:\/\/mig.mylene.net\/galeries-photos-mylene-farmer\/wp-json\/wp\/v2\/pages"}],"about":[{"href":"https:\/\/mig.mylene.net\/galeries-photos-mylene-farmer\/wp-json\/wp\/v2\/types\/page"}],"author":[{"embeddable":true,"href":"https:\/\/mig.mylene.net\/galeries-photos-mylene-farmer\/wp-json\/wp\/v2\/users\/2"}],"replies":[{"embeddable":true,"href":"https:\/\/mig.mylene.net\/galeries-photos-mylene-farmer\/wp-json\/wp\/v2\/comments?post=2453"}],"version-history":[{"count":1,"href":"https:\/\/mig.mylene.net\/galeries-photos-mylene-farmer\/wp-json\/wp\/v2\/pages\/2453\/revisions"}],"predecessor-version":[{"id":24409,"href":"https:\/\/mig.mylene.net\/galeries-photos-mylene-farmer\/wp-json\/wp\/v2\/pages\/2453\/revisions\/24409"}],"wp:attachment":[{"href":"https:\/\/mig.mylene.net\/galeries-photos-mylene-farmer\/wp-json\/wp\/v2\/media?parent=2453"}],"curies":[{"name":"wp","href":"https:\/\/api.w.org\/{rel}","templated":true}]}}