{"id":2403,"date":"2016-05-22T06:50:40","date_gmt":"2016-05-22T05:50:40","guid":{"rendered":"http:\/\/www.mylene.net\/mfv3atw\/galeries-photos-mf\/?page_id=2403"},"modified":"2025-07-14T16:21:52","modified_gmt":"2025-07-14T14:21:52","slug":"elsa-trillat-septembre-1987","status":"publish","type":"page","link":"https:\/\/mig.mylene.net\/galeries-photos-mylene-farmer\/elsa-trillat-septembre-1987","title":{"rendered":"Myl\u00e8ne Farmer &#8211; Photographe Elsa Trillat &#8211; Septembre 1987"},"content":{"rendered":"<p>ngg_shortcode_0_placeholder<br \/>\nngg_shortcode_1_placeholder<\/p>\n<div class=\"galerie_description\">\n<div class=\"galerie_description_table\">\n<div class=\"galerie_description_line\">\n<div class=\"title themecolored\">Photographe<\/div>\n<div class=\"content\">&#8211;<\/div>\n<\/div>\n<div class=\"galerie_description_line\">\n<div class=\"title themecolored\">Date<\/div>\n<div class=\"content\">Septembre 1987<\/div>\n<\/div>\n<div class=\"galerie_description_line\">\n<div class=\"title themecolored\">Lieu<\/div>\n<div class=\"content\">Paris, France<\/div>\n<\/div>\n<\/div>\n<\/div>\n<p>&nbsp;<\/p>\n<div class=\"galerie_description_fullline with_border\">\n<p>S\u00e9ance photos pour le single <em>Sans contrefa\u00e7on<\/em>.<br \/>\nElsa Trillat parle de cette s\u00e9ance photos lors d&rsquo;une interview en 2004 : \u00ab\u00a0De retour sur Paris, Myl\u00e8ne enregistre <em>Sans contrefa\u00e7on<\/em>. Puis, on fait les photos pour la pochette du 45 tours. Myl\u00e8ne souhaite poser sur des voies de chemin de fer d\u00e9saffect\u00e9es, avec mon chat, Malcolm, un chartreux adorable. Elle se voit bien en noir&amp; blanc ou en s\u00e9pia, look\u00e9e fa\u00e7on gamin de Paris \u00e0 la Poulbot. Finalement, on fait des clich\u00e9s en studio avec son costume \u00e0 rayures et avec celui \u00e0 carreaux. C&rsquo;est le premier qui aura les honneurs de la pochette.\u00a0\u00bb<\/p>\n<\/div>\n","protected":false},"excerpt":{"rendered":"<p>Photographe &#8211; Date Septembre 1987 Lieu Paris, France &nbsp; S\u00e9ance photos pour le single Sans contrefa\u00e7on. Elsa Trillat parle de cette s\u00e9ance photos lors d&rsquo;une interview en 2004 : \u00ab\u00a0De retour sur Paris, Myl\u00e8ne enregistre Sans contrefa\u00e7on. Puis, on fait les photos pour la pochette du 45 tours. Myl\u00e8ne souhaite poser sur des voies de &hellip; <a href=\"https:\/\/mig.mylene.net\/galeries-photos-mylene-farmer\/elsa-trillat-septembre-1987\" class=\"more-link\">Continue reading<span class=\"screen-reader-text\"> \u00ab\u00a0Myl\u00e8ne Farmer &#8211; Photographe Elsa Trillat &#8211; Septembre 1987\u00a0\u00bb<\/span><\/a><\/p>\n","protected":false},"author":2,"featured_media":0,"parent":0,"menu_order":0,"comment_status":"closed","ping_status":"closed","template":"","meta":{"_acf_changed":false,"ngg_post_thumbnail":0,"footnotes":""},"class_list":["post-2403","page","type-page","status-publish","hentry"],"acf":[],"_links":{"self":[{"href":"https:\/\/mig.mylene.net\/galeries-photos-mylene-farmer\/wp-json\/wp\/v2\/pages\/2403","targetHints":{"allow":["GET"]}}],"collection":[{"href":"https:\/\/mig.mylene.net\/galeries-photos-mylene-farmer\/wp-json\/wp\/v2\/pages"}],"about":[{"href":"https:\/\/mig.mylene.net\/galeries-photos-mylene-farmer\/wp-json\/wp\/v2\/types\/page"}],"author":[{"embeddable":true,"href":"https:\/\/mig.mylene.net\/galeries-photos-mylene-farmer\/wp-json\/wp\/v2\/users\/2"}],"replies":[{"embeddable":true,"href":"https:\/\/mig.mylene.net\/galeries-photos-mylene-farmer\/wp-json\/wp\/v2\/comments?post=2403"}],"version-history":[{"count":2,"href":"https:\/\/mig.mylene.net\/galeries-photos-mylene-farmer\/wp-json\/wp\/v2\/pages\/2403\/revisions"}],"predecessor-version":[{"id":24854,"href":"https:\/\/mig.mylene.net\/galeries-photos-mylene-farmer\/wp-json\/wp\/v2\/pages\/2403\/revisions\/24854"}],"wp:attachment":[{"href":"https:\/\/mig.mylene.net\/galeries-photos-mylene-farmer\/wp-json\/wp\/v2\/media?parent=2403"}],"curies":[{"name":"wp","href":"https:\/\/api.w.org\/{rel}","templated":true}]}}