{"id":2378,"date":"2016-05-22T06:47:07","date_gmt":"2016-05-22T05:47:07","guid":{"rendered":"http:\/\/www.mylene.net\/mfv3atw\/galeries-photos-mf\/?page_id=2378"},"modified":"2025-03-25T12:07:28","modified_gmt":"2025-03-25T11:07:28","slug":"elsa-trillat-juillet-1987-2","status":"publish","type":"page","link":"https:\/\/mig.mylene.net\/galeries-photos-mylene-farmer\/elsa-trillat-juillet-1987-2","title":{"rendered":"Myl\u00e8ne Farmer &#8211; Photographe Elsa Trillat &#8211; Juillet 1987 (2)"},"content":{"rendered":"ngg_shortcode_0_placeholder\n<div class=\"galerie_description\">\n<div class=\"galerie_description_table\">\n<div class=\"galerie_description_line\">\n<div class=\"title themecolored\">Photographe<\/div>\n<div class=\"content\">Elsa Trillat<\/div>\n<\/div>\n<div class=\"galerie_description_line\">\n<div class=\"title themecolored\">Date<\/div>\n<div class=\"content\">Juillet 1987<\/div>\n<\/div>\n<div class=\"galerie_description_line\">\n<div class=\"title themecolored\">Lieu<\/div>\n<div class=\"content\">Porchefontaine, Versailles, France<\/div>\n<\/div>\n<\/div>\n<\/div>\n<p>&nbsp;<\/p>\n<div class=\"galerie_description_fullline with_border\">\n<p>\u00a9 ELSA TRILLAT\/ARCHIVES FILIPACCHI SCOOP<br \/>\nS\u00e9ance photos r\u00e9alis\u00e9e le premier week-end de juillet 1987 le m\u00eame jour et juste apr\u00e8s la s\u00e9rie dans l&rsquo;appartement du manager de Myl\u00e8ne, Bertrand Le Page (<a href=\"https:\/\/www.mylene.net\/galeries-photos-mylene-farmer\/annees?album=45&amp;gallery=196\">photos<\/a>).<br \/>\nElle se d\u00e9roule \u00e0 Porchefontaine o\u00f9 Myl\u00e8ne avait l&rsquo;habitude de monter \u00e0 cheval quand elle \u00e9tait enfant.<br \/>\nMyl\u00e8ne monte \u00e0 cru un cheval qui se cambre et la fait voltiger. Elle juge alors : \u00ab\u00a0Il faut que je remonte tout de suite sinon je ne remonterai jamais\u00a0\u00bb. Myl\u00e8ne remonte \u00e0 cheval et la s\u00e9ance photos se d\u00e9roule sans probl\u00e8mes.<\/p>\n<\/div>\n","protected":false},"excerpt":{"rendered":"<p>Photographe Elsa Trillat Date Juillet 1987 Lieu Porchefontaine, Versailles, France &nbsp; \u00a9 ELSA TRILLAT\/ARCHIVES FILIPACCHI SCOOP S\u00e9ance photos r\u00e9alis\u00e9e le premier week-end de juillet 1987 le m\u00eame jour et juste apr\u00e8s la s\u00e9rie dans l&rsquo;appartement du manager de Myl\u00e8ne, Bertrand Le Page (photos). Elle se d\u00e9roule \u00e0 Porchefontaine o\u00f9 Myl\u00e8ne avait l&rsquo;habitude de monter \u00e0 &hellip; <a href=\"https:\/\/mig.mylene.net\/galeries-photos-mylene-farmer\/elsa-trillat-juillet-1987-2\" class=\"more-link\">Continue reading<span class=\"screen-reader-text\"> \u00ab\u00a0Myl\u00e8ne Farmer &#8211; Photographe Elsa Trillat &#8211; Juillet 1987 (2)\u00a0\u00bb<\/span><\/a><\/p>\n","protected":false},"author":2,"featured_media":0,"parent":0,"menu_order":0,"comment_status":"closed","ping_status":"closed","template":"","meta":{"_acf_changed":false,"ngg_post_thumbnail":0,"footnotes":""},"class_list":["post-2378","page","type-page","status-publish","hentry"],"acf":[],"_links":{"self":[{"href":"https:\/\/mig.mylene.net\/galeries-photos-mylene-farmer\/wp-json\/wp\/v2\/pages\/2378","targetHints":{"allow":["GET"]}}],"collection":[{"href":"https:\/\/mig.mylene.net\/galeries-photos-mylene-farmer\/wp-json\/wp\/v2\/pages"}],"about":[{"href":"https:\/\/mig.mylene.net\/galeries-photos-mylene-farmer\/wp-json\/wp\/v2\/types\/page"}],"author":[{"embeddable":true,"href":"https:\/\/mig.mylene.net\/galeries-photos-mylene-farmer\/wp-json\/wp\/v2\/users\/2"}],"replies":[{"embeddable":true,"href":"https:\/\/mig.mylene.net\/galeries-photos-mylene-farmer\/wp-json\/wp\/v2\/comments?post=2378"}],"version-history":[{"count":1,"href":"https:\/\/mig.mylene.net\/galeries-photos-mylene-farmer\/wp-json\/wp\/v2\/pages\/2378\/revisions"}],"predecessor-version":[{"id":24407,"href":"https:\/\/mig.mylene.net\/galeries-photos-mylene-farmer\/wp-json\/wp\/v2\/pages\/2378\/revisions\/24407"}],"wp:attachment":[{"href":"https:\/\/mig.mylene.net\/galeries-photos-mylene-farmer\/wp-json\/wp\/v2\/media?parent=2378"}],"curies":[{"name":"wp","href":"https:\/\/api.w.org\/{rel}","templated":true}]}}