{"id":23732,"date":"2023-11-20T22:37:13","date_gmt":"2023-11-20T21:37:13","guid":{"rendered":"https:\/\/www.mylene.net\/galeries-photos-mylene-farmer\/?page_id=23732"},"modified":"2025-03-26T12:26:36","modified_gmt":"2025-03-26T11:26:36","slug":"mylene-farmer-tony-parker-et-woodkid-match-de-basket-villeurbanne-19-novembre-2023","status":"publish","type":"page","link":"https:\/\/mig.mylene.net\/galeries-photos-mylene-farmer\/mylene-farmer-tony-parker-et-woodkid-match-de-basket-villeurbanne-19-novembre-2023","title":{"rendered":"Myl\u00e8ne Farmer, Tony Parker et Woodkid &#8211; Match de basket &#8211; Villeurbanne &#8211; 19 novembre 2023"},"content":{"rendered":"ngg_shortcode_0_placeholder\n<div class=\"galerie_description\">\n<div class=\"galerie_description_table\">\n<div class=\"galerie_description_line\">\n<div class=\"title themecolored\">Photographe<\/div>\n<div class=\"content\">&#8211;<\/div>\n<\/div>\n<div class=\"galerie_description_line\">\n<div class=\"title themecolored\">Date<\/div>\n<div class=\"content\">19 novembre 2023<\/div>\n<\/div>\n<div class=\"galerie_description_line\">\n<div class=\"title themecolored\">Lieu<\/div>\n<div class=\"content\">Salle Astroballe, Villeurbanne, France<\/div>\n<\/div>\n<\/div>\n<\/div>\n<p>&nbsp;<\/p>\n<div class=\"galerie_description_fullline with_border\">\n<p>Myl\u00e8ne assiste \u00e0 un match de basket entour\u00e9e de Tony Parker et de Woodkid.<br \/>\n<a href=\"https:\/\/www.mylene.net\/modules\/index.php?r=4&amp;z=5367\">Infos &amp; vid\u00e9o<\/a><\/p>\n<\/div>\n","protected":false},"excerpt":{"rendered":"<p>Photographe &#8211; Date 19 novembre 2023 Lieu Salle Astroballe, Villeurbanne, France &nbsp; Myl\u00e8ne assiste \u00e0 un match de basket entour\u00e9e de Tony Parker et de Woodkid. Infos &amp; vid\u00e9o<\/p>\n","protected":false},"author":2,"featured_media":0,"parent":0,"menu_order":0,"comment_status":"closed","ping_status":"closed","template":"","meta":{"_acf_changed":false,"ngg_post_thumbnail":0,"footnotes":""},"class_list":["post-23732","page","type-page","status-publish","hentry"],"acf":[],"_links":{"self":[{"href":"https:\/\/mig.mylene.net\/galeries-photos-mylene-farmer\/wp-json\/wp\/v2\/pages\/23732","targetHints":{"allow":["GET"]}}],"collection":[{"href":"https:\/\/mig.mylene.net\/galeries-photos-mylene-farmer\/wp-json\/wp\/v2\/pages"}],"about":[{"href":"https:\/\/mig.mylene.net\/galeries-photos-mylene-farmer\/wp-json\/wp\/v2\/types\/page"}],"author":[{"embeddable":true,"href":"https:\/\/mig.mylene.net\/galeries-photos-mylene-farmer\/wp-json\/wp\/v2\/users\/2"}],"replies":[{"embeddable":true,"href":"https:\/\/mig.mylene.net\/galeries-photos-mylene-farmer\/wp-json\/wp\/v2\/comments?post=23732"}],"version-history":[{"count":1,"href":"https:\/\/mig.mylene.net\/galeries-photos-mylene-farmer\/wp-json\/wp\/v2\/pages\/23732\/revisions"}],"predecessor-version":[{"id":24815,"href":"https:\/\/mig.mylene.net\/galeries-photos-mylene-farmer\/wp-json\/wp\/v2\/pages\/23732\/revisions\/24815"}],"wp:attachment":[{"href":"https:\/\/mig.mylene.net\/galeries-photos-mylene-farmer\/wp-json\/wp\/v2\/media?parent=23732"}],"curies":[{"name":"wp","href":"https:\/\/api.w.org\/{rel}","templated":true}]}}