{"id":23708,"date":"2023-10-08T08:49:19","date_gmt":"2023-10-08T07:49:19","guid":{"rendered":"https:\/\/www.mylene.net\/galeries-photos-mylene-farmer\/?page_id=23708"},"modified":"2025-03-26T12:26:01","modified_gmt":"2025-03-26T11:26:01","slug":"mylene-farmer-concerts-nevermore-photos-par-airworks","status":"publish","type":"page","link":"https:\/\/mig.mylene.net\/galeries-photos-mylene-farmer\/mylene-farmer-concerts-nevermore-photos-par-airworks","title":{"rendered":"Myl\u00e8ne Farmer &#8211; Concerts Nevermore &#8211; Photos par Airworks"},"content":{"rendered":"ngg_shortcode_0_placeholder\n<div class=\"galerie_description\">\n<div class=\"galerie_description_table\">\n<div class=\"galerie_description_line\">\n<div class=\"title themecolored\">Photographe<\/div>\n<div class=\"content\">&#8211;<\/div>\n<\/div>\n<div class=\"galerie_description_line\">\n<div class=\"title themecolored\">Date<\/div>\n<div class=\"content\">2023<\/div>\n<\/div>\n<div class=\"galerie_description_line\">\n<div class=\"title themecolored\">Lieux<\/div>\n<div class=\"content\">France<\/div>\n<\/div>\n<\/div>\n<\/div>\n<p>&nbsp;<\/p>\n<div class=\"galerie_description_fullline with_border\">\n<p>Photos partag\u00e9es sur instagram le 06 octobre 2023 par la soci\u00e9t\u00e9 Airworks sp\u00e9cialis\u00e9e dans la cr\u00e9ation de structures gonflables et qui a con\u00e7u les deux corbeaux et la faucheuse pour le spectacle <em>Nevermore<\/em>.<br \/>\n<a href=\"https:\/\/www.instagram.com\/p\/CyC6mKEoWaf\/\" target=\"_blank\" rel=\"noopener\">https:\/\/www.instagram.com\/p\/CyC6mKEoWaf\/<\/a><\/p>\n<\/div>\n","protected":false},"excerpt":{"rendered":"<p>Photographe &#8211; Date 2023 Lieux France &nbsp; Photos partag\u00e9es sur instagram le 06 octobre 2023 par la soci\u00e9t\u00e9 Airworks sp\u00e9cialis\u00e9e dans la cr\u00e9ation de structures gonflables et qui a con\u00e7u les deux corbeaux et la faucheuse pour le spectacle Nevermore. https:\/\/www.instagram.com\/p\/CyC6mKEoWaf\/<\/p>\n","protected":false},"author":2,"featured_media":0,"parent":0,"menu_order":0,"comment_status":"closed","ping_status":"closed","template":"","meta":{"_acf_changed":false,"ngg_post_thumbnail":0,"footnotes":""},"class_list":["post-23708","page","type-page","status-publish","hentry"],"acf":[],"_links":{"self":[{"href":"https:\/\/mig.mylene.net\/galeries-photos-mylene-farmer\/wp-json\/wp\/v2\/pages\/23708","targetHints":{"allow":["GET"]}}],"collection":[{"href":"https:\/\/mig.mylene.net\/galeries-photos-mylene-farmer\/wp-json\/wp\/v2\/pages"}],"about":[{"href":"https:\/\/mig.mylene.net\/galeries-photos-mylene-farmer\/wp-json\/wp\/v2\/types\/page"}],"author":[{"embeddable":true,"href":"https:\/\/mig.mylene.net\/galeries-photos-mylene-farmer\/wp-json\/wp\/v2\/users\/2"}],"replies":[{"embeddable":true,"href":"https:\/\/mig.mylene.net\/galeries-photos-mylene-farmer\/wp-json\/wp\/v2\/comments?post=23708"}],"version-history":[{"count":1,"href":"https:\/\/mig.mylene.net\/galeries-photos-mylene-farmer\/wp-json\/wp\/v2\/pages\/23708\/revisions"}],"predecessor-version":[{"id":24814,"href":"https:\/\/mig.mylene.net\/galeries-photos-mylene-farmer\/wp-json\/wp\/v2\/pages\/23708\/revisions\/24814"}],"wp:attachment":[{"href":"https:\/\/mig.mylene.net\/galeries-photos-mylene-farmer\/wp-json\/wp\/v2\/media?parent=23708"}],"curies":[{"name":"wp","href":"https:\/\/api.w.org\/{rel}","templated":true}]}}