{"id":2350,"date":"2016-05-22T06:46:03","date_gmt":"2016-05-22T05:46:03","guid":{"rendered":"http:\/\/www.mylene.net\/mfv3atw\/galeries-photos-mf\/?page_id=2350"},"modified":"2025-07-14T16:19:08","modified_gmt":"2025-07-14T14:19:08","slug":"elsa-trillat-juillet-1987-1","status":"publish","type":"page","link":"https:\/\/mig.mylene.net\/galeries-photos-mylene-farmer\/elsa-trillat-juillet-1987-1","title":{"rendered":"Myl\u00e8ne Farmer &#8211; Photographe Elsa Trillat &#8211; Juillet 1987 (1)"},"content":{"rendered":"<p>ngg_shortcode_0_placeholder<br \/>\nngg_shortcode_1_placeholder<\/p>\n<div class=\"galerie_description\">\n<div class=\"galerie_description_table\">\n<div class=\"galerie_description_line\">\n<div class=\"title themecolored\">Photographe<\/div>\n<div class=\"content\">Elsa Trillat<\/div>\n<\/div>\n<div class=\"galerie_description_line\">\n<div class=\"title themecolored\">Date<\/div>\n<div class=\"content\">Juillet 1987<\/div>\n<\/div>\n<div class=\"galerie_description_line\">\n<div class=\"title themecolored\">Lieu<\/div>\n<div class=\"content\">Appartement de Bertrand Le Page, Paris, France<\/div>\n<\/div>\n<\/div>\n<\/div>\n<p>&nbsp;<\/p>\n<div class=\"galerie_description_fullline with_border\">\n<p>\u00a9 ELSA TRILLAT\/ARCHIVES FILIPACCHI SCOOP<br \/>\nS\u00e9ance photos r\u00e9alis\u00e9e le premier week-end de juillet 1987 le m\u00eame jour, peu de temps avant que la s\u00e9rie \u00e0 Porchefontaine (<a href=\"https:\/\/www.mylene.net\/galeries-photos-mylene-farmer\/annees?album=45&amp;gallery=197\">photos<\/a>).<\/p>\n<\/div>\n","protected":false},"excerpt":{"rendered":"<p>Photographe Elsa Trillat Date Juillet 1987 Lieu Appartement de Bertrand Le Page, Paris, France &nbsp; \u00a9 ELSA TRILLAT\/ARCHIVES FILIPACCHI SCOOP S\u00e9ance photos r\u00e9alis\u00e9e le premier week-end de juillet 1987 le m\u00eame jour, peu de temps avant que la s\u00e9rie \u00e0 Porchefontaine (photos).<\/p>\n","protected":false},"author":2,"featured_media":0,"parent":0,"menu_order":0,"comment_status":"closed","ping_status":"closed","template":"","meta":{"_acf_changed":false,"ngg_post_thumbnail":0,"footnotes":""},"class_list":["post-2350","page","type-page","status-publish","hentry"],"acf":[],"_links":{"self":[{"href":"https:\/\/mig.mylene.net\/galeries-photos-mylene-farmer\/wp-json\/wp\/v2\/pages\/2350","targetHints":{"allow":["GET"]}}],"collection":[{"href":"https:\/\/mig.mylene.net\/galeries-photos-mylene-farmer\/wp-json\/wp\/v2\/pages"}],"about":[{"href":"https:\/\/mig.mylene.net\/galeries-photos-mylene-farmer\/wp-json\/wp\/v2\/types\/page"}],"author":[{"embeddable":true,"href":"https:\/\/mig.mylene.net\/galeries-photos-mylene-farmer\/wp-json\/wp\/v2\/users\/2"}],"replies":[{"embeddable":true,"href":"https:\/\/mig.mylene.net\/galeries-photos-mylene-farmer\/wp-json\/wp\/v2\/comments?post=2350"}],"version-history":[{"count":2,"href":"https:\/\/mig.mylene.net\/galeries-photos-mylene-farmer\/wp-json\/wp\/v2\/pages\/2350\/revisions"}],"predecessor-version":[{"id":24852,"href":"https:\/\/mig.mylene.net\/galeries-photos-mylene-farmer\/wp-json\/wp\/v2\/pages\/2350\/revisions\/24852"}],"wp:attachment":[{"href":"https:\/\/mig.mylene.net\/galeries-photos-mylene-farmer\/wp-json\/wp\/v2\/media?parent=2350"}],"curies":[{"name":"wp","href":"https:\/\/api.w.org\/{rel}","templated":true}]}}