{"id":23443,"date":"2023-01-15T13:43:09","date_gmt":"2023-01-15T12:43:09","guid":{"rendered":"https:\/\/www.mylene.net\/galeries-photos-mylene-farmer\/mylene-farmer-clip-rayon-vert-photographe-christophe-danchaud-octobre-2022"},"modified":"2023-01-15T13:43:09","modified_gmt":"2023-01-15T12:43:09","slug":"mylene-farmer-clip-rayon-vert-photographe-christophe-danchaud-octobre-2022","status":"publish","type":"page","link":"https:\/\/mig.mylene.net\/galeries-photos-mylene-farmer\/mylene-farmer-clip-rayon-vert-photographe-christophe-danchaud-octobre-2022","title":{"rendered":"Myl\u00e8ne Farmer &#8211; Clip Rayon vert &#8211; Photographe : Christophe Danchaud &#8211; Octobre 2022"},"content":{"rendered":"ngg_shortcode_0_placeholder\n<div class=\"galerie_description\">\n<div class=\"galerie_description_table\">\n<div class=\"galerie_description_line\">\n<div class=\"title themecolored\">Photographe<\/div>\n<div class=\"content\"><\/div>\n<div class=\"galerie_description_line\">\n<div class=\"title themecolored\">Date<\/div>\n<div class=\"content\">07 octobre 2022<\/div>\n<\/div>\n<div class=\"galerie_description_line\">\n<div class=\"title themecolored\">Lieu<\/div>\n<div class=\"content\">&#8211;<\/div>\n<\/div>\n<\/div>\n<\/div>\n<p><\/p>\n<div class=\"galerie_description_fullline with_border\">Photo partag\u00e9e par Christophe Danchaud, maquilleur sur le tournage du clip, sur son compte instagram le 15 novembre \u00e9022.<\/p>\n<p>Clip r\u00e9alis\u00e9 par Fran\u00e7ois Hanss.<br \/>\nPage <a href=\"https:\/\/www.mylene.net\/modules\/index.php?r=4&amp;z=5221\">clip <em>Rayon vert <\/em><\/a><\/div>\n<\/div>\n","protected":false},"excerpt":{"rendered":"<p>Photographe Date 07 octobre 2022 Lieu &#8211; Photo partag\u00e9e par Christophe Danchaud, maquilleur sur le tournage du clip, sur son compte instagram le 15 novembre \u00e9022. Clip r\u00e9alis\u00e9 par Fran\u00e7ois Hanss. Page clip Rayon vert<\/p>\n","protected":false},"author":2,"featured_media":0,"parent":0,"menu_order":0,"comment_status":"closed","ping_status":"closed","template":"","meta":{"_acf_changed":false,"ngg_post_thumbnail":0,"footnotes":""},"class_list":["post-23443","page","type-page","status-publish","hentry"],"acf":[],"_links":{"self":[{"href":"https:\/\/mig.mylene.net\/galeries-photos-mylene-farmer\/wp-json\/wp\/v2\/pages\/23443","targetHints":{"allow":["GET"]}}],"collection":[{"href":"https:\/\/mig.mylene.net\/galeries-photos-mylene-farmer\/wp-json\/wp\/v2\/pages"}],"about":[{"href":"https:\/\/mig.mylene.net\/galeries-photos-mylene-farmer\/wp-json\/wp\/v2\/types\/page"}],"author":[{"embeddable":true,"href":"https:\/\/mig.mylene.net\/galeries-photos-mylene-farmer\/wp-json\/wp\/v2\/users\/2"}],"replies":[{"embeddable":true,"href":"https:\/\/mig.mylene.net\/galeries-photos-mylene-farmer\/wp-json\/wp\/v2\/comments?post=23443"}],"version-history":[{"count":0,"href":"https:\/\/mig.mylene.net\/galeries-photos-mylene-farmer\/wp-json\/wp\/v2\/pages\/23443\/revisions"}],"wp:attachment":[{"href":"https:\/\/mig.mylene.net\/galeries-photos-mylene-farmer\/wp-json\/wp\/v2\/media?parent=23443"}],"curies":[{"name":"wp","href":"https:\/\/api.w.org\/{rel}","templated":true}]}}