{"id":23398,"date":"2022-03-10T11:06:49","date_gmt":"2022-03-10T10:06:49","guid":{"rendered":"https:\/\/www.mylene.net\/galeries-photos-mylene-farmer\/?page_id=23398"},"modified":"2022-03-10T11:06:49","modified_gmt":"2022-03-10T10:06:49","slug":"mylene-farmer-photographe-marcel-hartmann-2022","status":"publish","type":"page","link":"https:\/\/mig.mylene.net\/galeries-photos-mylene-farmer\/mylene-farmer-photographe-marcel-hartmann-2022","title":{"rendered":"Myl\u00e8ne Farmer &#8211; Photographe Marcel Hartmann &#8211; 2022"},"content":{"rendered":"ngg_shortcode_0_placeholder\n<div class=\"galerie_description\">\n<div class=\"galerie_description_table\">\n<div class=\"galerie_description_line\">\n<div class=\"title themecolored\">Photographe<\/div>\n<div class=\"content\">Marcel Hartmann<\/div>\n<\/div>\n<div class=\"galerie_description_line\">\n<div class=\"title themecolored\">Date<\/div>\n<div class=\"content\">2022<\/div>\n<\/div>\n<div class=\"galerie_description_line\">\n<div class=\"title themecolored\">Lieu<\/div>\n<div class=\"content\">Studios Sala, Paris 11, France<\/div>\n<\/div>\n<\/div>\n<\/div>\n<p><\/p>\n<div class=\"galerie_description_fullline with_border\">\n<p>S\u00e9ance photos pour le <a href=\"https:\/\/www.mylene.net\/modules\/index.php?r=4&amp;z=5157\">num\u00e9ro 1500 collector du magazine \u00ab\u00a0Gala\u00a0\u00bb paru le 10 mars 2022<\/a>. Trois de ces photos ont \u00e9t\u00e9 utilis\u00e9es pour proposer trois couvertures diff\u00e9rentes. D&rsquo;autres photos en pages int\u00e9rieures pour illustrer l&rsquo;interview de Myl\u00e8ne.<\/p>\n<p>Stylisme : Matthieu Pabiot<br \/>Coiffure : John Nollet <br \/>Maquillage : Carole Lasnier<\/p>\n<\/div>\n","protected":false},"excerpt":{"rendered":"<p>Photographe Marcel Hartmann Date 2022 Lieu Studios Sala, Paris 11, France S\u00e9ance photos pour le num\u00e9ro 1500 collector du magazine \u00ab\u00a0Gala\u00a0\u00bb paru le 10 mars 2022. Trois de ces photos ont \u00e9t\u00e9 utilis\u00e9es pour proposer trois couvertures diff\u00e9rentes. D&rsquo;autres photos en pages int\u00e9rieures pour illustrer l&rsquo;interview de Myl\u00e8ne. Stylisme : Matthieu PabiotCoiffure : John Nollet &hellip; <a href=\"https:\/\/mig.mylene.net\/galeries-photos-mylene-farmer\/mylene-farmer-photographe-marcel-hartmann-2022\" class=\"more-link\">Continue reading<span class=\"screen-reader-text\"> \u00ab\u00a0Myl\u00e8ne Farmer &#8211; Photographe Marcel Hartmann &#8211; 2022\u00a0\u00bb<\/span><\/a><\/p>\n","protected":false},"author":2,"featured_media":0,"parent":0,"menu_order":0,"comment_status":"closed","ping_status":"closed","template":"","meta":{"_acf_changed":false,"ngg_post_thumbnail":0,"footnotes":""},"class_list":["post-23398","page","type-page","status-publish","hentry"],"acf":[],"_links":{"self":[{"href":"https:\/\/mig.mylene.net\/galeries-photos-mylene-farmer\/wp-json\/wp\/v2\/pages\/23398","targetHints":{"allow":["GET"]}}],"collection":[{"href":"https:\/\/mig.mylene.net\/galeries-photos-mylene-farmer\/wp-json\/wp\/v2\/pages"}],"about":[{"href":"https:\/\/mig.mylene.net\/galeries-photos-mylene-farmer\/wp-json\/wp\/v2\/types\/page"}],"author":[{"embeddable":true,"href":"https:\/\/mig.mylene.net\/galeries-photos-mylene-farmer\/wp-json\/wp\/v2\/users\/2"}],"replies":[{"embeddable":true,"href":"https:\/\/mig.mylene.net\/galeries-photos-mylene-farmer\/wp-json\/wp\/v2\/comments?post=23398"}],"version-history":[{"count":0,"href":"https:\/\/mig.mylene.net\/galeries-photos-mylene-farmer\/wp-json\/wp\/v2\/pages\/23398\/revisions"}],"wp:attachment":[{"href":"https:\/\/mig.mylene.net\/galeries-photos-mylene-farmer\/wp-json\/wp\/v2\/media?parent=23398"}],"curies":[{"name":"wp","href":"https:\/\/api.w.org\/{rel}","templated":true}]}}