{"id":22673,"date":"2021-01-02T19:20:10","date_gmt":"2021-01-02T18:20:10","guid":{"rendered":"https:\/\/www.mylene.net\/galeries-photos-mylene-farmer\/?page_id=22673"},"modified":"2025-03-26T12:11:14","modified_gmt":"2025-03-26T11:11:14","slug":"mylene-farmer-casino-parade-rtl-02-janvier-1989","status":"publish","type":"page","link":"https:\/\/mig.mylene.net\/galeries-photos-mylene-farmer\/mylene-farmer-casino-parade-rtl-02-janvier-1989","title":{"rendered":"Myl\u00e8ne Farmer &#8211; Casino Parade &#8211; RTL &#8211; 02 janvier 1989"},"content":{"rendered":"ngg_shortcode_0_placeholder\n<div class=\"galerie_description\">\n<div class=\"galerie_description_table\">\n<div class=\"galerie_description_line\">\n<div class=\"title themecolored\">Date<\/div>\n<div class=\"content\">02 janvier 1989<\/div>\n<\/div>\n<div class=\"galerie_description_line\">\n<div class=\"title themecolored\">Lieu<\/div>\n<div class=\"content\">22 Rue Bayard, Paris, France (RTL)<\/div>\n<\/div>\n<\/div>\n<\/div>\n<p>&nbsp;<\/p>\n<div class=\"galerie_description_fullline with_border\">\n<p>Myl\u00e8ne est l&rsquo;invit\u00e9e d&rsquo;honneur de cette \u00e9mission diffus\u00e9e en direct sur RTL entre 11h et 13h et anim\u00e9e par Fabrice.<\/p>\n<p>Elle participe \u00e0 tous les jeux de l&rsquo;\u00e9mission.<\/p>\n<p>Elle chante <em>Pourvu qu&rsquo;elles soient douces, Plus Grandir, Jardin de Vienne, Sans contrefa\u00e7on, Ainsi soit je&#8230;, Allan <\/em>et <em>Tristana<\/em>.<\/p>\n<p><a href=\"https:\/\/www.mylene.net\/mylene\/mylene-farmer-interview-casino-parade-rtl-02-janvier-1989.php\" target=\"blank\" rel=\"noopener\">Retranscritpion \u00e9crite<\/a><\/p>\n<p>Photos partag\u00e9es par Polyedre Remixes.<\/p>\n<\/div>\n","protected":false},"excerpt":{"rendered":"<p>Date 02 janvier 1989 Lieu 22 Rue Bayard, Paris, France (RTL) &nbsp; Myl\u00e8ne est l&rsquo;invit\u00e9e d&rsquo;honneur de cette \u00e9mission diffus\u00e9e en direct sur RTL entre 11h et 13h et anim\u00e9e par Fabrice. Elle participe \u00e0 tous les jeux de l&rsquo;\u00e9mission. Elle chante Pourvu qu&rsquo;elles soient douces, Plus Grandir, Jardin de Vienne, Sans contrefa\u00e7on, Ainsi soit &hellip; <a href=\"https:\/\/mig.mylene.net\/galeries-photos-mylene-farmer\/mylene-farmer-casino-parade-rtl-02-janvier-1989\" class=\"more-link\">Continue reading<span class=\"screen-reader-text\"> \u00ab\u00a0Myl\u00e8ne Farmer &#8211; Casino Parade &#8211; RTL &#8211; 02 janvier 1989\u00a0\u00bb<\/span><\/a><\/p>\n","protected":false},"author":2,"featured_media":0,"parent":0,"menu_order":0,"comment_status":"closed","ping_status":"closed","template":"","meta":{"_acf_changed":false,"ngg_post_thumbnail":0,"footnotes":""},"class_list":["post-22673","page","type-page","status-publish","hentry"],"acf":[],"_links":{"self":[{"href":"https:\/\/mig.mylene.net\/galeries-photos-mylene-farmer\/wp-json\/wp\/v2\/pages\/22673","targetHints":{"allow":["GET"]}}],"collection":[{"href":"https:\/\/mig.mylene.net\/galeries-photos-mylene-farmer\/wp-json\/wp\/v2\/pages"}],"about":[{"href":"https:\/\/mig.mylene.net\/galeries-photos-mylene-farmer\/wp-json\/wp\/v2\/types\/page"}],"author":[{"embeddable":true,"href":"https:\/\/mig.mylene.net\/galeries-photos-mylene-farmer\/wp-json\/wp\/v2\/users\/2"}],"replies":[{"embeddable":true,"href":"https:\/\/mig.mylene.net\/galeries-photos-mylene-farmer\/wp-json\/wp\/v2\/comments?post=22673"}],"version-history":[{"count":1,"href":"https:\/\/mig.mylene.net\/galeries-photos-mylene-farmer\/wp-json\/wp\/v2\/pages\/22673\/revisions"}],"predecessor-version":[{"id":24797,"href":"https:\/\/mig.mylene.net\/galeries-photos-mylene-farmer\/wp-json\/wp\/v2\/pages\/22673\/revisions\/24797"}],"wp:attachment":[{"href":"https:\/\/mig.mylene.net\/galeries-photos-mylene-farmer\/wp-json\/wp\/v2\/media?parent=22673"}],"curies":[{"name":"wp","href":"https:\/\/api.w.org\/{rel}","templated":true}]}}