{"id":22263,"date":"2019-10-29T20:07:50","date_gmt":"2019-10-29T19:07:50","guid":{"rendered":"https:\/\/www.mylene.net\/galeries-photos-mylene-farmer\/?page_id=22263"},"modified":"2025-03-26T12:10:30","modified_gmt":"2025-03-26T11:10:30","slug":"mylene-farmer-2019-photographe-nathalie-delepine","status":"publish","type":"page","link":"https:\/\/mig.mylene.net\/galeries-photos-mylene-farmer\/mylene-farmer-2019-photographe-nathalie-delepine","title":{"rendered":"Myl\u00e8ne Farmer 2019 &#8211; Photographe Nathalie Del\u00e9pine"},"content":{"rendered":"ngg_shortcode_0_placeholder\n<div class=\"galerie_description\">\n<div class=\"galerie_description_table\">\n<div class=\"galerie_description_line\">\n<div class=\"title themecolored\">Photographe<\/div>\n<div class=\"content\">Nathalie Del\u00e9pine<\/div>\n<\/div>\n<div class=\"galerie_description_line\">\n<div class=\"title themecolored\">Dates<\/div>\n<div class=\"content\">7 au 22 juin 2019<\/div>\n<\/div>\n<div class=\"galerie_description_line\">\n<div class=\"title themecolored\">Lieu<\/div>\n<div class=\"content\">Paris La D\u00e9fense Arena (92), France<\/div>\n<\/div>\n<\/div>\n<\/div>\n<p>&nbsp;<\/p>\n<div class=\"galerie_description_fullline with_border\">\n<p>Photos propos\u00e9es aux m\u00e9dias apr\u00e8s le premier concert du 7 juin 2019.<\/p>\n<\/div>\n","protected":false},"excerpt":{"rendered":"<p>Photographe Nathalie Del\u00e9pine Dates 7 au 22 juin 2019 Lieu Paris La D\u00e9fense Arena (92), France &nbsp; Photos propos\u00e9es aux m\u00e9dias apr\u00e8s le premier concert du 7 juin 2019.<\/p>\n","protected":false},"author":2,"featured_media":0,"parent":0,"menu_order":0,"comment_status":"closed","ping_status":"closed","template":"","meta":{"_acf_changed":false,"ngg_post_thumbnail":0,"footnotes":""},"class_list":["post-22263","page","type-page","status-publish","hentry"],"acf":[],"_links":{"self":[{"href":"https:\/\/mig.mylene.net\/galeries-photos-mylene-farmer\/wp-json\/wp\/v2\/pages\/22263","targetHints":{"allow":["GET"]}}],"collection":[{"href":"https:\/\/mig.mylene.net\/galeries-photos-mylene-farmer\/wp-json\/wp\/v2\/pages"}],"about":[{"href":"https:\/\/mig.mylene.net\/galeries-photos-mylene-farmer\/wp-json\/wp\/v2\/types\/page"}],"author":[{"embeddable":true,"href":"https:\/\/mig.mylene.net\/galeries-photos-mylene-farmer\/wp-json\/wp\/v2\/users\/2"}],"replies":[{"embeddable":true,"href":"https:\/\/mig.mylene.net\/galeries-photos-mylene-farmer\/wp-json\/wp\/v2\/comments?post=22263"}],"version-history":[{"count":1,"href":"https:\/\/mig.mylene.net\/galeries-photos-mylene-farmer\/wp-json\/wp\/v2\/pages\/22263\/revisions"}],"predecessor-version":[{"id":24796,"href":"https:\/\/mig.mylene.net\/galeries-photos-mylene-farmer\/wp-json\/wp\/v2\/pages\/22263\/revisions\/24796"}],"wp:attachment":[{"href":"https:\/\/mig.mylene.net\/galeries-photos-mylene-farmer\/wp-json\/wp\/v2\/media?parent=22263"}],"curies":[{"name":"wp","href":"https:\/\/api.w.org\/{rel}","templated":true}]}}