{"id":22118,"date":"2019-10-27T11:07:03","date_gmt":"2019-10-27T10:07:03","guid":{"rendered":"https:\/\/www.mylene.net\/galeries-photos-mylene-farmer\/?page_id=22118"},"modified":"2025-03-26T12:04:33","modified_gmt":"2025-03-26T11:04:33","slug":"mylene-farmer-enregistrement-jean-paul-gaultier-fait-son-show-08-octobre-2018","status":"publish","type":"page","link":"https:\/\/mig.mylene.net\/galeries-photos-mylene-farmer\/mylene-farmer-enregistrement-jean-paul-gaultier-fait-son-show-08-octobre-2018","title":{"rendered":"Myl\u00e8ne Farmer &#8211; Enregistrement \u00ab\u00a0Jean Paul Gaultier fait son show\u00a0\u00bb &#8211; 08 octobre 2018"},"content":{"rendered":"ngg_shortcode_0_placeholder\n<div class=\"galerie_description\">\n<div class=\"galerie_description_table\">\n<div class=\"galerie_description_line\">\n<div class=\"title themecolored\">Photographe<\/div>\n<div class=\"content\">Fan<\/div>\n<\/div>\n<div class=\"galerie_description_line\">\n<div class=\"title themecolored\">Date<\/div>\n<div class=\"content\">08 octobre 2018<\/div>\n<\/div>\n<div class=\"galerie_description_line\">\n<div class=\"title themecolored\">Lieu<\/div>\n<div class=\"content\">Les Folies Berg\u00e8res, Paris, France<\/div>\n<\/div>\n<\/div>\n<\/div>\n<p>&nbsp;<\/p>\n<div class=\"galerie_description_fullline with_border\">\n<p>Photo prise apr\u00e8s l&rsquo;enregistrement de l&rsquo;\u00e9mission \u00ab\u00a0Jean Paul Gaultier fait son show\u00a0\u00bb le 8 octobre 2018.<\/p>\n<p><a href=\"https:\/\/www.mylene.net\/modules\/index.php?r=4&amp;z=4826\">\u00ab\u00a0Jean Paul Gaultier fait son show\u00a0\u00bb &#8211; Infos &amp; Vid\u00e9os<\/a><\/p>\n<\/div>\n","protected":false},"excerpt":{"rendered":"<p>Photographe Fan Date 08 octobre 2018 Lieu Les Folies Berg\u00e8res, Paris, France &nbsp; Photo prise apr\u00e8s l&rsquo;enregistrement de l&rsquo;\u00e9mission \u00ab\u00a0Jean Paul Gaultier fait son show\u00a0\u00bb le 8 octobre 2018. \u00ab\u00a0Jean Paul Gaultier fait son show\u00a0\u00bb &#8211; Infos &amp; Vid\u00e9os<\/p>\n","protected":false},"author":2,"featured_media":0,"parent":0,"menu_order":0,"comment_status":"closed","ping_status":"closed","template":"","meta":{"_acf_changed":false,"ngg_post_thumbnail":0,"footnotes":""},"class_list":["post-22118","page","type-page","status-publish","hentry"],"acf":[],"_links":{"self":[{"href":"https:\/\/mig.mylene.net\/galeries-photos-mylene-farmer\/wp-json\/wp\/v2\/pages\/22118","targetHints":{"allow":["GET"]}}],"collection":[{"href":"https:\/\/mig.mylene.net\/galeries-photos-mylene-farmer\/wp-json\/wp\/v2\/pages"}],"about":[{"href":"https:\/\/mig.mylene.net\/galeries-photos-mylene-farmer\/wp-json\/wp\/v2\/types\/page"}],"author":[{"embeddable":true,"href":"https:\/\/mig.mylene.net\/galeries-photos-mylene-farmer\/wp-json\/wp\/v2\/users\/2"}],"replies":[{"embeddable":true,"href":"https:\/\/mig.mylene.net\/galeries-photos-mylene-farmer\/wp-json\/wp\/v2\/comments?post=22118"}],"version-history":[{"count":1,"href":"https:\/\/mig.mylene.net\/galeries-photos-mylene-farmer\/wp-json\/wp\/v2\/pages\/22118\/revisions"}],"predecessor-version":[{"id":24791,"href":"https:\/\/mig.mylene.net\/galeries-photos-mylene-farmer\/wp-json\/wp\/v2\/pages\/22118\/revisions\/24791"}],"wp:attachment":[{"href":"https:\/\/mig.mylene.net\/galeries-photos-mylene-farmer\/wp-json\/wp\/v2\/media?parent=22118"}],"curies":[{"name":"wp","href":"https:\/\/api.w.org\/{rel}","templated":true}]}}