{"id":2206,"date":"2016-05-21T21:05:28","date_gmt":"2016-05-21T20:05:28","guid":{"rendered":"http:\/\/www.mylene.net\/mfv3atw\/galeries-photos-mf\/?page_id=2206"},"modified":"2025-03-25T12:02:10","modified_gmt":"2025-03-25T11:02:10","slug":"c-est-encore-mieux-l-apres-midi-antenne-2-06-novembre-1986","status":"publish","type":"page","link":"https:\/\/mig.mylene.net\/galeries-photos-mylene-farmer\/c-est-encore-mieux-l-apres-midi-antenne-2-06-novembre-1986","title":{"rendered":"Myl\u00e8ne Farmer &#8211; C&rsquo;est encore mieux l&rsquo;apr\u00e8s-midi &#8211; Antenne 2 &#8211; 06 novembre 1986"},"content":{"rendered":"ngg_shortcode_0_placeholder\n<div class=\"galerie_description\">\n<div class=\"galerie_description_table\">\n<div class=\"galerie_description_line\">\n<div class=\"title themecolored\">Photographes<\/div>\n<div class=\"content\">Divers<\/div>\n<\/div>\n<div class=\"galerie_description_line\">\n<div class=\"title themecolored\">Date<\/div>\n<div class=\"content\">06 novembre 1986<\/div>\n<\/div>\n<div class=\"galerie_description_line\">\n<div class=\"title themecolored\">Lieu<\/div>\n<div class=\"content\">Paris, France<\/div>\n<\/div>\n<\/div>\n<\/div>\n<p>&nbsp;<\/p>\n<div class=\"galerie_description_fullline with_border\">\n<p>Myl\u00e8ne interpr\u00e8te <em>Libertine<\/em> et <em>Au bout de la nuit<\/em>. Elle participe \u00e0 l&rsquo;ensemble de l&rsquo;\u00e9mission.<\/p>\n<p><a href=\"http:\/\/www.mylene.net\/modules\/index.php?r=421\">\u00ab\u00a0C&rsquo;est encore mieux l&rsquo;apr\u00e8s-midi du 06 novembre 1986\u00a0\u00bb &#8211; Infos &amp; Vid\u00e9os<\/a><\/p>\n<\/div>\n","protected":false},"excerpt":{"rendered":"<p>Photographes Divers Date 06 novembre 1986 Lieu Paris, France &nbsp; Myl\u00e8ne interpr\u00e8te Libertine et Au bout de la nuit. Elle participe \u00e0 l&rsquo;ensemble de l&rsquo;\u00e9mission. \u00ab\u00a0C&rsquo;est encore mieux l&rsquo;apr\u00e8s-midi du 06 novembre 1986\u00a0\u00bb &#8211; Infos &amp; Vid\u00e9os<\/p>\n","protected":false},"author":2,"featured_media":0,"parent":0,"menu_order":0,"comment_status":"closed","ping_status":"closed","template":"","meta":{"_acf_changed":false,"ngg_post_thumbnail":0,"footnotes":""},"class_list":["post-2206","page","type-page","status-publish","hentry"],"acf":[],"_links":{"self":[{"href":"https:\/\/mig.mylene.net\/galeries-photos-mylene-farmer\/wp-json\/wp\/v2\/pages\/2206","targetHints":{"allow":["GET"]}}],"collection":[{"href":"https:\/\/mig.mylene.net\/galeries-photos-mylene-farmer\/wp-json\/wp\/v2\/pages"}],"about":[{"href":"https:\/\/mig.mylene.net\/galeries-photos-mylene-farmer\/wp-json\/wp\/v2\/types\/page"}],"author":[{"embeddable":true,"href":"https:\/\/mig.mylene.net\/galeries-photos-mylene-farmer\/wp-json\/wp\/v2\/users\/2"}],"replies":[{"embeddable":true,"href":"https:\/\/mig.mylene.net\/galeries-photos-mylene-farmer\/wp-json\/wp\/v2\/comments?post=2206"}],"version-history":[{"count":1,"href":"https:\/\/mig.mylene.net\/galeries-photos-mylene-farmer\/wp-json\/wp\/v2\/pages\/2206\/revisions"}],"predecessor-version":[{"id":24401,"href":"https:\/\/mig.mylene.net\/galeries-photos-mylene-farmer\/wp-json\/wp\/v2\/pages\/2206\/revisions\/24401"}],"wp:attachment":[{"href":"https:\/\/mig.mylene.net\/galeries-photos-mylene-farmer\/wp-json\/wp\/v2\/media?parent=2206"}],"curies":[{"name":"wp","href":"https:\/\/api.w.org\/{rel}","templated":true}]}}