{"id":2194,"date":"2016-05-21T21:02:51","date_gmt":"2016-05-21T20:02:51","guid":{"rendered":"http:\/\/www.mylene.net\/mfv3atw\/galeries-photos-mf\/?page_id=2194"},"modified":"2025-03-25T12:00:42","modified_gmt":"2025-03-25T11:00:42","slug":"gala-cinq-ans-nrj-1986","status":"publish","type":"page","link":"https:\/\/mig.mylene.net\/galeries-photos-mylene-farmer\/gala-cinq-ans-nrj-1986","title":{"rendered":"Myl\u00e8ne Farmer &#8211; Gala cinq ans NRJ &#8211; 1986"},"content":{"rendered":"ngg_shortcode_0_placeholder\n<div class=\"galerie_description\">\n<div class=\"galerie_description_table\">\n<div class=\"galerie_description_line\">\n<div class=\"title themecolored\">Photographes<\/div>\n<div class=\"content\">Divers<\/div>\n<\/div>\n<div class=\"galerie_description_line\">\n<div class=\"title themecolored\">Date<\/div>\n<div class=\"content\">1986<\/div>\n<\/div>\n<div class=\"galerie_description_line\">\n<div class=\"title themecolored\">Lieu<\/div>\n<div class=\"content\">Paris, France<\/div>\n<\/div>\n<\/div>\n<\/div>\n<p>&nbsp;<\/p>\n<div class=\"galerie_description_fullline with_border\">\n<p>Gala c\u00e9l\u00e9brant le cinqui\u00e8me anniversaire de la radio NRJ. Parmi les autres invit\u00e9s, on reconna\u00eet sur les photos les chanteurs Fran\u00e7ois Feldman ou Limahl.<\/p>\n<p>Premi\u00e8re publication connue des photos dans le magazine \u00ab\u00a0Salut !\u00a0\u00bb le 8 octobre 1986.<\/p>\n<\/div>\n","protected":false},"excerpt":{"rendered":"<p>Photographes Divers Date 1986 Lieu Paris, France &nbsp; Gala c\u00e9l\u00e9brant le cinqui\u00e8me anniversaire de la radio NRJ. Parmi les autres invit\u00e9s, on reconna\u00eet sur les photos les chanteurs Fran\u00e7ois Feldman ou Limahl. Premi\u00e8re publication connue des photos dans le magazine \u00ab\u00a0Salut !\u00a0\u00bb le 8 octobre 1986.<\/p>\n","protected":false},"author":2,"featured_media":0,"parent":0,"menu_order":0,"comment_status":"closed","ping_status":"closed","template":"","meta":{"_acf_changed":false,"ngg_post_thumbnail":0,"footnotes":""},"class_list":["post-2194","page","type-page","status-publish","hentry"],"acf":[],"_links":{"self":[{"href":"https:\/\/mig.mylene.net\/galeries-photos-mylene-farmer\/wp-json\/wp\/v2\/pages\/2194","targetHints":{"allow":["GET"]}}],"collection":[{"href":"https:\/\/mig.mylene.net\/galeries-photos-mylene-farmer\/wp-json\/wp\/v2\/pages"}],"about":[{"href":"https:\/\/mig.mylene.net\/galeries-photos-mylene-farmer\/wp-json\/wp\/v2\/types\/page"}],"author":[{"embeddable":true,"href":"https:\/\/mig.mylene.net\/galeries-photos-mylene-farmer\/wp-json\/wp\/v2\/users\/2"}],"replies":[{"embeddable":true,"href":"https:\/\/mig.mylene.net\/galeries-photos-mylene-farmer\/wp-json\/wp\/v2\/comments?post=2194"}],"version-history":[{"count":1,"href":"https:\/\/mig.mylene.net\/galeries-photos-mylene-farmer\/wp-json\/wp\/v2\/pages\/2194\/revisions"}],"predecessor-version":[{"id":24399,"href":"https:\/\/mig.mylene.net\/galeries-photos-mylene-farmer\/wp-json\/wp\/v2\/pages\/2194\/revisions\/24399"}],"wp:attachment":[{"href":"https:\/\/mig.mylene.net\/galeries-photos-mylene-farmer\/wp-json\/wp\/v2\/media?parent=2194"}],"curies":[{"name":"wp","href":"https:\/\/api.w.org\/{rel}","templated":true}]}}