{"id":21703,"date":"2019-01-06T20:51:45","date_gmt":"2019-01-06T19:51:45","guid":{"rendered":"https:\/\/www.mylene.net\/galeries-photos-mylene-farmer\/?page_id=21703"},"modified":"2025-08-13T11:39:17","modified_gmt":"2025-08-13T09:39:17","slug":"mylene-farmer-photographe-jean-baptiste-mondino-2018","status":"publish","type":"page","link":"https:\/\/mig.mylene.net\/galeries-photos-mylene-farmer\/mylene-farmer-photographe-jean-baptiste-mondino-2018","title":{"rendered":"Myl\u00e8ne Farmer &#8211; Photographe Jean-Baptiste Mondino &#8211; 2018"},"content":{"rendered":"<p>ngg_shortcode_0_placeholder<br \/>\nngg_shortcode_1_placeholder<\/p>\n<div class=\"galerie_description\">\n<div class=\"galerie_description_table\">\n<div class=\"galerie_description_line\">\n<div class=\"title themecolored\">Photographe<\/div>\n<div class=\"content\">Jean-Baptiste Mondino<\/div>\n<\/div>\n<div class=\"galerie_description_line\">\n<div class=\"title themecolored\">Date<\/div>\n<div class=\"content\">22 f\u00e9vrier 2018<\/div>\n<\/div>\n<div class=\"galerie_description_line\">\n<div class=\"title themecolored\">Lieu<\/div>\n<div class=\"content\">Studio Rouchon, Saint-Denis (93), France<\/div>\n<\/div>\n<\/div>\n<\/div>\n<p>&nbsp;<\/p>\n<div class=\"galerie_description_fullline with_border\">\n<p>S\u00e9ance photos pour l&rsquo;album <em>D\u00e9sob\u00e9issance<\/em> (pochette, livret) et l&rsquo;affiche des concerts \u00e0 Paris La D\u00e9fense Arena en 2019.<\/p>\n<p>Maquillage : Christophe Danchaud.<br \/>\nCoiffure : John Nollet.<br \/>\nStyliste : Matthieu Pabiot.<br \/>\nD\u00e9cors : Herve Sauvage.<br \/>\nProduction : ICONOCL \\ST IMAGE.<br \/>\nProducteur : Merwen Belkeddar.<br \/>\nOp\u00e9rateur num\u00e9rique : Semmy Demmou.<\/p>\n<\/div>\n","protected":false},"excerpt":{"rendered":"<p>Photographe Jean-Baptiste Mondino Date 22 f\u00e9vrier 2018 Lieu Studio Rouchon, Saint-Denis (93), France &nbsp; S\u00e9ance photos pour l&rsquo;album D\u00e9sob\u00e9issance (pochette, livret) et l&rsquo;affiche des concerts \u00e0 Paris La D\u00e9fense Arena en 2019. Maquillage : Christophe Danchaud. Coiffure : John Nollet. Styliste : Matthieu Pabiot. D\u00e9cors : Herve Sauvage. Production : ICONOCL \\ST IMAGE. Producteur : &hellip; <a href=\"https:\/\/mig.mylene.net\/galeries-photos-mylene-farmer\/mylene-farmer-photographe-jean-baptiste-mondino-2018\" class=\"more-link\">Continue reading<span class=\"screen-reader-text\"> \u00ab\u00a0Myl\u00e8ne Farmer &#8211; Photographe Jean-Baptiste Mondino &#8211; 2018\u00a0\u00bb<\/span><\/a><\/p>\n","protected":false},"author":2,"featured_media":0,"parent":0,"menu_order":0,"comment_status":"closed","ping_status":"closed","template":"","meta":{"_acf_changed":false,"ngg_post_thumbnail":0,"footnotes":""},"class_list":["post-21703","page","type-page","status-publish","hentry"],"acf":[],"_links":{"self":[{"href":"https:\/\/mig.mylene.net\/galeries-photos-mylene-farmer\/wp-json\/wp\/v2\/pages\/21703","targetHints":{"allow":["GET"]}}],"collection":[{"href":"https:\/\/mig.mylene.net\/galeries-photos-mylene-farmer\/wp-json\/wp\/v2\/pages"}],"about":[{"href":"https:\/\/mig.mylene.net\/galeries-photos-mylene-farmer\/wp-json\/wp\/v2\/types\/page"}],"author":[{"embeddable":true,"href":"https:\/\/mig.mylene.net\/galeries-photos-mylene-farmer\/wp-json\/wp\/v2\/users\/2"}],"replies":[{"embeddable":true,"href":"https:\/\/mig.mylene.net\/galeries-photos-mylene-farmer\/wp-json\/wp\/v2\/comments?post=21703"}],"version-history":[{"count":1,"href":"https:\/\/mig.mylene.net\/galeries-photos-mylene-farmer\/wp-json\/wp\/v2\/pages\/21703\/revisions"}],"predecessor-version":[{"id":24904,"href":"https:\/\/mig.mylene.net\/galeries-photos-mylene-farmer\/wp-json\/wp\/v2\/pages\/21703\/revisions\/24904"}],"wp:attachment":[{"href":"https:\/\/mig.mylene.net\/galeries-photos-mylene-farmer\/wp-json\/wp\/v2\/media?parent=21703"}],"curies":[{"name":"wp","href":"https:\/\/api.w.org\/{rel}","templated":true}]}}