{"id":21679,"date":"2019-01-06T12:06:21","date_gmt":"2019-01-06T11:06:21","guid":{"rendered":"https:\/\/www.mylene.net\/galeries-photos-mylene-farmer\/?page_id=21679"},"modified":"2025-03-26T12:02:02","modified_gmt":"2025-03-26T11:02:02","slug":"mylene-farmer-jt-de-20-heures-tf1-30-septembre-2018","status":"publish","type":"page","link":"https:\/\/mig.mylene.net\/galeries-photos-mylene-farmer\/mylene-farmer-jt-de-20-heures-tf1-30-septembre-2018","title":{"rendered":"Myl\u00e8ne Farmer &#8211; JT de 20 heures TF1 &#8211; 30 septembre 2018"},"content":{"rendered":"ngg_shortcode_0_placeholder\n<div class=\"galerie_description\">\n<div class=\"galerie_description_table\">\n<div class=\"galerie_description_line\">\n<div class=\"title themecolored\">Photographe<\/div>\n<div class=\"content\">&#8211;<\/div>\n<\/div>\n<div class=\"galerie_description_line\">\n<div class=\"title themecolored\">Date<\/div>\n<div class=\"content\">30 septembre 2018<\/div>\n<\/div>\n<div class=\"galerie_description_line\">\n<div class=\"title themecolored\">Lieu<\/div>\n<div class=\"content\">Plateau du JT de TF1, Boulogne Billancourt, France<\/div>\n<\/div>\n<\/div>\n<p>&nbsp;<\/p>\n<div class=\"galerie_description_fullline with_border\">\n<p>Myl\u00e8ne \u00e9tait l&rsquo;invit\u00e9e du JT de 20 heures d&rsquo;Anne-Claire Coudray sur TF1 pour la promotion de l&rsquo;album <em>D\u00e9sob\u00e9issance<\/em> et l&rsquo;annonce des concerts en juin 2019 \u00e0 Paris La D\u00e9fense Arena.<\/p>\n<p><a href=\"https:\/\/www.mylene.net\/modules\/index.php?r=4&amp;z=4811\">Vid\u00e9o<\/a><\/p>\n<\/div>\n<\/div>\n","protected":false},"excerpt":{"rendered":"<p>Photographe &#8211; Date 30 septembre 2018 Lieu Plateau du JT de TF1, Boulogne Billancourt, France &nbsp; Myl\u00e8ne \u00e9tait l&rsquo;invit\u00e9e du JT de 20 heures d&rsquo;Anne-Claire Coudray sur TF1 pour la promotion de l&rsquo;album D\u00e9sob\u00e9issance et l&rsquo;annonce des concerts en juin 2019 \u00e0 Paris La D\u00e9fense Arena. Vid\u00e9o<\/p>\n","protected":false},"author":2,"featured_media":0,"parent":0,"menu_order":0,"comment_status":"closed","ping_status":"closed","template":"","meta":{"_acf_changed":false,"ngg_post_thumbnail":0,"footnotes":""},"class_list":["post-21679","page","type-page","status-publish","hentry"],"acf":[],"_links":{"self":[{"href":"https:\/\/mig.mylene.net\/galeries-photos-mylene-farmer\/wp-json\/wp\/v2\/pages\/21679","targetHints":{"allow":["GET"]}}],"collection":[{"href":"https:\/\/mig.mylene.net\/galeries-photos-mylene-farmer\/wp-json\/wp\/v2\/pages"}],"about":[{"href":"https:\/\/mig.mylene.net\/galeries-photos-mylene-farmer\/wp-json\/wp\/v2\/types\/page"}],"author":[{"embeddable":true,"href":"https:\/\/mig.mylene.net\/galeries-photos-mylene-farmer\/wp-json\/wp\/v2\/users\/2"}],"replies":[{"embeddable":true,"href":"https:\/\/mig.mylene.net\/galeries-photos-mylene-farmer\/wp-json\/wp\/v2\/comments?post=21679"}],"version-history":[{"count":1,"href":"https:\/\/mig.mylene.net\/galeries-photos-mylene-farmer\/wp-json\/wp\/v2\/pages\/21679\/revisions"}],"predecessor-version":[{"id":24788,"href":"https:\/\/mig.mylene.net\/galeries-photos-mylene-farmer\/wp-json\/wp\/v2\/pages\/21679\/revisions\/24788"}],"wp:attachment":[{"href":"https:\/\/mig.mylene.net\/galeries-photos-mylene-farmer\/wp-json\/wp\/v2\/media?parent=21679"}],"curies":[{"name":"wp","href":"https:\/\/api.w.org\/{rel}","templated":true}]}}