{"id":21618,"date":"2019-01-06T11:42:17","date_gmt":"2019-01-06T10:42:17","guid":{"rendered":"https:\/\/www.mylene.net\/galeries-photos-mylene-farmer\/?page_id=21618"},"modified":"2025-08-17T10:21:46","modified_gmt":"2025-08-17T08:21:46","slug":"mylene-farmer-rtl-03-octobre-2018","status":"publish","type":"page","link":"https:\/\/mig.mylene.net\/galeries-photos-mylene-farmer\/mylene-farmer-rtl-03-octobre-2018","title":{"rendered":"Myl\u00e8ne Farmer &#8211; RTL &#8211; 03 octobre 2018"},"content":{"rendered":"<p>ngg_shortcode_0_placeholder<br \/>\nngg_shortcode_1_placeholder<br \/>\nngg_shortcode_2_placeholder<\/p>\n<div class=\"galerie_description\">\n<div class=\"galerie_description_table\">\n<div class=\"galerie_description_line\">\n<div class=\"title themecolored\">Photographes<\/div>\n<div class=\"content\">Divers<\/div>\n<\/div>\n<div class=\"galerie_description_line\">\n<div class=\"title themecolored\">Date<\/div>\n<div class=\"content\">03 octobre 2018<\/div>\n<\/div>\n<div class=\"galerie_description_line\">\n<div class=\"title themecolored\">Lieu<\/div>\n<div class=\"content\">Neuilly-sur-Seine, France<\/div>\n<\/div>\n<\/div>\n<p>&nbsp;<\/p>\n<div class=\"galerie_description_fullline with_border\">\n<p>Myl\u00e8ne aux studios de RTL pour l&rsquo;\u00e9mission \u00ab\u00a0Laissez-vous tenter\u00a0\u00bb diffus\u00e9e entre 09h et 09h30. Elle est l&rsquo;invit\u00e9e en direct d&rsquo;Yves Calvi et d&rsquo;Anthony Martin.<br \/>\nApr\u00e8s l&rsquo;\u00e9mission, elle va s&rsquo;arr\u00eater plusieurs minutes avant de regagner sa voiture pour signer des autographes aux nombreux fans pr\u00e9sents.<br \/>\n<a href=\"https:\/\/www.mylene.net\/mylene\/mylene-farmer-interview-laissez-vous-tenter-rtl-03-octobre-2018.php\">Plus d&rsquo;infos \u00ab\u00a0Laissez-vous tenter\u00a0\u00bb sp\u00e9cial Myl\u00e8ne<\/a><\/p>\n<\/div>\n<\/div>\n","protected":false},"excerpt":{"rendered":"<p>Photographes Divers Date 03 octobre 2018 Lieu Neuilly-sur-Seine, France &nbsp; Myl\u00e8ne aux studios de RTL pour l&rsquo;\u00e9mission \u00ab\u00a0Laissez-vous tenter\u00a0\u00bb diffus\u00e9e entre 09h et 09h30. Elle est l&rsquo;invit\u00e9e en direct d&rsquo;Yves Calvi et d&rsquo;Anthony Martin. Apr\u00e8s l&rsquo;\u00e9mission, elle va s&rsquo;arr\u00eater plusieurs minutes avant de regagner sa voiture pour signer des autographes aux nombreux fans pr\u00e9sents. Plus &hellip; <a href=\"https:\/\/mig.mylene.net\/galeries-photos-mylene-farmer\/mylene-farmer-rtl-03-octobre-2018\" class=\"more-link\">Continue reading<span class=\"screen-reader-text\"> \u00ab\u00a0Myl\u00e8ne Farmer &#8211; RTL &#8211; 03 octobre 2018\u00a0\u00bb<\/span><\/a><\/p>\n","protected":false},"author":2,"featured_media":0,"parent":0,"menu_order":0,"comment_status":"closed","ping_status":"closed","template":"","meta":{"_acf_changed":false,"ngg_post_thumbnail":0,"footnotes":""},"class_list":["post-21618","page","type-page","status-publish","hentry"],"acf":[],"_links":{"self":[{"href":"https:\/\/mig.mylene.net\/galeries-photos-mylene-farmer\/wp-json\/wp\/v2\/pages\/21618","targetHints":{"allow":["GET"]}}],"collection":[{"href":"https:\/\/mig.mylene.net\/galeries-photos-mylene-farmer\/wp-json\/wp\/v2\/pages"}],"about":[{"href":"https:\/\/mig.mylene.net\/galeries-photos-mylene-farmer\/wp-json\/wp\/v2\/types\/page"}],"author":[{"embeddable":true,"href":"https:\/\/mig.mylene.net\/galeries-photos-mylene-farmer\/wp-json\/wp\/v2\/users\/2"}],"replies":[{"embeddable":true,"href":"https:\/\/mig.mylene.net\/galeries-photos-mylene-farmer\/wp-json\/wp\/v2\/comments?post=21618"}],"version-history":[{"count":2,"href":"https:\/\/mig.mylene.net\/galeries-photos-mylene-farmer\/wp-json\/wp\/v2\/pages\/21618\/revisions"}],"predecessor-version":[{"id":24946,"href":"https:\/\/mig.mylene.net\/galeries-photos-mylene-farmer\/wp-json\/wp\/v2\/pages\/21618\/revisions\/24946"}],"wp:attachment":[{"href":"https:\/\/mig.mylene.net\/galeries-photos-mylene-farmer\/wp-json\/wp\/v2\/media?parent=21618"}],"curies":[{"name":"wp","href":"https:\/\/api.w.org\/{rel}","templated":true}]}}