{"id":21608,"date":"2019-01-06T11:10:13","date_gmt":"2019-01-06T10:10:13","guid":{"rendered":"https:\/\/www.mylene.net\/galeries-photos-mylene-farmer\/?page_id=21608"},"modified":"2025-03-26T12:01:20","modified_gmt":"2025-03-26T11:01:20","slug":"mylene-farmer-tournage-du-clip-de-julia-24-mars-2018","status":"publish","type":"page","link":"https:\/\/mig.mylene.net\/galeries-photos-mylene-farmer\/mylene-farmer-tournage-du-clip-de-julia-24-mars-2018","title":{"rendered":"Myl\u00e8ne Farmer &#8211; Tournage du clip de Julia &#8211; 24 mars 2018"},"content":{"rendered":"ngg_shortcode_0_placeholder\n<div class=\"galerie_description\">\n<div class=\"galerie_description_table\">\n<div class=\"galerie_description_line\">\n<div class=\"title themecolored\">Photographe<\/div>\n<div class=\"content\">&#8211;<\/div>\n<\/div>\n<div class=\"galerie_description_line\">\n<div class=\"title themecolored\">Date<\/div>\n<div class=\"content\">24 mars 2018<\/div>\n<\/div>\n<div class=\"galerie_description_line\">\n<div class=\"title themecolored\">Lieu<\/div>\n<div class=\"content\">France<\/div>\n<\/div>\n<\/div>\n<\/div>\n<p>&nbsp;<\/p>\n<div class=\"galerie_description_fullline with_border\">\n<p>Photo d&rsquo;Aliz\u00e9e et Myl\u00e8ne sur le tournage du clip de Julia, <em>S.E.X.T.O<\/em>. Une chanson \u00e9crite par Myl\u00e8ne et compos\u00e9e par Laurent Boutonnat qui en r\u00e9alise le clip.<br \/>\nAliz\u00e9e a partag\u00e9 cette photo sur les r\u00e9seaux sociaux le 12 septembre 2018 pour l&rsquo;anniversaire de Myl\u00e8ne.<br \/>\nAliz\u00e9e \u00e9tait chor\u00e9graphe sur ce clip.<br \/>\n<a href=\"https:\/\/www.mylene.net\/modules\/index.php?r=4&amp;z=4789\">Plus d&rsquo;infos<\/a><\/p>\n<\/div>\n","protected":false},"excerpt":{"rendered":"<p>Photographe &#8211; Date 24 mars 2018 Lieu France &nbsp; Photo d&rsquo;Aliz\u00e9e et Myl\u00e8ne sur le tournage du clip de Julia, S.E.X.T.O. Une chanson \u00e9crite par Myl\u00e8ne et compos\u00e9e par Laurent Boutonnat qui en r\u00e9alise le clip. Aliz\u00e9e a partag\u00e9 cette photo sur les r\u00e9seaux sociaux le 12 septembre 2018 pour l&rsquo;anniversaire de Myl\u00e8ne. Aliz\u00e9e \u00e9tait &hellip; <a href=\"https:\/\/mig.mylene.net\/galeries-photos-mylene-farmer\/mylene-farmer-tournage-du-clip-de-julia-24-mars-2018\" class=\"more-link\">Continue reading<span class=\"screen-reader-text\"> \u00ab\u00a0Myl\u00e8ne Farmer &#8211; Tournage du clip de Julia &#8211; 24 mars 2018\u00a0\u00bb<\/span><\/a><\/p>\n","protected":false},"author":2,"featured_media":0,"parent":0,"menu_order":0,"comment_status":"closed","ping_status":"closed","template":"","meta":{"_acf_changed":false,"ngg_post_thumbnail":0,"footnotes":""},"class_list":["post-21608","page","type-page","status-publish","hentry"],"acf":[],"_links":{"self":[{"href":"https:\/\/mig.mylene.net\/galeries-photos-mylene-farmer\/wp-json\/wp\/v2\/pages\/21608","targetHints":{"allow":["GET"]}}],"collection":[{"href":"https:\/\/mig.mylene.net\/galeries-photos-mylene-farmer\/wp-json\/wp\/v2\/pages"}],"about":[{"href":"https:\/\/mig.mylene.net\/galeries-photos-mylene-farmer\/wp-json\/wp\/v2\/types\/page"}],"author":[{"embeddable":true,"href":"https:\/\/mig.mylene.net\/galeries-photos-mylene-farmer\/wp-json\/wp\/v2\/users\/2"}],"replies":[{"embeddable":true,"href":"https:\/\/mig.mylene.net\/galeries-photos-mylene-farmer\/wp-json\/wp\/v2\/comments?post=21608"}],"version-history":[{"count":1,"href":"https:\/\/mig.mylene.net\/galeries-photos-mylene-farmer\/wp-json\/wp\/v2\/pages\/21608\/revisions"}],"predecessor-version":[{"id":24787,"href":"https:\/\/mig.mylene.net\/galeries-photos-mylene-farmer\/wp-json\/wp\/v2\/pages\/21608\/revisions\/24787"}],"wp:attachment":[{"href":"https:\/\/mig.mylene.net\/galeries-photos-mylene-farmer\/wp-json\/wp\/v2\/media?parent=21608"}],"curies":[{"name":"wp","href":"https:\/\/api.w.org\/{rel}","templated":true}]}}