{"id":21264,"date":"2018-05-08T07:01:32","date_gmt":"2018-05-08T06:01:32","guid":{"rendered":"https:\/\/www.mylene.net\/galeries-photos-mylene-farmer\/?page_id=21264"},"modified":"2025-03-26T11:57:24","modified_gmt":"2025-03-26T10:57:24","slug":"mylene-farmer-concert-michel-sardou-12-avril-2018","status":"publish","type":"page","link":"https:\/\/mig.mylene.net\/galeries-photos-mylene-farmer\/mylene-farmer-concert-michel-sardou-12-avril-2018","title":{"rendered":"Myl\u00e8ne Farmer &#8211; Concert Michel Sardou &#8211; 12 avril 2018"},"content":{"rendered":"ngg_shortcode_0_placeholder\n<div class=\"galerie_description\">\n<div class=\"galerie_description_table\">\n<div class=\"galerie_description_line\">\n<div class=\"title themecolored\">Photographe<\/div>\n<div class=\"content\">&#8211;<\/div>\n<\/div>\n<div class=\"galerie_description_line\">\n<div class=\"title themecolored\">Date<\/div>\n<div class=\"content\">12 avril 2018<\/div>\n<\/div>\n<div class=\"galerie_description_line\">\n<div class=\"title themecolored\">Lieu<\/div>\n<div class=\"content\">La Seine Musicale, Boulogne-Billancourt, Hauts de Seine, France<\/div>\n<\/div>\n<\/div>\n<\/div>\n<p>&nbsp;<\/p>\n<div class=\"galerie_description_fullline with_border\">\n<p>Myl\u00e8ne assiste au dernier concert de la carri\u00e8re de Michel Sardou accompagn\u00e9e de son compagnon Beno\u00eet Di Sabatino et de son manager Thierry Suc. (<a href=\"https:\/\/www.mylene.net\/modules\/index.php?r=4&amp;z=4731\">+ d&rsquo;infos<\/a>)<\/p>\n<\/div>\n","protected":false},"excerpt":{"rendered":"<p>Photographe &#8211; Date 12 avril 2018 Lieu La Seine Musicale, Boulogne-Billancourt, Hauts de Seine, France &nbsp; Myl\u00e8ne assiste au dernier concert de la carri\u00e8re de Michel Sardou accompagn\u00e9e de son compagnon Beno\u00eet Di Sabatino et de son manager Thierry Suc. (+ d&rsquo;infos)<\/p>\n","protected":false},"author":2,"featured_media":0,"parent":0,"menu_order":0,"comment_status":"closed","ping_status":"closed","template":"","meta":{"_acf_changed":false,"ngg_post_thumbnail":0,"footnotes":""},"class_list":["post-21264","page","type-page","status-publish","hentry"],"acf":[],"_links":{"self":[{"href":"https:\/\/mig.mylene.net\/galeries-photos-mylene-farmer\/wp-json\/wp\/v2\/pages\/21264","targetHints":{"allow":["GET"]}}],"collection":[{"href":"https:\/\/mig.mylene.net\/galeries-photos-mylene-farmer\/wp-json\/wp\/v2\/pages"}],"about":[{"href":"https:\/\/mig.mylene.net\/galeries-photos-mylene-farmer\/wp-json\/wp\/v2\/types\/page"}],"author":[{"embeddable":true,"href":"https:\/\/mig.mylene.net\/galeries-photos-mylene-farmer\/wp-json\/wp\/v2\/users\/2"}],"replies":[{"embeddable":true,"href":"https:\/\/mig.mylene.net\/galeries-photos-mylene-farmer\/wp-json\/wp\/v2\/comments?post=21264"}],"version-history":[{"count":1,"href":"https:\/\/mig.mylene.net\/galeries-photos-mylene-farmer\/wp-json\/wp\/v2\/pages\/21264\/revisions"}],"predecessor-version":[{"id":24781,"href":"https:\/\/mig.mylene.net\/galeries-photos-mylene-farmer\/wp-json\/wp\/v2\/pages\/21264\/revisions\/24781"}],"wp:attachment":[{"href":"https:\/\/mig.mylene.net\/galeries-photos-mylene-farmer\/wp-json\/wp\/v2\/media?parent=21264"}],"curies":[{"name":"wp","href":"https:\/\/api.w.org\/{rel}","templated":true}]}}