{"id":21249,"date":"2018-05-08T06:42:55","date_gmt":"2018-05-08T05:42:55","guid":{"rendered":"https:\/\/www.mylene.net\/galeries-photos-mylene-farmer\/?page_id=21249"},"modified":"2025-03-26T11:56:46","modified_gmt":"2025-03-26T10:56:46","slug":"repetitions-the-voice-07-mai-2018","status":"publish","type":"page","link":"https:\/\/mig.mylene.net\/galeries-photos-mylene-farmer\/repetitions-the-voice-07-mai-2018","title":{"rendered":"R\u00e9p\u00e9titions \u00ab\u00a0The Voice\u00a0\u00bb &#8211; 07 mai 2018"},"content":{"rendered":"ngg_shortcode_0_placeholder\n<div class=\"galerie_description\">\n<div class=\"galerie_description_table\">\n<div class=\"galerie_description_line\">\n<div class=\"title themecolored\">Photographe<\/div>\n<div class=\"content\">&#8211;<\/div>\n<\/div>\n<div class=\"galerie_description_line\">\n<div class=\"title themecolored\">Date<\/div>\n<div class=\"content\">07 mai 2018<\/div>\n<\/div>\n<div class=\"galerie_description_line\">\n<div class=\"title themecolored\">Lieu<\/div>\n<div class=\"content\">&#8211;<\/div>\n<\/div>\n<\/div>\n<\/div>\n<p>&nbsp;<\/p>\n<div class=\"galerie_description_fullline with_border\">\n<p>R\u00e9p\u00e9titions pour la finale de l&rsquo;\u00e9mission \u00ab\u00a0The Voice\u00a0\u00bb diffus\u00e9e sur TF1 le 12 mai 2018 et dont Myl\u00e8ne est invit\u00e9e.<br \/>\nR\u00e9p\u00e9titions pour la chor\u00e9graphie de la chanson <em>Rolling Stone<\/em>.<br \/>\nMyl\u00e8ne sera entour\u00e9e de cinq des six danseurs de la tourn\u00e9e <em>Timeless 2013<\/em> : Aziz Baki (absent sur la photo), Ivo Bauchiero, Manu Gouffran, Nicholas Menna et Raphael Sergio.<br \/>\nChristophe Danchaud et Val\u00e9rie Bony sont les coordinateurs de la chor\u00e9graphie.<\/p>\n<p>Photo partag\u00e9e par Christophe Danchaud sur son compte instagram avec le message : #r\u00e9p\u00e9tions #danse #new #crew #fun thanks to #valeriebony @_nicolasmenna @azizbaki @raphsergio #ivo @manugouffran @christophedanchaud_ #choregraphie \u2764\ufe0f#mylenefarmer<\/p>\n<\/div>\n","protected":false},"excerpt":{"rendered":"<p>Photographe &#8211; Date 07 mai 2018 Lieu &#8211; &nbsp; R\u00e9p\u00e9titions pour la finale de l&rsquo;\u00e9mission \u00ab\u00a0The Voice\u00a0\u00bb diffus\u00e9e sur TF1 le 12 mai 2018 et dont Myl\u00e8ne est invit\u00e9e. R\u00e9p\u00e9titions pour la chor\u00e9graphie de la chanson Rolling Stone. Myl\u00e8ne sera entour\u00e9e de cinq des six danseurs de la tourn\u00e9e Timeless 2013 : Aziz Baki (absent &hellip; <a href=\"https:\/\/mig.mylene.net\/galeries-photos-mylene-farmer\/repetitions-the-voice-07-mai-2018\" class=\"more-link\">Continue reading<span class=\"screen-reader-text\"> \u00ab\u00a0R\u00e9p\u00e9titions \u00ab\u00a0The Voice\u00a0\u00bb &#8211; 07 mai 2018&Prime;<\/span><\/a><\/p>\n","protected":false},"author":2,"featured_media":0,"parent":0,"menu_order":0,"comment_status":"closed","ping_status":"closed","template":"","meta":{"_acf_changed":false,"ngg_post_thumbnail":0,"footnotes":""},"class_list":["post-21249","page","type-page","status-publish","hentry"],"acf":[],"_links":{"self":[{"href":"https:\/\/mig.mylene.net\/galeries-photos-mylene-farmer\/wp-json\/wp\/v2\/pages\/21249","targetHints":{"allow":["GET"]}}],"collection":[{"href":"https:\/\/mig.mylene.net\/galeries-photos-mylene-farmer\/wp-json\/wp\/v2\/pages"}],"about":[{"href":"https:\/\/mig.mylene.net\/galeries-photos-mylene-farmer\/wp-json\/wp\/v2\/types\/page"}],"author":[{"embeddable":true,"href":"https:\/\/mig.mylene.net\/galeries-photos-mylene-farmer\/wp-json\/wp\/v2\/users\/2"}],"replies":[{"embeddable":true,"href":"https:\/\/mig.mylene.net\/galeries-photos-mylene-farmer\/wp-json\/wp\/v2\/comments?post=21249"}],"version-history":[{"count":1,"href":"https:\/\/mig.mylene.net\/galeries-photos-mylene-farmer\/wp-json\/wp\/v2\/pages\/21249\/revisions"}],"predecessor-version":[{"id":24780,"href":"https:\/\/mig.mylene.net\/galeries-photos-mylene-farmer\/wp-json\/wp\/v2\/pages\/21249\/revisions\/24780"}],"wp:attachment":[{"href":"https:\/\/mig.mylene.net\/galeries-photos-mylene-farmer\/wp-json\/wp\/v2\/media?parent=21249"}],"curies":[{"name":"wp","href":"https:\/\/api.w.org\/{rel}","templated":true}]}}