{"id":20786,"date":"2017-12-17T06:41:09","date_gmt":"2017-12-17T05:41:09","guid":{"rendered":"https:\/\/www.mylene.net\/galeries-photos-mylene-farmer\/?page_id=20786"},"modified":"2025-03-26T11:53:21","modified_gmt":"2025-03-26T10:53:21","slug":"mylene-farmer-tam-tam-tv6-8-novembre-1986","status":"publish","type":"page","link":"https:\/\/mig.mylene.net\/galeries-photos-mylene-farmer\/mylene-farmer-tam-tam-tv6-8-novembre-1986","title":{"rendered":"Myl\u00e8ne Farmer &#8211; Tam-Tam &#8211; TV6 &#8211; 8 novembre 1986"},"content":{"rendered":"ngg_shortcode_0_placeholder\n<div class=\"galerie_description\">\n<div class=\"galerie_description_table\">\n<div class=\"galerie_description_line\">\n<div class=\"title themecolored\">Photographe<\/div>\n<div class=\"content\">&#8211;<\/div>\n<\/div>\n<div class=\"galerie_description_line\">\n<div class=\"title themecolored\">Date<\/div>\n<div class=\"content\">8 novembre 1986<\/div>\n<\/div>\n<div class=\"galerie_description_line\">\n<div class=\"title themecolored\">Lieu<\/div>\n<div class=\"content\">&#8211;<\/div>\n<\/div>\n<\/div>\n<p>&nbsp;<\/p>\n<div class=\"galerie_description_fullline with_border\">\n<p>Myl\u00e8ne participe \u00e0 l&rsquo;\u00e9mission \u00ab\u00a0Tam-Tam\u00a0\u00bb pr\u00e9sent\u00e9e par Alain Maneval et diffus\u00e9e en direct le samedi \u00e0 18h sur la cha\u00eene musicale TV6.<br \/>\nMyl\u00e8ne chante <em>Libertine<\/em>.<\/p>\n<\/div>\n<\/div>\n","protected":false},"excerpt":{"rendered":"<p>Photographe &#8211; Date 8 novembre 1986 Lieu &#8211; &nbsp; Myl\u00e8ne participe \u00e0 l&rsquo;\u00e9mission \u00ab\u00a0Tam-Tam\u00a0\u00bb pr\u00e9sent\u00e9e par Alain Maneval et diffus\u00e9e en direct le samedi \u00e0 18h sur la cha\u00eene musicale TV6. Myl\u00e8ne chante Libertine.<\/p>\n","protected":false},"author":2,"featured_media":0,"parent":0,"menu_order":0,"comment_status":"closed","ping_status":"closed","template":"","meta":{"_acf_changed":false,"ngg_post_thumbnail":0,"footnotes":""},"class_list":["post-20786","page","type-page","status-publish","hentry"],"acf":[],"_links":{"self":[{"href":"https:\/\/mig.mylene.net\/galeries-photos-mylene-farmer\/wp-json\/wp\/v2\/pages\/20786","targetHints":{"allow":["GET"]}}],"collection":[{"href":"https:\/\/mig.mylene.net\/galeries-photos-mylene-farmer\/wp-json\/wp\/v2\/pages"}],"about":[{"href":"https:\/\/mig.mylene.net\/galeries-photos-mylene-farmer\/wp-json\/wp\/v2\/types\/page"}],"author":[{"embeddable":true,"href":"https:\/\/mig.mylene.net\/galeries-photos-mylene-farmer\/wp-json\/wp\/v2\/users\/2"}],"replies":[{"embeddable":true,"href":"https:\/\/mig.mylene.net\/galeries-photos-mylene-farmer\/wp-json\/wp\/v2\/comments?post=20786"}],"version-history":[{"count":1,"href":"https:\/\/mig.mylene.net\/galeries-photos-mylene-farmer\/wp-json\/wp\/v2\/pages\/20786\/revisions"}],"predecessor-version":[{"id":24775,"href":"https:\/\/mig.mylene.net\/galeries-photos-mylene-farmer\/wp-json\/wp\/v2\/pages\/20786\/revisions\/24775"}],"wp:attachment":[{"href":"https:\/\/mig.mylene.net\/galeries-photos-mylene-farmer\/wp-json\/wp\/v2\/media?parent=20786"}],"curies":[{"name":"wp","href":"https:\/\/api.w.org\/{rel}","templated":true}]}}