{"id":20576,"date":"2017-12-13T20:19:59","date_gmt":"2017-12-13T19:19:59","guid":{"rendered":"https:\/\/www.mylene.net\/galeries-photos-mylene-farmer\/?page_id=20576"},"modified":"2025-03-26T11:50:34","modified_gmt":"2025-03-26T10:50:34","slug":"mylene-farmer-photographe-lucien-jacquinot-janvier-1986","status":"publish","type":"page","link":"https:\/\/mig.mylene.net\/galeries-photos-mylene-farmer\/mylene-farmer-photographe-lucien-jacquinot-janvier-1986","title":{"rendered":"Myl\u00e8ne Farmer &#8211; Photographe Lucien Jacquinot &#8211; Janvier 1986"},"content":{"rendered":"ngg_shortcode_0_placeholder\n<div class=\"galerie_description\">\n<div class=\"galerie_description_table\">\n<div class=\"galerie_description_line\">\n<div class=\"title themecolored\">Photographe<\/div>\n<div class=\"content\">Lucien Jacquinot<\/div>\n<\/div>\n<div class=\"galerie_description_line\">\n<div class=\"title themecolored\">Date<\/div>\n<div class=\"content\">Janvier 1986<\/div>\n<\/div>\n<div class=\"galerie_description_line\">\n<div class=\"title themecolored\">Lieu<\/div>\n<div class=\"content\">Paris, France<\/div>\n<\/div>\n<\/div>\n<p>&nbsp;<\/p>\n<div class=\"galerie_description_fullline with_border\">\n<p>Cette s\u00e9ance photo a \u00e9t\u00e9 r\u00e9alis\u00e9e pour le journal \u00ab\u00a0France Soir\u00a0\u00bb le jour du tournage de l&rsquo;\u00e9mission <a href=\"https:\/\/www.mylene.net\/modules\/index.php?r=312\" target=\"_blank\" rel=\"noopener\">\u00ab\u00a0L&rsquo;Acad\u00e9mie des 9\u00a0\u00bb diffus\u00e9e sur Antenne 2 le 14 janvier 1986<\/a>.<br \/>\nPremi\u00e8re publication connue dans \u00ab\u00a0France Soir\u00a0\u00bb le 29 juillet 1986.<\/p>\n<\/div>\n<\/div>\n","protected":false},"excerpt":{"rendered":"<p>Photographe Lucien Jacquinot Date Janvier 1986 Lieu Paris, France &nbsp; Cette s\u00e9ance photo a \u00e9t\u00e9 r\u00e9alis\u00e9e pour le journal \u00ab\u00a0France Soir\u00a0\u00bb le jour du tournage de l&rsquo;\u00e9mission \u00ab\u00a0L&rsquo;Acad\u00e9mie des 9\u00a0\u00bb diffus\u00e9e sur Antenne 2 le 14 janvier 1986. Premi\u00e8re publication connue dans \u00ab\u00a0France Soir\u00a0\u00bb le 29 juillet 1986.<\/p>\n","protected":false},"author":2,"featured_media":0,"parent":0,"menu_order":0,"comment_status":"closed","ping_status":"closed","template":"","meta":{"_acf_changed":false,"ngg_post_thumbnail":0,"footnotes":""},"class_list":["post-20576","page","type-page","status-publish","hentry"],"acf":[],"_links":{"self":[{"href":"https:\/\/mig.mylene.net\/galeries-photos-mylene-farmer\/wp-json\/wp\/v2\/pages\/20576","targetHints":{"allow":["GET"]}}],"collection":[{"href":"https:\/\/mig.mylene.net\/galeries-photos-mylene-farmer\/wp-json\/wp\/v2\/pages"}],"about":[{"href":"https:\/\/mig.mylene.net\/galeries-photos-mylene-farmer\/wp-json\/wp\/v2\/types\/page"}],"author":[{"embeddable":true,"href":"https:\/\/mig.mylene.net\/galeries-photos-mylene-farmer\/wp-json\/wp\/v2\/users\/2"}],"replies":[{"embeddable":true,"href":"https:\/\/mig.mylene.net\/galeries-photos-mylene-farmer\/wp-json\/wp\/v2\/comments?post=20576"}],"version-history":[{"count":1,"href":"https:\/\/mig.mylene.net\/galeries-photos-mylene-farmer\/wp-json\/wp\/v2\/pages\/20576\/revisions"}],"predecessor-version":[{"id":24772,"href":"https:\/\/mig.mylene.net\/galeries-photos-mylene-farmer\/wp-json\/wp\/v2\/pages\/20576\/revisions\/24772"}],"wp:attachment":[{"href":"https:\/\/mig.mylene.net\/galeries-photos-mylene-farmer\/wp-json\/wp\/v2\/media?parent=20576"}],"curies":[{"name":"wp","href":"https:\/\/api.w.org\/{rel}","templated":true}]}}