{"id":20509,"date":"2017-12-13T08:03:56","date_gmt":"2017-12-13T07:03:56","guid":{"rendered":"https:\/\/www.mylene.net\/galeries-photos-mylene-farmer\/?page_id=20509"},"modified":"2025-03-26T11:47:39","modified_gmt":"2025-03-26T10:47:39","slug":"mylene-farmer-studio-22-rtl-juin-1986","status":"publish","type":"page","link":"https:\/\/mig.mylene.net\/galeries-photos-mylene-farmer\/mylene-farmer-studio-22-rtl-juin-1986","title":{"rendered":"Myl\u00e8ne Farmer &#8211; Studio 22 &#8211; RTL &#8211; Juin 1986"},"content":{"rendered":"ngg_shortcode_0_placeholder\n<div class=\"galerie_description\">\n<div class=\"galerie_description_table\">\n<div class=\"galerie_description_line\">\n<div class=\"title themecolored\">Photographe<\/div>\n<div class=\"content\">Christian Gibey<\/div>\n<\/div>\n<div class=\"galerie_description_line\">\n<div class=\"title themecolored\">Date<\/div>\n<div class=\"content\">Juin 1986<\/div>\n<\/div>\n<div class=\"galerie_description_line\">\n<div class=\"title themecolored\">Lieu<\/div>\n<div class=\"content\">Paris, France<\/div>\n<\/div>\n<\/div>\n<p>&nbsp;<\/p>\n<div class=\"galerie_description_fullline with_border\">\n<p>Enregistrement de l&rsquo;\u00e9mission \u00ab\u00a0Studio 22\u00a0\u00bb diffus\u00e9e sur RTL le 12 juillet 1986 entre 18h30 et 20h.<br \/>\nParmi les autres artistes invit\u00e9s : Elli Medeiros, V\u00e9ronique Jannot, Jackie Quartz, Julie, St\u00e9phanie de Monaco, Catherine Ringer&#8230;<br \/>\nPhoto publi\u00e9e dans le magazine \u00ab\u00a0OK !\u00a0\u00bb.<\/p>\n<\/div>\n<\/div>\n","protected":false},"excerpt":{"rendered":"<p>Photographe Christian Gibey Date Juin 1986 Lieu Paris, France &nbsp; Enregistrement de l&rsquo;\u00e9mission \u00ab\u00a0Studio 22\u00a0\u00bb diffus\u00e9e sur RTL le 12 juillet 1986 entre 18h30 et 20h. Parmi les autres artistes invit\u00e9s : Elli Medeiros, V\u00e9ronique Jannot, Jackie Quartz, Julie, St\u00e9phanie de Monaco, Catherine Ringer&#8230; Photo publi\u00e9e dans le magazine \u00ab\u00a0OK !\u00a0\u00bb.<\/p>\n","protected":false},"author":2,"featured_media":0,"parent":0,"menu_order":0,"comment_status":"closed","ping_status":"closed","template":"","meta":{"_acf_changed":false,"ngg_post_thumbnail":0,"footnotes":""},"class_list":["post-20509","page","type-page","status-publish","hentry"],"acf":[],"_links":{"self":[{"href":"https:\/\/mig.mylene.net\/galeries-photos-mylene-farmer\/wp-json\/wp\/v2\/pages\/20509","targetHints":{"allow":["GET"]}}],"collection":[{"href":"https:\/\/mig.mylene.net\/galeries-photos-mylene-farmer\/wp-json\/wp\/v2\/pages"}],"about":[{"href":"https:\/\/mig.mylene.net\/galeries-photos-mylene-farmer\/wp-json\/wp\/v2\/types\/page"}],"author":[{"embeddable":true,"href":"https:\/\/mig.mylene.net\/galeries-photos-mylene-farmer\/wp-json\/wp\/v2\/users\/2"}],"replies":[{"embeddable":true,"href":"https:\/\/mig.mylene.net\/galeries-photos-mylene-farmer\/wp-json\/wp\/v2\/comments?post=20509"}],"version-history":[{"count":1,"href":"https:\/\/mig.mylene.net\/galeries-photos-mylene-farmer\/wp-json\/wp\/v2\/pages\/20509\/revisions"}],"predecessor-version":[{"id":24767,"href":"https:\/\/mig.mylene.net\/galeries-photos-mylene-farmer\/wp-json\/wp\/v2\/pages\/20509\/revisions\/24767"}],"wp:attachment":[{"href":"https:\/\/mig.mylene.net\/galeries-photos-mylene-farmer\/wp-json\/wp\/v2\/media?parent=20509"}],"curies":[{"name":"wp","href":"https:\/\/api.w.org\/{rel}","templated":true}]}}