{"id":20471,"date":"2017-12-13T06:50:07","date_gmt":"2017-12-13T05:50:07","guid":{"rendered":"https:\/\/www.mylene.net\/galeries-photos-mylene-farmer\/?page_id=20471"},"modified":"2025-03-26T11:45:38","modified_gmt":"2025-03-26T10:45:38","slug":"mylene-farmer-coeur-pique-rtbf-02-novembre-1986","status":"publish","type":"page","link":"https:\/\/mig.mylene.net\/galeries-photos-mylene-farmer\/mylene-farmer-coeur-pique-rtbf-02-novembre-1986","title":{"rendered":"Myl\u00e8ne Farmer &#8211; Coeur &#038; Pique &#8211; RTBF &#8211; 02 novembre 1986"},"content":{"rendered":"ngg_shortcode_0_placeholder\n<div class=\"galerie_description\">\n<div class=\"galerie_description_table\">\n<div class=\"galerie_description_line\">\n<div class=\"title themecolored\">Photographe<\/div>\n<div class=\"content\">&#8211;<\/div>\n<\/div>\n<div class=\"galerie_description_line\">\n<div class=\"title themecolored\">Date<\/div>\n<div class=\"content\">02 novembre 1986<\/div>\n<\/div>\n<div class=\"galerie_description_line\">\n<div class=\"title themecolored\">Lieu<\/div>\n<div class=\"content\">Belgique<\/div>\n<\/div>\n<\/div>\n<p>&nbsp;<\/p>\n<div class=\"galerie_description_fullline with_border\">\n<p>Myl\u00e8ne Participe \u00e0 cette \u00e9mission diffus\u00e9e sur la cha\u00eene belge RTBF.<br \/>\nElle r\u00e9pond \u00e0 une interview aux c\u00f4t\u00e9s de l&rsquo;animateur Philippe Luthers et du chanteur Francis Cabrel apr\u00e8s avoir chant\u00e9 <em>Libertine<\/em>.<\/p>\n<p><a href=\"https:\/\/www.mylene.net\/modules\/index.php?r=417\" target=\"_blank\" rel=\"noopener\">Coeur &amp; Pique &#8211; 02 novembre 1986 &#8211; RTBF<\/a> (vid\u00e9o)<\/p>\n<\/div>\n<\/div>\n","protected":false},"excerpt":{"rendered":"<p>Photographe &#8211; Date 02 novembre 1986 Lieu Belgique &nbsp; Myl\u00e8ne Participe \u00e0 cette \u00e9mission diffus\u00e9e sur la cha\u00eene belge RTBF. Elle r\u00e9pond \u00e0 une interview aux c\u00f4t\u00e9s de l&rsquo;animateur Philippe Luthers et du chanteur Francis Cabrel apr\u00e8s avoir chant\u00e9 Libertine. Coeur &amp; Pique &#8211; 02 novembre 1986 &#8211; RTBF (vid\u00e9o)<\/p>\n","protected":false},"author":2,"featured_media":0,"parent":0,"menu_order":0,"comment_status":"closed","ping_status":"closed","template":"","meta":{"_acf_changed":false,"ngg_post_thumbnail":0,"footnotes":""},"class_list":["post-20471","page","type-page","status-publish","hentry"],"acf":[],"_links":{"self":[{"href":"https:\/\/mig.mylene.net\/galeries-photos-mylene-farmer\/wp-json\/wp\/v2\/pages\/20471","targetHints":{"allow":["GET"]}}],"collection":[{"href":"https:\/\/mig.mylene.net\/galeries-photos-mylene-farmer\/wp-json\/wp\/v2\/pages"}],"about":[{"href":"https:\/\/mig.mylene.net\/galeries-photos-mylene-farmer\/wp-json\/wp\/v2\/types\/page"}],"author":[{"embeddable":true,"href":"https:\/\/mig.mylene.net\/galeries-photos-mylene-farmer\/wp-json\/wp\/v2\/users\/2"}],"replies":[{"embeddable":true,"href":"https:\/\/mig.mylene.net\/galeries-photos-mylene-farmer\/wp-json\/wp\/v2\/comments?post=20471"}],"version-history":[{"count":1,"href":"https:\/\/mig.mylene.net\/galeries-photos-mylene-farmer\/wp-json\/wp\/v2\/pages\/20471\/revisions"}],"predecessor-version":[{"id":24764,"href":"https:\/\/mig.mylene.net\/galeries-photos-mylene-farmer\/wp-json\/wp\/v2\/pages\/20471\/revisions\/24764"}],"wp:attachment":[{"href":"https:\/\/mig.mylene.net\/galeries-photos-mylene-farmer\/wp-json\/wp\/v2\/media?parent=20471"}],"curies":[{"name":"wp","href":"https:\/\/api.w.org\/{rel}","templated":true}]}}