{"id":20191,"date":"2017-11-21T08:19:08","date_gmt":"2017-11-21T07:19:08","guid":{"rendered":"https:\/\/www.mylene.net\/galeries-photos-mylene-farmer\/?page_id=20191"},"modified":"2025-03-26T11:40:24","modified_gmt":"2025-03-26T10:40:24","slug":"mylene-farmer-paris-septembre-2009","status":"publish","type":"page","link":"https:\/\/mig.mylene.net\/galeries-photos-mylene-farmer\/mylene-farmer-paris-septembre-2009","title":{"rendered":"Myl\u00e8ne Farmer &#8211; Paris &#8211; Septembre 2009"},"content":{"rendered":"ngg_shortcode_0_placeholder\n<div class=\"galerie_description\">\n<div class=\"galerie_description_table\">\n<div class=\"galerie_description_line\">\n<div class=\"title themecolored\">Photographe<\/div>\n<div class=\"content\">&#8211;<\/div>\n<\/div>\n<div class=\"galerie_description_line\">\n<div class=\"title themecolored\">Date<\/div>\n<div class=\"content\">Septembre 2009<\/div>\n<\/div>\n<div class=\"galerie_description_line\">\n<div class=\"title themecolored\">Lieu<\/div>\n<div class=\"content\">\u00c0 proximit\u00e9 du restaurant Thiou, 49 quai d&rsquo;Orsay, Paris VII, France<\/div>\n<\/div>\n<\/div>\n<p>&nbsp;<\/p>\n<div class=\"galerie_description_fullline with_border\">\n<p>Myl\u00e8ne Farmer avec le r\u00e9alisateur R\u00e9gis Wargnier \u00e0 la sortie du restaurant \u00ab\u00a0Thiou\u00a0\u00bb.<br \/>\nPremi\u00e8re publication connue dans le magazine \u00ab\u00a0Voici\u00a0\u00bb le 25 septembre 2009.<\/p>\n<\/div>\n<\/div>\n","protected":false},"excerpt":{"rendered":"<p>Photographe &#8211; Date Septembre 2009 Lieu \u00c0 proximit\u00e9 du restaurant Thiou, 49 quai d&rsquo;Orsay, Paris VII, France &nbsp; Myl\u00e8ne Farmer avec le r\u00e9alisateur R\u00e9gis Wargnier \u00e0 la sortie du restaurant \u00ab\u00a0Thiou\u00a0\u00bb. Premi\u00e8re publication connue dans le magazine \u00ab\u00a0Voici\u00a0\u00bb le 25 septembre 2009.<\/p>\n","protected":false},"author":2,"featured_media":0,"parent":0,"menu_order":0,"comment_status":"closed","ping_status":"closed","template":"","meta":{"_acf_changed":false,"ngg_post_thumbnail":0,"footnotes":""},"class_list":["post-20191","page","type-page","status-publish","hentry"],"acf":[],"_links":{"self":[{"href":"https:\/\/mig.mylene.net\/galeries-photos-mylene-farmer\/wp-json\/wp\/v2\/pages\/20191","targetHints":{"allow":["GET"]}}],"collection":[{"href":"https:\/\/mig.mylene.net\/galeries-photos-mylene-farmer\/wp-json\/wp\/v2\/pages"}],"about":[{"href":"https:\/\/mig.mylene.net\/galeries-photos-mylene-farmer\/wp-json\/wp\/v2\/types\/page"}],"author":[{"embeddable":true,"href":"https:\/\/mig.mylene.net\/galeries-photos-mylene-farmer\/wp-json\/wp\/v2\/users\/2"}],"replies":[{"embeddable":true,"href":"https:\/\/mig.mylene.net\/galeries-photos-mylene-farmer\/wp-json\/wp\/v2\/comments?post=20191"}],"version-history":[{"count":1,"href":"https:\/\/mig.mylene.net\/galeries-photos-mylene-farmer\/wp-json\/wp\/v2\/pages\/20191\/revisions"}],"predecessor-version":[{"id":24757,"href":"https:\/\/mig.mylene.net\/galeries-photos-mylene-farmer\/wp-json\/wp\/v2\/pages\/20191\/revisions\/24757"}],"wp:attachment":[{"href":"https:\/\/mig.mylene.net\/galeries-photos-mylene-farmer\/wp-json\/wp\/v2\/media?parent=20191"}],"curies":[{"name":"wp","href":"https:\/\/api.w.org\/{rel}","templated":true}]}}