{"id":20156,"date":"2017-11-21T07:56:22","date_gmt":"2017-11-21T06:56:22","guid":{"rendered":"https:\/\/www.mylene.net\/galeries-photos-mylene-farmer\/?page_id=20156"},"modified":"2025-03-26T11:38:21","modified_gmt":"2025-03-26T10:38:21","slug":"mylene-farmer-paris-devant-les-studios-de-nrj-05-avril-1991","status":"publish","type":"page","link":"https:\/\/mig.mylene.net\/galeries-photos-mylene-farmer\/mylene-farmer-paris-devant-les-studios-de-nrj-05-avril-1991","title":{"rendered":"Myl\u00e8ne Farmer &#8211; Paris (devant les studios de NRJ) &#8211; 05 avril 1991"},"content":{"rendered":"ngg_shortcode_0_placeholder\n<div class=\"galerie_description\">\n<div class=\"galerie_description_table\">\n<div class=\"galerie_description_line\">\n<div class=\"title themecolored\">Photographe<\/div>\n<div class=\"content\">&#8211;<\/div>\n<\/div>\n<div class=\"galerie_description_line\">\n<div class=\"title themecolored\">Date<\/div>\n<div class=\"content\">5 avril 1991<\/div>\n<\/div>\n<div class=\"galerie_description_line\">\n<div class=\"title themecolored\">Lieu<\/div>\n<div class=\"content\">Devant les studios de la radio NRJ, Paris, France<\/div>\n<\/div>\n<\/div>\n<p>&nbsp;<\/p>\n<div class=\"galerie_description_fullline with_border\">\n<p>Photos de fans prises devant les studio de la radio NRJ le jour de l&rsquo;<a href=\"https:\/\/www.mylene.net\/mylene\/mylene-farmer_interview_nrj_05-avril-1991\" target=\"_blank\" rel=\"noopener\">interview accord\u00e9e par Myl\u00e8ne \u00e0 Pascal Brousseau<\/a> et diffus\u00e9e en direct \u00e0 19 heures sur cette radio.<\/p>\n<\/div>\n<\/div>\n","protected":false},"excerpt":{"rendered":"<p>Photographe &#8211; Date 5 avril 1991 Lieu Devant les studios de la radio NRJ, Paris, France &nbsp; Photos de fans prises devant les studio de la radio NRJ le jour de l&rsquo;interview accord\u00e9e par Myl\u00e8ne \u00e0 Pascal Brousseau et diffus\u00e9e en direct \u00e0 19 heures sur cette radio.<\/p>\n","protected":false},"author":2,"featured_media":0,"parent":0,"menu_order":0,"comment_status":"closed","ping_status":"closed","template":"","meta":{"_acf_changed":false,"ngg_post_thumbnail":0,"footnotes":""},"class_list":["post-20156","page","type-page","status-publish","hentry"],"acf":[],"_links":{"self":[{"href":"https:\/\/mig.mylene.net\/galeries-photos-mylene-farmer\/wp-json\/wp\/v2\/pages\/20156","targetHints":{"allow":["GET"]}}],"collection":[{"href":"https:\/\/mig.mylene.net\/galeries-photos-mylene-farmer\/wp-json\/wp\/v2\/pages"}],"about":[{"href":"https:\/\/mig.mylene.net\/galeries-photos-mylene-farmer\/wp-json\/wp\/v2\/types\/page"}],"author":[{"embeddable":true,"href":"https:\/\/mig.mylene.net\/galeries-photos-mylene-farmer\/wp-json\/wp\/v2\/users\/2"}],"replies":[{"embeddable":true,"href":"https:\/\/mig.mylene.net\/galeries-photos-mylene-farmer\/wp-json\/wp\/v2\/comments?post=20156"}],"version-history":[{"count":1,"href":"https:\/\/mig.mylene.net\/galeries-photos-mylene-farmer\/wp-json\/wp\/v2\/pages\/20156\/revisions"}],"predecessor-version":[{"id":24755,"href":"https:\/\/mig.mylene.net\/galeries-photos-mylene-farmer\/wp-json\/wp\/v2\/pages\/20156\/revisions\/24755"}],"wp:attachment":[{"href":"https:\/\/mig.mylene.net\/galeries-photos-mylene-farmer\/wp-json\/wp\/v2\/media?parent=20156"}],"curies":[{"name":"wp","href":"https:\/\/api.w.org\/{rel}","templated":true}]}}