{"id":19835,"date":"2017-09-26T21:31:50","date_gmt":"2017-09-26T20:31:50","guid":{"rendered":"https:\/\/www.mylene.net\/galeries-photos-mylene-farmer\/?page_id=19835"},"modified":"2025-03-26T11:33:15","modified_gmt":"2025-03-26T10:33:15","slug":"anniversaire-christophe-dechavanne-23-janvier-1988","status":"publish","type":"page","link":"https:\/\/mig.mylene.net\/galeries-photos-mylene-farmer\/anniversaire-christophe-dechavanne-23-janvier-1988","title":{"rendered":"Myl\u00e8ne Farmer &#8211; Anniversaire Christophe Dechavanne &#8211; 23 janvier 1988"},"content":{"rendered":"ngg_shortcode_0_placeholder\n<div class=\"galerie_description\">\n<div class=\"galerie_description_table\">\n<div class=\"galerie_description_line\">\n<div class=\"title themecolored\">Photographe<\/div>\n<div class=\"content\">&#8211;<\/div>\n<\/div>\n<div class=\"galerie_description_line\">\n<div class=\"title themecolored\">Date<\/div>\n<div class=\"content\">23 janvier 1988<\/div>\n<\/div>\n<div class=\"galerie_description_line\">\n<div class=\"title themecolored\">Lieu<\/div>\n<div class=\"content\">Paris, France<\/div>\n<\/div>\n<\/div>\n<p>&nbsp;<\/p>\n<div class=\"galerie_description_fullline with_border\">\n<p>Myl\u00e8ne assiste \u00e0 l&rsquo;anniversaire de Christophe Dechavanne c\u00e9l\u00e9br\u00e9 dans les coulisses de son \u00e9mission \u00ab\u00a0Panique sur le 16\u00a0\u00bb diffus\u00e9 sur TF1 entre 17h et 18h.<\/p>\n<p>Parmi les autres invit\u00e9s on reconna\u00eet Jack Lang, Christophe Malavoy, Bernard Rapp, Patrick Poivre d&rsquo;Arvor, Jean Carmet&#8230;<\/p>\n<\/div>\n<\/div>\n","protected":false},"excerpt":{"rendered":"<p>Photographe &#8211; Date 23 janvier 1988 Lieu Paris, France &nbsp; Myl\u00e8ne assiste \u00e0 l&rsquo;anniversaire de Christophe Dechavanne c\u00e9l\u00e9br\u00e9 dans les coulisses de son \u00e9mission \u00ab\u00a0Panique sur le 16\u00a0\u00bb diffus\u00e9 sur TF1 entre 17h et 18h. Parmi les autres invit\u00e9s on reconna\u00eet Jack Lang, Christophe Malavoy, Bernard Rapp, Patrick Poivre d&rsquo;Arvor, Jean Carmet&#8230;<\/p>\n","protected":false},"author":2,"featured_media":0,"parent":0,"menu_order":0,"comment_status":"closed","ping_status":"closed","template":"","meta":{"_acf_changed":false,"ngg_post_thumbnail":0,"footnotes":""},"class_list":["post-19835","page","type-page","status-publish","hentry"],"acf":[],"_links":{"self":[{"href":"https:\/\/mig.mylene.net\/galeries-photos-mylene-farmer\/wp-json\/wp\/v2\/pages\/19835","targetHints":{"allow":["GET"]}}],"collection":[{"href":"https:\/\/mig.mylene.net\/galeries-photos-mylene-farmer\/wp-json\/wp\/v2\/pages"}],"about":[{"href":"https:\/\/mig.mylene.net\/galeries-photos-mylene-farmer\/wp-json\/wp\/v2\/types\/page"}],"author":[{"embeddable":true,"href":"https:\/\/mig.mylene.net\/galeries-photos-mylene-farmer\/wp-json\/wp\/v2\/users\/2"}],"replies":[{"embeddable":true,"href":"https:\/\/mig.mylene.net\/galeries-photos-mylene-farmer\/wp-json\/wp\/v2\/comments?post=19835"}],"version-history":[{"count":1,"href":"https:\/\/mig.mylene.net\/galeries-photos-mylene-farmer\/wp-json\/wp\/v2\/pages\/19835\/revisions"}],"predecessor-version":[{"id":24749,"href":"https:\/\/mig.mylene.net\/galeries-photos-mylene-farmer\/wp-json\/wp\/v2\/pages\/19835\/revisions\/24749"}],"wp:attachment":[{"href":"https:\/\/mig.mylene.net\/galeries-photos-mylene-farmer\/wp-json\/wp\/v2\/media?parent=19835"}],"curies":[{"name":"wp","href":"https:\/\/api.w.org\/{rel}","templated":true}]}}