{"id":19660,"date":"2017-09-19T07:25:48","date_gmt":"2017-09-19T06:25:48","guid":{"rendered":"https:\/\/www.mylene.net\/galeries-photos-mylene-farmer\/?page_id=19660"},"modified":"2025-03-26T11:26:00","modified_gmt":"2025-03-26T10:26:00","slug":"mylene-farmer-photographe-marie-soares-8-mai-2017","status":"publish","type":"page","link":"https:\/\/mig.mylene.net\/galeries-photos-mylene-farmer\/mylene-farmer-photographe-marie-soares-8-mai-2017","title":{"rendered":"Myl\u00e8ne Farmer &#8211; Photographe Marie Soares &#8211; 8 mai 2017"},"content":{"rendered":"ngg_shortcode_0_placeholder\n<div class=\"galerie_description\">\n<div class=\"galerie_description_table\">\n<div class=\"galerie_description_line\">\n<div class=\"title themecolored\">Photographe<\/div>\n<div class=\"content\">Marie Soares<\/div>\n<\/div>\n<div class=\"galerie_description_line\">\n<div class=\"title themecolored\">Date<\/div>\n<div class=\"content\">08 mai 2017<\/div>\n<\/div>\n<div class=\"galerie_description_line\">\n<div class=\"title themecolored\">Lieu<\/div>\n<div class=\"content\">Paris, France<\/div>\n<\/div>\n<\/div>\n<p>&nbsp;<\/p>\n<div class=\"galerie_description_fullline with_border\">\n<p>Assistante styliste sur le shooting de Myl\u00e8ne Farmer par Sylvie Lancrenon pour le magazine \u00ab\u00a0Gala\u00a0\u00bb, Marie Soares a partag\u00e9 cette photo sur son compte instagram le 8 mai 2017 depuis la Place de la R\u00e9publique \u00e0 Paris avec ce commentaire : \u00ab\u00a0And I&rsquo;m back to work\ud83d\ude0d!!! no public holiday for me<br \/>\n#onset #fashionassistant #clothes #fashion #fashioneditorial #stylistassistant #backstage #publicholiday #workworkwork #fashionshooting #instafashion\u00a0\u00bb<\/p>\n<\/div>\n<\/div>\n","protected":false},"excerpt":{"rendered":"<p>Photographe Marie Soares Date 08 mai 2017 Lieu Paris, France &nbsp; Assistante styliste sur le shooting de Myl\u00e8ne Farmer par Sylvie Lancrenon pour le magazine \u00ab\u00a0Gala\u00a0\u00bb, Marie Soares a partag\u00e9 cette photo sur son compte instagram le 8 mai 2017 depuis la Place de la R\u00e9publique \u00e0 Paris avec ce commentaire : \u00ab\u00a0And I&rsquo;m back &hellip; <a href=\"https:\/\/mig.mylene.net\/galeries-photos-mylene-farmer\/mylene-farmer-photographe-marie-soares-8-mai-2017\" class=\"more-link\">Continue reading<span class=\"screen-reader-text\"> \u00ab\u00a0Myl\u00e8ne Farmer &#8211; Photographe Marie Soares &#8211; 8 mai 2017\u00a0\u00bb<\/span><\/a><\/p>\n","protected":false},"author":2,"featured_media":0,"parent":0,"menu_order":0,"comment_status":"closed","ping_status":"closed","template":"","meta":{"_acf_changed":false,"ngg_post_thumbnail":0,"footnotes":""},"class_list":["post-19660","page","type-page","status-publish","hentry"],"acf":[],"_links":{"self":[{"href":"https:\/\/mig.mylene.net\/galeries-photos-mylene-farmer\/wp-json\/wp\/v2\/pages\/19660","targetHints":{"allow":["GET"]}}],"collection":[{"href":"https:\/\/mig.mylene.net\/galeries-photos-mylene-farmer\/wp-json\/wp\/v2\/pages"}],"about":[{"href":"https:\/\/mig.mylene.net\/galeries-photos-mylene-farmer\/wp-json\/wp\/v2\/types\/page"}],"author":[{"embeddable":true,"href":"https:\/\/mig.mylene.net\/galeries-photos-mylene-farmer\/wp-json\/wp\/v2\/users\/2"}],"replies":[{"embeddable":true,"href":"https:\/\/mig.mylene.net\/galeries-photos-mylene-farmer\/wp-json\/wp\/v2\/comments?post=19660"}],"version-history":[{"count":1,"href":"https:\/\/mig.mylene.net\/galeries-photos-mylene-farmer\/wp-json\/wp\/v2\/pages\/19660\/revisions"}],"predecessor-version":[{"id":24743,"href":"https:\/\/mig.mylene.net\/galeries-photos-mylene-farmer\/wp-json\/wp\/v2\/pages\/19660\/revisions\/24743"}],"wp:attachment":[{"href":"https:\/\/mig.mylene.net\/galeries-photos-mylene-farmer\/wp-json\/wp\/v2\/media?parent=19660"}],"curies":[{"name":"wp","href":"https:\/\/api.w.org\/{rel}","templated":true}]}}