{"id":1949,"date":"2016-05-21T20:25:13","date_gmt":"2016-05-21T19:25:13","guid":{"rendered":"http:\/\/www.mylene.net\/mfv3atw\/galeries-photos-mf\/?page_id=1949"},"modified":"2025-07-14T16:15:39","modified_gmt":"2025-07-14T14:15:39","slug":"bernard-leloup-octobre-1986-1","status":"publish","type":"page","link":"https:\/\/mig.mylene.net\/galeries-photos-mylene-farmer\/bernard-leloup-octobre-1986-1","title":{"rendered":"Myl\u00e8ne Farmer &#8211; Photographe Bernard Leloup &#8211; Octobre 1986"},"content":{"rendered":"<p>ngg_shortcode_0_placeholder<br \/>\nngg_shortcode_1_placeholder<\/p>\n<div class=\"galerie_description\">\n<div class=\"galerie_description_table\">\n<div class=\"galerie_description_line\">\n<div class=\"title themecolored\">Photographe<\/div>\n<div class=\"content\">Bernard Leloup<\/div>\n<\/div>\n<div class=\"galerie_description_line\">\n<div class=\"title themecolored\">Date<\/div>\n<div class=\"content\">Octobre 1986<\/div>\n<\/div>\n<div class=\"galerie_description_line\">\n<div class=\"title themecolored\">Lieu<\/div>\n<div class=\"content\">Paris, France<\/div>\n<\/div>\n<\/div>\n<\/div>\n<p>&nbsp;<\/p>\n<div class=\"galerie_description_fullline with_border\">\n<p>\u00a9 BERNARD LELOUP\/ARCHIVES FILIPACCHI SCOOP<\/p>\n<p>S\u00e9ance photo pour la presse.<br \/>\nPremi\u00e8res publications connues de la s\u00e9ance photos dans les magazines \u00ab\u00a0Top 50&Prime; le 03 novembre 1986\u00a0\u00bb et \u00ab\u00a0Salut !\u00a0\u00bb le 05 novembre 1986.<\/p>\n<\/div>\n","protected":false},"excerpt":{"rendered":"<p>Photographe Bernard Leloup Date Octobre 1986 Lieu Paris, France &nbsp; \u00a9 BERNARD LELOUP\/ARCHIVES FILIPACCHI SCOOP S\u00e9ance photo pour la presse. Premi\u00e8res publications connues de la s\u00e9ance photos dans les magazines \u00ab\u00a0Top 50&Prime; le 03 novembre 1986\u00a0\u00bb et \u00ab\u00a0Salut !\u00a0\u00bb le 05 novembre 1986.<\/p>\n","protected":false},"author":2,"featured_media":0,"parent":0,"menu_order":0,"comment_status":"closed","ping_status":"closed","template":"","meta":{"_acf_changed":false,"ngg_post_thumbnail":0,"footnotes":""},"class_list":["post-1949","page","type-page","status-publish","hentry"],"acf":[],"_links":{"self":[{"href":"https:\/\/mig.mylene.net\/galeries-photos-mylene-farmer\/wp-json\/wp\/v2\/pages\/1949","targetHints":{"allow":["GET"]}}],"collection":[{"href":"https:\/\/mig.mylene.net\/galeries-photos-mylene-farmer\/wp-json\/wp\/v2\/pages"}],"about":[{"href":"https:\/\/mig.mylene.net\/galeries-photos-mylene-farmer\/wp-json\/wp\/v2\/types\/page"}],"author":[{"embeddable":true,"href":"https:\/\/mig.mylene.net\/galeries-photos-mylene-farmer\/wp-json\/wp\/v2\/users\/2"}],"replies":[{"embeddable":true,"href":"https:\/\/mig.mylene.net\/galeries-photos-mylene-farmer\/wp-json\/wp\/v2\/comments?post=1949"}],"version-history":[{"count":2,"href":"https:\/\/mig.mylene.net\/galeries-photos-mylene-farmer\/wp-json\/wp\/v2\/pages\/1949\/revisions"}],"predecessor-version":[{"id":24848,"href":"https:\/\/mig.mylene.net\/galeries-photos-mylene-farmer\/wp-json\/wp\/v2\/pages\/1949\/revisions\/24848"}],"wp:attachment":[{"href":"https:\/\/mig.mylene.net\/galeries-photos-mylene-farmer\/wp-json\/wp\/v2\/media?parent=1949"}],"curies":[{"name":"wp","href":"https:\/\/api.w.org\/{rel}","templated":true}]}}