{"id":1918,"date":"2016-05-21T20:22:46","date_gmt":"2016-05-21T19:22:46","guid":{"rendered":"http:\/\/www.mylene.net\/mfv3atw\/galeries-photos-mf\/?page_id=1918"},"modified":"2025-08-17T19:34:34","modified_gmt":"2025-08-17T17:34:34","slug":"christophe-mourthe-1986","status":"publish","type":"page","link":"https:\/\/mig.mylene.net\/galeries-photos-mylene-farmer\/christophe-mourthe-1986","title":{"rendered":"Myl\u00e8ne Farmer &#8211; Photographe Christophe Mourth\u00e9 &#8211; 1986"},"content":{"rendered":"<p>ngg_shortcode_0_placeholder<br \/>\nngg_shortcode_1_placeholder<br \/>\nngg_shortcode_2_placeholder<br \/>\nngg_shortcode_3_placeholder<\/p>\n<div class=\"galerie_description\">\n<div class=\"galerie_description_table\">\n<div class=\"galerie_description_line\">\n<div class=\"title themecolored\">Photographe<\/div>\n<div class=\"content\">Christophe Mourth\u00e9<\/div>\n<\/div>\n<div class=\"galerie_description_line\">\n<div class=\"title themecolored\">Date<\/div>\n<div class=\"content\">1986<\/div>\n<\/div>\n<div class=\"galerie_description_line\">\n<div class=\"title themecolored\">Lieu<\/div>\n<div class=\"content\">Paris, France<\/div>\n<\/div>\n<\/div>\n<\/div>\n<p>&nbsp;<\/p>\n<div class=\"galerie_description_fullline with_border\">\n<p>Premi\u00e8re s\u00e9ance photo de Myl\u00e8ne avec le photographe Christophe Mourth\u00e9.<br \/>\nS\u00e9ance exploit\u00e9e pour la presse.<br \/>\nPremi\u00e8re publication connue dans le magazine \u00ab\u00a0Cool\u00a0\u00bb en octobre 1986.<\/p>\n<\/div>\n","protected":false},"excerpt":{"rendered":"<p>Photographe Christophe Mourth\u00e9 Date 1986 Lieu Paris, France &nbsp; Premi\u00e8re s\u00e9ance photo de Myl\u00e8ne avec le photographe Christophe Mourth\u00e9. S\u00e9ance exploit\u00e9e pour la presse. Premi\u00e8re publication connue dans le magazine \u00ab\u00a0Cool\u00a0\u00bb en octobre 1986.<\/p>\n","protected":false},"author":2,"featured_media":0,"parent":0,"menu_order":0,"comment_status":"closed","ping_status":"closed","template":"","meta":{"_acf_changed":false,"ngg_post_thumbnail":0,"footnotes":""},"class_list":["post-1918","page","type-page","status-publish","hentry"],"acf":[],"_links":{"self":[{"href":"https:\/\/mig.mylene.net\/galeries-photos-mylene-farmer\/wp-json\/wp\/v2\/pages\/1918","targetHints":{"allow":["GET"]}}],"collection":[{"href":"https:\/\/mig.mylene.net\/galeries-photos-mylene-farmer\/wp-json\/wp\/v2\/pages"}],"about":[{"href":"https:\/\/mig.mylene.net\/galeries-photos-mylene-farmer\/wp-json\/wp\/v2\/types\/page"}],"author":[{"embeddable":true,"href":"https:\/\/mig.mylene.net\/galeries-photos-mylene-farmer\/wp-json\/wp\/v2\/users\/2"}],"replies":[{"embeddable":true,"href":"https:\/\/mig.mylene.net\/galeries-photos-mylene-farmer\/wp-json\/wp\/v2\/comments?post=1918"}],"version-history":[{"count":2,"href":"https:\/\/mig.mylene.net\/galeries-photos-mylene-farmer\/wp-json\/wp\/v2\/pages\/1918\/revisions"}],"predecessor-version":[{"id":24955,"href":"https:\/\/mig.mylene.net\/galeries-photos-mylene-farmer\/wp-json\/wp\/v2\/pages\/1918\/revisions\/24955"}],"wp:attachment":[{"href":"https:\/\/mig.mylene.net\/galeries-photos-mylene-farmer\/wp-json\/wp\/v2\/media?parent=1918"}],"curies":[{"name":"wp","href":"https:\/\/api.w.org\/{rel}","templated":true}]}}